{"id":742,"date":"2022-11-26T10:49:58","date_gmt":"2022-11-26T10:49:58","guid":{"rendered":"https:\/\/cacms-cafmc.ca\/documents-ressources\/accreditation-issues-related-to-distance-learning\/"},"modified":"2023-04-03T09:54:44","modified_gmt":"2023-04-03T09:54:44","slug":"cacms-101-en-cours-de-traduction","status":"publish","type":"page","link":"https:\/\/cacms-cafmc.ca\/fr\/documents-ressources\/cacms-101-en-cours-de-traduction\/","title":{"rendered":"CAFMC 101 : Notions \u00e9l\u00e9mentaires sur l&rsquo;agr\u00e9ment des programmes canadiens de doctorat en m\u00e9decine"},"content":{"rendered":"<div class=\"wpb-content-wrapper\"><p>[vc_row][vc_column][vc_btn title=\u00a0\u00bbCAFMC 101 : Notions \u00e9l\u00e9mentaires sur l&rsquo;agr\u00e9ment des programmes canadiens de doctorat en m\u00e9decine\u00a0\u00bb i_icon_fontawesome=\u00a0\u00bbfar fa-file-pdf\u00a0\u00bb add_icon=\u00a0\u00bbtrue\u00a0\u00bb link=\u00a0\u00bburl:https%3A%2F%2Fcacms-cafmc.ca%2Fwp-content%2Fuploads%2F2023%2F04%2FCAFMC-101-Notions-elementaires-sur-lagrement.pdf\u00a0\u00bb][\/vc_column][\/vc_row]<\/p>\n<\/div>","protected":false},"excerpt":{"rendered":"<p>[vc_row][vc_column][vc_btn title=\u00a0\u00bbCAFMC 101 : Notions \u00e9l\u00e9mentaires sur l&rsquo;agr\u00e9ment des programmes canadiens de doctorat en m\u00e9decine\u00a0\u00bb i_icon_fontawesome=\u00a0\u00bbfar fa-file-pdf\u00a0\u00bb add_icon=\u00a0\u00bbtrue\u00a0\u00bb link=\u00a0\u00bburl:https%3A%2F%2Fcacms-cafmc.ca%2Fwp-content%2Fuploads%2F2023%2F04%2FCAFMC-101-Notions-elementaires-sur-lagrement.pdf\u00a0\u00bb][\/vc_column][\/vc_row]<\/p>\n","protected":false},"author":7,"featured_media":0,"parent":537,"menu_order":0,"comment_status":"closed","ping_status":"closed","template":"page-templates\/page-subpage.php","meta":{"_acf_changed":false,"footnotes":""},"class_list":["post-742","page","type-page","status-publish","hentry"],"acf":[],"yoast_head":"<!-- This site is optimized with the Yoast SEO plugin v26.2 - https:\/\/yoast.com\/wordpress\/plugins\/seo\/ -->\n<title>CAFMC 101 : Notions \u00e9l\u00e9mentaires sur l&#039;agr\u00e9ment des programmes canadiens de doctorat en m\u00e9decine - CACMS | CAFMC<\/title>\n<meta name=\"robots\" content=\"index, follow, max-snippet:-1, max-image-preview:large, max-video-preview:-1\" \/>\n<link rel=\"canonical\" href=\"https:\/\/cacms-cafmc.ca\/fr\/documents-ressources\/cacms-101-en-cours-de-traduction\/\" \/>\n<meta property=\"og:locale\" content=\"fr_FR\" \/>\n<meta property=\"og:type\" content=\"article\" \/>\n<meta property=\"og:title\" content=\"CAFMC 101 : Notions \u00e9l\u00e9mentaires sur l&#039;agr\u00e9ment des programmes canadiens de doctorat en m\u00e9decine - CACMS | CAFMC\" \/>\n<meta property=\"og:description\" content=\"[vc_row][vc_column][vc_btn title=\u00a0\u00bbCAFMC 101 : Notions \u00e9l\u00e9mentaires sur l&rsquo;agr\u00e9ment des programmes canadiens de doctorat en m\u00e9decine\u00a0\u00bb i_icon_fontawesome=\u00a0\u00bbfar fa-file-pdf\u00a0\u00bb add_icon=\u00a0\u00bbtrue\u00a0\u00bb link=\u00a0\u00bburl:https%3A%2F%2Fcacms-cafmc.ca%2Fwp-content%2Fuploads%2F2023%2F04%2FCAFMC-101-Notions-elementaires-sur-lagrement.pdf\u00a0\u00bb][\/vc_column][\/vc_row]\" \/>\n<meta property=\"og:url\" content=\"https:\/\/cacms-cafmc.ca\/fr\/documents-ressources\/cacms-101-en-cours-de-traduction\/\" \/>\n<meta property=\"og:site_name\" content=\"CACMS | CAFMC\" \/>\n<meta property=\"article:modified_time\" content=\"2023-04-03T09:54:44+00:00\" \/>\n<meta name=\"twitter:card\" content=\"summary_large_image\" \/>\n<meta name=\"twitter:label1\" content=\"Dur\u00e9e de lecture estim\u00e9e\" \/>\n\t<meta name=\"twitter:data1\" content=\"1 minute\" \/>\n<script type=\"application\/ld+json\" class=\"yoast-schema-graph\">{\"@context\":\"https:\/\/schema.org\",\"@graph\":[{\"@type\":\"WebPage\",\"@id\":\"https:\/\/cacms-cafmc.ca\/fr\/documents-ressources\/cacms-101-en-cours-de-traduction\/\",\"url\":\"https:\/\/cacms-cafmc.ca\/fr\/documents-ressources\/cacms-101-en-cours-de-traduction\/\",\"name\":\"CAFMC 101 : Notions \u00e9l\u00e9mentaires sur l'agr\u00e9ment des programmes canadiens de doctorat en m\u00e9decine - CACMS | CAFMC\",\"isPartOf\":{\"@id\":\"https:\/\/cacms-cafmc.ca\/#website\"},\"datePublished\":\"2022-11-26T10:49:58+00:00\",\"dateModified\":\"2023-04-03T09:54:44+00:00\",\"breadcrumb\":{\"@id\":\"https:\/\/cacms-cafmc.ca\/fr\/documents-ressources\/cacms-101-en-cours-de-traduction\/#breadcrumb\"},\"inLanguage\":\"fr-FR\",\"potentialAction\":[{\"@type\":\"ReadAction\",\"target\":[\"https:\/\/cacms-cafmc.ca\/fr\/documents-ressources\/cacms-101-en-cours-de-traduction\/\"]}]},{\"@type\":\"BreadcrumbList\",\"@id\":\"https:\/\/cacms-cafmc.ca\/fr\/documents-ressources\/cacms-101-en-cours-de-traduction\/#breadcrumb\",\"itemListElement\":[{\"@type\":\"ListItem\",\"position\":1,\"name\":\"Home\",\"item\":\"https:\/\/cacms-cafmc.ca\/fr\/\"},{\"@type\":\"ListItem\",\"position\":2,\"name\":\"Document ressource\",\"item\":\"https:\/\/cacms-cafmc.ca\/fr\/documents-ressources\/\"},{\"@type\":\"ListItem\",\"position\":3,\"name\":\"CAFMC 101 : Notions \u00e9l\u00e9mentaires sur l&#8217;agr\u00e9ment des programmes canadiens de doctorat en m\u00e9decine\"}]},{\"@type\":\"WebSite\",\"@id\":\"https:\/\/cacms-cafmc.ca\/#website\",\"url\":\"https:\/\/cacms-cafmc.ca\/\",\"name\":\"CACMS | CAFMC\",\"description\":\"\",\"potentialAction\":[{\"@type\":\"SearchAction\",\"target\":{\"@type\":\"EntryPoint\",\"urlTemplate\":\"https:\/\/cacms-cafmc.ca\/?s={search_term_string}\"},\"query-input\":{\"@type\":\"PropertyValueSpecification\",\"valueRequired\":true,\"valueName\":\"search_term_string\"}}],\"inLanguage\":\"fr-FR\"}]}<\/script>\n<!-- \/ Yoast SEO plugin. -->","yoast_head_json":{"title":"CAFMC 101 : Notions \u00e9l\u00e9mentaires sur l'agr\u00e9ment des programmes canadiens de doctorat en m\u00e9decine - CACMS | CAFMC","robots":{"index":"index","follow":"follow","max-snippet":"max-snippet:-1","max-image-preview":"max-image-preview:large","max-video-preview":"max-video-preview:-1"},"canonical":"https:\/\/cacms-cafmc.ca\/fr\/documents-ressources\/cacms-101-en-cours-de-traduction\/","og_locale":"fr_FR","og_type":"article","og_title":"CAFMC 101 : Notions \u00e9l\u00e9mentaires sur l'agr\u00e9ment des programmes canadiens de doctorat en m\u00e9decine - CACMS | CAFMC","og_description":"[vc_row][vc_column][vc_btn title=\u00a0\u00bbCAFMC 101 : Notions \u00e9l\u00e9mentaires sur l&rsquo;agr\u00e9ment des programmes canadiens de doctorat en m\u00e9decine\u00a0\u00bb i_icon_fontawesome=\u00a0\u00bbfar fa-file-pdf\u00a0\u00bb add_icon=\u00a0\u00bbtrue\u00a0\u00bb link=\u00a0\u00bburl:https%3A%2F%2Fcacms-cafmc.ca%2Fwp-content%2Fuploads%2F2023%2F04%2FCAFMC-101-Notions-elementaires-sur-lagrement.pdf\u00a0\u00bb][\/vc_column][\/vc_row]","og_url":"https:\/\/cacms-cafmc.ca\/fr\/documents-ressources\/cacms-101-en-cours-de-traduction\/","og_site_name":"CACMS | CAFMC","article_modified_time":"2023-04-03T09:54:44+00:00","twitter_card":"summary_large_image","twitter_misc":{"Dur\u00e9e de lecture estim\u00e9e":"1 minute"},"schema":{"@context":"https:\/\/schema.org","@graph":[{"@type":"WebPage","@id":"https:\/\/cacms-cafmc.ca\/fr\/documents-ressources\/cacms-101-en-cours-de-traduction\/","url":"https:\/\/cacms-cafmc.ca\/fr\/documents-ressources\/cacms-101-en-cours-de-traduction\/","name":"CAFMC 101 : Notions \u00e9l\u00e9mentaires sur l'agr\u00e9ment des programmes canadiens de doctorat en m\u00e9decine - CACMS | CAFMC","isPartOf":{"@id":"https:\/\/cacms-cafmc.ca\/#website"},"datePublished":"2022-11-26T10:49:58+00:00","dateModified":"2023-04-03T09:54:44+00:00","breadcrumb":{"@id":"https:\/\/cacms-cafmc.ca\/fr\/documents-ressources\/cacms-101-en-cours-de-traduction\/#breadcrumb"},"inLanguage":"fr-FR","potentialAction":[{"@type":"ReadAction","target":["https:\/\/cacms-cafmc.ca\/fr\/documents-ressources\/cacms-101-en-cours-de-traduction\/"]}]},{"@type":"BreadcrumbList","@id":"https:\/\/cacms-cafmc.ca\/fr\/documents-ressources\/cacms-101-en-cours-de-traduction\/#breadcrumb","itemListElement":[{"@type":"ListItem","position":1,"name":"Home","item":"https:\/\/cacms-cafmc.ca\/fr\/"},{"@type":"ListItem","position":2,"name":"Document ressource","item":"https:\/\/cacms-cafmc.ca\/fr\/documents-ressources\/"},{"@type":"ListItem","position":3,"name":"CAFMC 101 : Notions \u00e9l\u00e9mentaires sur l&#8217;agr\u00e9ment des programmes canadiens de doctorat en m\u00e9decine"}]},{"@type":"WebSite","@id":"https:\/\/cacms-cafmc.ca\/#website","url":"https:\/\/cacms-cafmc.ca\/","name":"CACMS | CAFMC","description":"","potentialAction":[{"@type":"SearchAction","target":{"@type":"EntryPoint","urlTemplate":"https:\/\/cacms-cafmc.ca\/?s={search_term_string}"},"query-input":{"@type":"PropertyValueSpecification","valueRequired":true,"valueName":"search_term_string"}}],"inLanguage":"fr-FR"}]}},"_links":{"self":[{"href":"https:\/\/cacms-cafmc.ca\/fr\/wp-json\/wp\/v2\/pages\/742","targetHints":{"allow":["GET"]}}],"collection":[{"href":"https:\/\/cacms-cafmc.ca\/fr\/wp-json\/wp\/v2\/pages"}],"about":[{"href":"https:\/\/cacms-cafmc.ca\/fr\/wp-json\/wp\/v2\/types\/page"}],"author":[{"embeddable":true,"href":"https:\/\/cacms-cafmc.ca\/fr\/wp-json\/wp\/v2\/users\/7"}],"replies":[{"embeddable":true,"href":"https:\/\/cacms-cafmc.ca\/fr\/wp-json\/wp\/v2\/comments?post=742"}],"version-history":[{"count":5,"href":"https:\/\/cacms-cafmc.ca\/fr\/wp-json\/wp\/v2\/pages\/742\/revisions"}],"predecessor-version":[{"id":1383,"href":"https:\/\/cacms-cafmc.ca\/fr\/wp-json\/wp\/v2\/pages\/742\/revisions\/1383"}],"up":[{"embeddable":true,"href":"https:\/\/cacms-cafmc.ca\/fr\/wp-json\/wp\/v2\/pages\/537"}],"wp:attachment":[{"href":"https:\/\/cacms-cafmc.ca\/fr\/wp-json\/wp\/v2\/media?parent=742"}],"curies":[{"name":"wp","href":"https:\/\/api.w.org\/{rel}","templated":true}]}}