{"id":60,"date":"2022-11-17T13:01:45","date_gmt":"2022-11-17T13:01:45","guid":{"rendered":"https:\/\/cacms-cafmc.ca\/homepage\/"},"modified":"2026-01-28T17:09:26","modified_gmt":"2026-01-28T17:09:26","slug":"homepage","status":"publish","type":"page","link":"https:\/\/cacms-cafmc.ca\/fr\/","title":{"rendered":"Homepage"},"content":{"rendered":"<div class=\"wpb-content-wrapper\"><p>[vc_row][vc_column width=\u00a0\u00bb1\/3&Prime;][vc_column_text]<\/p>\n<h2 class=\"h4\">AGR\u00c9MENT<\/h2>\n<p>L\u2019agr\u00e9ment est un processus en vertu duquel les \u00e9tablissements et les programmes d\u00e9cident volontairement de subir une \u00e9valuation exhaustive par des pairs relativement \u00e0 leur conformit\u00e9 aux normes reconnues de qualit\u00e9 de l\u2019enseignement. Par l\u2019agr\u00e9ment, le CAFMC procure aux \u00e9tudiants en m\u00e9decine, aux dipl\u00f4m\u00e9s, aux membres de la profession m\u00e9dicale, aux \u00e9tablissements de sant\u00e9, aux autorit\u00e9s sanitaires, aux autorit\u00e9s r\u00e9glementaires et au grand public l\u2019assurance que :<\/p>\n<ol class=\"mt-0 pt-0\">\n<li>les programmes \u00e9ducatifs menant \u00e0 l\u2019obtention du dipl\u00f4me de MD satisfont \u00e0 des normes nationales raisonnables, g\u00e9n\u00e9ralement reconnues et appropri\u00e9es sur le plan de la qualit\u00e9 de l\u2019enseignement;<\/li>\n<li>les dipl\u00f4m\u00e9s de ces programmes ont une exp\u00e9rience \u00e9ducative compl\u00e8te et valide suffisante pour les pr\u00e9parer \u00e0 la prochaine \u00e9tape de leur formation.<\/li>\n<\/ol>\n<p>[\/vc_column_text][\/vc_column][vc_column width=\u00a0\u00bb1\/3&Prime;][vc_column_text]<\/p>\n<h2 class=\"h4\">SURVOL DU PROCESSUS (7 \u00c9TAPES)<\/h2>\n<ol class=\"number-circle-list\">\n<li class=\"number-circle-list--list-item\">PLANIFICATION DE LA VISITE<\/li>\n<li class=\"number-circle-list--list-item\">COLLECTIONS DES DONN\u00c9ES<\/li>\n<li class=\"number-circle-list--list-item\">AUTO-\u00c9TUDE DE LA FACULT\u00c9 DE M\u00c9DECINE<\/li>\n<li class=\"number-circle-list--list-item\">SOUMISSION DES DOCUMENTS<\/li>\n<li class=\"number-circle-list--list-item\">VISITE SUR LES LIEUX<\/li>\n<li class=\"number-circle-list--list-item\">RAPPORT DE LA VISITE<\/li>\n<li class=\"number-circle-list--list-item\">D\u00c9CISIONS ET SUIVIS<\/li>\n<\/ol>\n<p>[\/vc_column_text][\/vc_column][vc_column width=\u00a0\u00bb1\/3&Prime;][vc_column_text css=\u00a0\u00bb\u00a0\u00bb]<\/p>\n<h2 class=\"h4\">Nouvelles et \u00e9v\u00e9nements du CAFMC<\/h2>\n<p><a href=\"https:\/\/cacms-cafmc.ca\/fr\/publication-prevue-de-linstrument-de-collecte-de-donnees-icd-du-cafmc-pour-les-facultes-dont-la-visite-est-prevue-en-au-2027-2028\/\"><strong><span style=\"color: #5b9bd5;\">Publication Pr\u00e9vue de l&rsquo;instrument de collecte de Donn\u00e9es (ICD) du CAFMC pour les Facult\u00e9s dont la Visite est Pr\u00e9vue en AU 2027-2028<\/span><\/strong><\/a><\/p>\n<p><strong><span style=\"color: #5b9bd5;\"><a style=\"color: #5b9bd5;\" href=\"https:\/\/cacms-cafmc.ca\/fr\/audience-et-consultation-publiques-du-cafmc-2026\/\">Audience et Consultation Publiques du CAFMC 2026<\/a><\/span><\/strong><\/p>\n<p><a href=\"https:\/\/cacms-cafmc.ca\/fr\/le-cafmc-reconnu-par-la-federation-mondiale-pour-leducation-medicale-wfme\/\"><strong><span style=\"color: #5b9bd5;\">Le CAFMC Reconnu par la F\u00e9d\u00e9ration Mondiale pour l&rsquo;\u00c9ducation M\u00e9dicale (WFME) <\/span><\/strong><\/a>[\/vc_column_text][\/vc_column][\/vc_row][vc_row][vc_column][vc_column_text]<\/p>\n<h2 class=\"h4\">En savoir plus\u2026<\/h2>\n<p>Pour en savoir plus sur l\u2019agr\u00e9ment, en plus de la page <a href=\"https:\/\/cacms-cafmc.ca\/fr\/a-propos-de-cafmc\/\">\u00c0 propos du CAFMC<\/a>, le secr\u00e9tariat du CAFMC a pr\u00e9par\u00e9 un recueil de donn\u00e9es sommaires sur l\u2019agr\u00e9ment des facult\u00e9s de m\u00e9decine au Canada (CAFMC 101 : Notions \u00e9l\u00e9mentaires sur l\u2019agr\u00e9ment des programmes canadiens de doctorat en m\u00e9decine)[\/vc_column_text][vc_btn title=\u00a0\u00bbCAFMC 101 : Notions \u00e9l\u00e9mentaires sur l&rsquo;agr\u00e9ment des programmes canadiens de doctorat en m\u00e9decine\u00a0\u00bb i_icon_fontawesome=\u00a0\u00bbfar fa-file-pdf\u00a0\u00bb add_icon=\u00a0\u00bbtrue\u00a0\u00bb link=\u00a0\u00bburl:https%3A%2F%2Fcacms-cafmc.ca%2Fwp-content%2Fuploads%2F2023%2F04%2FCAFMC-101-Notions-elementaires-sur-lagrement.pdf\u00a0\u00bb][\/vc_column][\/vc_row]<\/p>\n<\/div>","protected":false},"excerpt":{"rendered":"<p>[vc_row][vc_column width=\u00a0\u00bb1\/3&Prime;][vc_column_text] AGR\u00c9MENT L\u2019agr\u00e9ment est un processus en vertu duquel les \u00e9tablissements et les programmes d\u00e9cident volontairement de subir une \u00e9valuation exhaustive par des pairs relativement \u00e0 leur conformit\u00e9 aux normes reconnues de qualit\u00e9 de l\u2019enseignement. Par l\u2019agr\u00e9ment, le CAFMC procure aux \u00e9tudiants en m\u00e9decine, aux dipl\u00f4m\u00e9s, aux membres de la profession m\u00e9dicale, aux \u00e9tablissements [&hellip;]<\/p>\n","protected":false},"author":7,"featured_media":0,"parent":0,"menu_order":0,"comment_status":"closed","ping_status":"closed","template":"page-templates\/page-homepage.php","meta":{"_acf_changed":false,"footnotes":""},"class_list":["post-60","page","type-page","status-publish","hentry"],"acf":[],"yoast_head":"<!-- This site is optimized with the Yoast SEO plugin v27.6 - https:\/\/yoast.com\/product\/yoast-seo-wordpress\/ -->\n<title>Homepage - CACMS | CAFMC<\/title>\n<meta name=\"robots\" content=\"index, follow, max-snippet:-1, max-image-preview:large, max-video-preview:-1\" \/>\n<link rel=\"canonical\" href=\"https:\/\/cacms-cafmc.ca\/fr\/\" \/>\n<meta property=\"og:locale\" content=\"fr_FR\" \/>\n<meta property=\"og:type\" content=\"article\" \/>\n<meta property=\"og:title\" content=\"Homepage - CACMS | CAFMC\" \/>\n<meta property=\"og:description\" content=\"[vc_row][vc_column width=\u00a0\u00bb1\/3&Prime;][vc_column_text] AGR\u00c9MENT L\u2019agr\u00e9ment est un processus en vertu duquel les \u00e9tablissements et les programmes d\u00e9cident volontairement de subir une \u00e9valuation exhaustive par des pairs relativement \u00e0 leur conformit\u00e9 aux normes reconnues de qualit\u00e9 de l\u2019enseignement. Par l\u2019agr\u00e9ment, le CAFMC procure aux \u00e9tudiants en m\u00e9decine, aux dipl\u00f4m\u00e9s, aux membres de la profession m\u00e9dicale, aux \u00e9tablissements [&hellip;]\" \/>\n<meta property=\"og:url\" content=\"https:\/\/cacms-cafmc.ca\/fr\/\" \/>\n<meta property=\"og:site_name\" content=\"CACMS | CAFMC\" \/>\n<meta property=\"article:modified_time\" content=\"2026-01-28T17:09:26+00:00\" \/>\n<meta name=\"twitter:card\" content=\"summary_large_image\" \/>\n<meta name=\"twitter:label1\" content=\"Dur\u00e9e de lecture estim\u00e9e\" \/>\n\t<meta name=\"twitter:data1\" content=\"2 minutes\" \/>\n<script type=\"application\/ld+json\" class=\"yoast-schema-graph\">{\"@context\":\"https:\\\/\\\/schema.org\",\"@graph\":[{\"@type\":\"WebPage\",\"@id\":\"https:\\\/\\\/cacms-cafmc.ca\\\/fr\\\/\",\"url\":\"https:\\\/\\\/cacms-cafmc.ca\\\/fr\\\/\",\"name\":\"Homepage - CACMS | CAFMC\",\"isPartOf\":{\"@id\":\"https:\\\/\\\/cacms-cafmc.ca\\\/#website\"},\"datePublished\":\"2022-11-17T13:01:45+00:00\",\"dateModified\":\"2026-01-28T17:09:26+00:00\",\"breadcrumb\":{\"@id\":\"https:\\\/\\\/cacms-cafmc.ca\\\/fr\\\/#breadcrumb\"},\"inLanguage\":\"fr-FR\",\"potentialAction\":[{\"@type\":\"ReadAction\",\"target\":[\"https:\\\/\\\/cacms-cafmc.ca\\\/fr\\\/\"]}]},{\"@type\":\"BreadcrumbList\",\"@id\":\"https:\\\/\\\/cacms-cafmc.ca\\\/fr\\\/#breadcrumb\",\"itemListElement\":[{\"@type\":\"ListItem\",\"position\":1,\"name\":\"Home\",\"item\":\"https:\\\/\\\/cacms-cafmc.ca\\\/fr\\\/\"},{\"@type\":\"ListItem\",\"position\":2,\"name\":\"Homepage\"}]},{\"@type\":\"WebSite\",\"@id\":\"https:\\\/\\\/cacms-cafmc.ca\\\/#website\",\"url\":\"https:\\\/\\\/cacms-cafmc.ca\\\/\",\"name\":\"CACMS | CAFMC\",\"description\":\"\",\"potentialAction\":[{\"@type\":\"SearchAction\",\"target\":{\"@type\":\"EntryPoint\",\"urlTemplate\":\"https:\\\/\\\/cacms-cafmc.ca\\\/?s={search_term_string}\"},\"query-input\":{\"@type\":\"PropertyValueSpecification\",\"valueRequired\":true,\"valueName\":\"search_term_string\"}}],\"inLanguage\":\"fr-FR\"}]}<\/script>\n<!-- \/ Yoast SEO plugin. -->","yoast_head_json":{"title":"Homepage - CACMS | CAFMC","robots":{"index":"index","follow":"follow","max-snippet":"max-snippet:-1","max-image-preview":"max-image-preview:large","max-video-preview":"max-video-preview:-1"},"canonical":"https:\/\/cacms-cafmc.ca\/fr\/","og_locale":"fr_FR","og_type":"article","og_title":"Homepage - CACMS | CAFMC","og_description":"[vc_row][vc_column width=\u00a0\u00bb1\/3&Prime;][vc_column_text] AGR\u00c9MENT L\u2019agr\u00e9ment est un processus en vertu duquel les \u00e9tablissements et les programmes d\u00e9cident volontairement de subir une \u00e9valuation exhaustive par des pairs relativement \u00e0 leur conformit\u00e9 aux normes reconnues de qualit\u00e9 de l\u2019enseignement. Par l\u2019agr\u00e9ment, le CAFMC procure aux \u00e9tudiants en m\u00e9decine, aux dipl\u00f4m\u00e9s, aux membres de la profession m\u00e9dicale, aux \u00e9tablissements [&hellip;]","og_url":"https:\/\/cacms-cafmc.ca\/fr\/","og_site_name":"CACMS | CAFMC","article_modified_time":"2026-01-28T17:09:26+00:00","twitter_card":"summary_large_image","twitter_misc":{"Dur\u00e9e de lecture estim\u00e9e":"2 minutes"},"schema":{"@context":"https:\/\/schema.org","@graph":[{"@type":"WebPage","@id":"https:\/\/cacms-cafmc.ca\/fr\/","url":"https:\/\/cacms-cafmc.ca\/fr\/","name":"Homepage - CACMS | CAFMC","isPartOf":{"@id":"https:\/\/cacms-cafmc.ca\/#website"},"datePublished":"2022-11-17T13:01:45+00:00","dateModified":"2026-01-28T17:09:26+00:00","breadcrumb":{"@id":"https:\/\/cacms-cafmc.ca\/fr\/#breadcrumb"},"inLanguage":"fr-FR","potentialAction":[{"@type":"ReadAction","target":["https:\/\/cacms-cafmc.ca\/fr\/"]}]},{"@type":"BreadcrumbList","@id":"https:\/\/cacms-cafmc.ca\/fr\/#breadcrumb","itemListElement":[{"@type":"ListItem","position":1,"name":"Home","item":"https:\/\/cacms-cafmc.ca\/fr\/"},{"@type":"ListItem","position":2,"name":"Homepage"}]},{"@type":"WebSite","@id":"https:\/\/cacms-cafmc.ca\/#website","url":"https:\/\/cacms-cafmc.ca\/","name":"CACMS | CAFMC","description":"","potentialAction":[{"@type":"SearchAction","target":{"@type":"EntryPoint","urlTemplate":"https:\/\/cacms-cafmc.ca\/?s={search_term_string}"},"query-input":{"@type":"PropertyValueSpecification","valueRequired":true,"valueName":"search_term_string"}}],"inLanguage":"fr-FR"}]}},"_links":{"self":[{"href":"https:\/\/cacms-cafmc.ca\/fr\/wp-json\/wp\/v2\/pages\/60","targetHints":{"allow":["GET"]}}],"collection":[{"href":"https:\/\/cacms-cafmc.ca\/fr\/wp-json\/wp\/v2\/pages"}],"about":[{"href":"https:\/\/cacms-cafmc.ca\/fr\/wp-json\/wp\/v2\/types\/page"}],"author":[{"embeddable":true,"href":"https:\/\/cacms-cafmc.ca\/fr\/wp-json\/wp\/v2\/users\/7"}],"replies":[{"embeddable":true,"href":"https:\/\/cacms-cafmc.ca\/fr\/wp-json\/wp\/v2\/comments?post=60"}],"version-history":[{"count":35,"href":"https:\/\/cacms-cafmc.ca\/fr\/wp-json\/wp\/v2\/pages\/60\/revisions"}],"predecessor-version":[{"id":3002,"href":"https:\/\/cacms-cafmc.ca\/fr\/wp-json\/wp\/v2\/pages\/60\/revisions\/3002"}],"wp:attachment":[{"href":"https:\/\/cacms-cafmc.ca\/fr\/wp-json\/wp\/v2\/media?parent=60"}],"curies":[{"name":"wp","href":"https:\/\/api.w.org\/{rel}","templated":true}]}}