{"id":537,"date":"2022-11-17T18:14:26","date_gmt":"2022-11-17T18:14:26","guid":{"rendered":"https:\/\/cacms-cafmc.ca\/resource-documents\/"},"modified":"2025-10-24T13:40:32","modified_gmt":"2025-10-24T13:40:32","slug":"documents-ressources","status":"publish","type":"page","link":"https:\/\/cacms-cafmc.ca\/fr\/documents-ressources\/","title":{"rendered":"Document ressource"},"content":{"rendered":"<div class=\"wpb-content-wrapper\"><p>[vc_row][vc_column][vc_column_text css=\u00a0\u00bb\u00a0\u00bb]Le secr\u00e9tariat du CAFMC a pr\u00e9par\u00e9 :<\/p>\n<ul>\n<li>un recueil de donn\u00e9es sommaires sur l\u2019agr\u00e9ment des facult\u00e9s de m\u00e9decine au Canada (CAFMC 101 : Notions \u00e9l\u00e9mentaires sur l&rsquo;agr\u00e9ment des programmes canadiens de doctorat en m\u00e9decine).<\/li>\n<\/ul>\n<p>[\/vc_column_text][\/vc_column][\/vc_row][vc_row][vc_column][vc_btn title=\u00a0\u00bbCAFMC 101 : Notions \u00e9l\u00e9mentaires sur l&rsquo;agr\u00e9ment des programmes canadiens de doctorat en m\u00e9decine\u00a0\u00bb i_icon_fontawesome=\u00a0\u00bbfa fa-solid fa-file-pdf\u00a0\u00bb css=\u00a0\u00bb\u00a0\u00bb add_icon=\u00a0\u00bbtrue\u00a0\u00bb link=\u00a0\u00bburl:https%3A%2F%2Fcacms-cafmc.ca%2Fwp-content%2Fuploads%2F2023%2F04%2FCAFMC-101-Notions-elementaires-sur-lagrement.pdf|title:CAFMC%20101%20%3A%20Notions%20%C3%A9l%C3%A9mentaires%20sur%20l%E2%80%99agr%C3%A9ment%20des%20programmes%20canadiens%20de%20doctorat%20en%20m%C3%A9decine\u00a0\u00bb][\/vc_column][\/vc_row]<\/p>\n<\/div>","protected":false},"excerpt":{"rendered":"<p>[vc_row][vc_column][vc_column_text css=\u00a0\u00bb\u00a0\u00bb]Le secr\u00e9tariat du CAFMC a pr\u00e9par\u00e9 : un recueil de donn\u00e9es sommaires sur l\u2019agr\u00e9ment des facult\u00e9s de m\u00e9decine au Canada (CAFMC 101 : Notions \u00e9l\u00e9mentaires sur l&rsquo;agr\u00e9ment des programmes canadiens de doctorat en m\u00e9decine). [\/vc_column_text][\/vc_column][\/vc_row][vc_row][vc_column][vc_btn title=\u00a0\u00bbCAFMC 101 : Notions \u00e9l\u00e9mentaires sur l&rsquo;agr\u00e9ment des programmes canadiens de doctorat en m\u00e9decine\u00a0\u00bb i_icon_fontawesome=\u00a0\u00bbfa fa-solid fa-file-pdf\u00a0\u00bb css=\u00a0\u00bb\u00a0\u00bb add_icon=\u00a0\u00bbtrue\u00a0\u00bb [&hellip;]<\/p>\n","protected":false},"author":7,"featured_media":0,"parent":0,"menu_order":0,"comment_status":"closed","ping_status":"closed","template":"page-templates\/page-subpage.php","meta":{"_acf_changed":false,"footnotes":""},"class_list":["post-537","page","type-page","status-publish","hentry"],"acf":[],"yoast_head":"<!-- This site is optimized with the Yoast SEO plugin v26.2 - https:\/\/yoast.com\/wordpress\/plugins\/seo\/ -->\n<title>Document ressource - CACMS | CAFMC<\/title>\n<meta name=\"robots\" content=\"index, follow, max-snippet:-1, max-image-preview:large, max-video-preview:-1\" \/>\n<link rel=\"canonical\" href=\"https:\/\/cacms-cafmc.ca\/fr\/documents-ressources\/\" \/>\n<meta property=\"og:locale\" content=\"fr_FR\" \/>\n<meta property=\"og:type\" content=\"article\" \/>\n<meta property=\"og:title\" content=\"Document ressource - CACMS | CAFMC\" \/>\n<meta property=\"og:description\" content=\"[vc_row][vc_column][vc_column_text css=\u00a0\u00bb\u00a0\u00bb]Le secr\u00e9tariat du CAFMC a pr\u00e9par\u00e9 : un recueil de donn\u00e9es sommaires sur l\u2019agr\u00e9ment des facult\u00e9s de m\u00e9decine au Canada (CAFMC 101 : Notions \u00e9l\u00e9mentaires sur l&rsquo;agr\u00e9ment des programmes canadiens de doctorat en m\u00e9decine). [\/vc_column_text][\/vc_column][\/vc_row][vc_row][vc_column][vc_btn title=\u00a0\u00bbCAFMC 101 : Notions \u00e9l\u00e9mentaires sur l&rsquo;agr\u00e9ment des programmes canadiens de doctorat en m\u00e9decine\u00a0\u00bb i_icon_fontawesome=\u00a0\u00bbfa fa-solid fa-file-pdf\u00a0\u00bb css=\u00a0\u00bb\u00a0\u00bb add_icon=\u00a0\u00bbtrue\u00a0\u00bb [&hellip;]\" \/>\n<meta property=\"og:url\" content=\"https:\/\/cacms-cafmc.ca\/fr\/documents-ressources\/\" \/>\n<meta property=\"og:site_name\" content=\"CACMS | CAFMC\" \/>\n<meta property=\"article:modified_time\" content=\"2025-10-24T13:40:32+00:00\" \/>\n<meta name=\"twitter:card\" content=\"summary_large_image\" \/>\n<meta name=\"twitter:label1\" content=\"Dur\u00e9e de lecture estim\u00e9e\" \/>\n\t<meta name=\"twitter:data1\" content=\"1 minute\" \/>\n<script type=\"application\/ld+json\" class=\"yoast-schema-graph\">{\"@context\":\"https:\/\/schema.org\",\"@graph\":[{\"@type\":\"WebPage\",\"@id\":\"https:\/\/cacms-cafmc.ca\/fr\/documents-ressources\/\",\"url\":\"https:\/\/cacms-cafmc.ca\/fr\/documents-ressources\/\",\"name\":\"Document ressource - CACMS | CAFMC\",\"isPartOf\":{\"@id\":\"https:\/\/cacms-cafmc.ca\/#website\"},\"datePublished\":\"2022-11-17T18:14:26+00:00\",\"dateModified\":\"2025-10-24T13:40:32+00:00\",\"breadcrumb\":{\"@id\":\"https:\/\/cacms-cafmc.ca\/fr\/documents-ressources\/#breadcrumb\"},\"inLanguage\":\"fr-FR\",\"potentialAction\":[{\"@type\":\"ReadAction\",\"target\":[\"https:\/\/cacms-cafmc.ca\/fr\/documents-ressources\/\"]}]},{\"@type\":\"BreadcrumbList\",\"@id\":\"https:\/\/cacms-cafmc.ca\/fr\/documents-ressources\/#breadcrumb\",\"itemListElement\":[{\"@type\":\"ListItem\",\"position\":1,\"name\":\"Home\",\"item\":\"https:\/\/cacms-cafmc.ca\/fr\/\"},{\"@type\":\"ListItem\",\"position\":2,\"name\":\"Document ressource\"}]},{\"@type\":\"WebSite\",\"@id\":\"https:\/\/cacms-cafmc.ca\/#website\",\"url\":\"https:\/\/cacms-cafmc.ca\/\",\"name\":\"CACMS | CAFMC\",\"description\":\"\",\"potentialAction\":[{\"@type\":\"SearchAction\",\"target\":{\"@type\":\"EntryPoint\",\"urlTemplate\":\"https:\/\/cacms-cafmc.ca\/?s={search_term_string}\"},\"query-input\":{\"@type\":\"PropertyValueSpecification\",\"valueRequired\":true,\"valueName\":\"search_term_string\"}}],\"inLanguage\":\"fr-FR\"}]}<\/script>\n<!-- \/ Yoast SEO plugin. -->","yoast_head_json":{"title":"Document ressource - CACMS | CAFMC","robots":{"index":"index","follow":"follow","max-snippet":"max-snippet:-1","max-image-preview":"max-image-preview:large","max-video-preview":"max-video-preview:-1"},"canonical":"https:\/\/cacms-cafmc.ca\/fr\/documents-ressources\/","og_locale":"fr_FR","og_type":"article","og_title":"Document ressource - CACMS | CAFMC","og_description":"[vc_row][vc_column][vc_column_text css=\u00a0\u00bb\u00a0\u00bb]Le secr\u00e9tariat du CAFMC a pr\u00e9par\u00e9 : un recueil de donn\u00e9es sommaires sur l\u2019agr\u00e9ment des facult\u00e9s de m\u00e9decine au Canada (CAFMC 101 : Notions \u00e9l\u00e9mentaires sur l&rsquo;agr\u00e9ment des programmes canadiens de doctorat en m\u00e9decine). [\/vc_column_text][\/vc_column][\/vc_row][vc_row][vc_column][vc_btn title=\u00a0\u00bbCAFMC 101 : Notions \u00e9l\u00e9mentaires sur l&rsquo;agr\u00e9ment des programmes canadiens de doctorat en m\u00e9decine\u00a0\u00bb i_icon_fontawesome=\u00a0\u00bbfa fa-solid fa-file-pdf\u00a0\u00bb css=\u00a0\u00bb\u00a0\u00bb add_icon=\u00a0\u00bbtrue\u00a0\u00bb [&hellip;]","og_url":"https:\/\/cacms-cafmc.ca\/fr\/documents-ressources\/","og_site_name":"CACMS | CAFMC","article_modified_time":"2025-10-24T13:40:32+00:00","twitter_card":"summary_large_image","twitter_misc":{"Dur\u00e9e de lecture estim\u00e9e":"1 minute"},"schema":{"@context":"https:\/\/schema.org","@graph":[{"@type":"WebPage","@id":"https:\/\/cacms-cafmc.ca\/fr\/documents-ressources\/","url":"https:\/\/cacms-cafmc.ca\/fr\/documents-ressources\/","name":"Document ressource - CACMS | CAFMC","isPartOf":{"@id":"https:\/\/cacms-cafmc.ca\/#website"},"datePublished":"2022-11-17T18:14:26+00:00","dateModified":"2025-10-24T13:40:32+00:00","breadcrumb":{"@id":"https:\/\/cacms-cafmc.ca\/fr\/documents-ressources\/#breadcrumb"},"inLanguage":"fr-FR","potentialAction":[{"@type":"ReadAction","target":["https:\/\/cacms-cafmc.ca\/fr\/documents-ressources\/"]}]},{"@type":"BreadcrumbList","@id":"https:\/\/cacms-cafmc.ca\/fr\/documents-ressources\/#breadcrumb","itemListElement":[{"@type":"ListItem","position":1,"name":"Home","item":"https:\/\/cacms-cafmc.ca\/fr\/"},{"@type":"ListItem","position":2,"name":"Document ressource"}]},{"@type":"WebSite","@id":"https:\/\/cacms-cafmc.ca\/#website","url":"https:\/\/cacms-cafmc.ca\/","name":"CACMS | CAFMC","description":"","potentialAction":[{"@type":"SearchAction","target":{"@type":"EntryPoint","urlTemplate":"https:\/\/cacms-cafmc.ca\/?s={search_term_string}"},"query-input":{"@type":"PropertyValueSpecification","valueRequired":true,"valueName":"search_term_string"}}],"inLanguage":"fr-FR"}]}},"_links":{"self":[{"href":"https:\/\/cacms-cafmc.ca\/fr\/wp-json\/wp\/v2\/pages\/537","targetHints":{"allow":["GET"]}}],"collection":[{"href":"https:\/\/cacms-cafmc.ca\/fr\/wp-json\/wp\/v2\/pages"}],"about":[{"href":"https:\/\/cacms-cafmc.ca\/fr\/wp-json\/wp\/v2\/types\/page"}],"author":[{"embeddable":true,"href":"https:\/\/cacms-cafmc.ca\/fr\/wp-json\/wp\/v2\/users\/7"}],"replies":[{"embeddable":true,"href":"https:\/\/cacms-cafmc.ca\/fr\/wp-json\/wp\/v2\/comments?post=537"}],"version-history":[{"count":9,"href":"https:\/\/cacms-cafmc.ca\/fr\/wp-json\/wp\/v2\/pages\/537\/revisions"}],"predecessor-version":[{"id":2963,"href":"https:\/\/cacms-cafmc.ca\/fr\/wp-json\/wp\/v2\/pages\/537\/revisions\/2963"}],"wp:attachment":[{"href":"https:\/\/cacms-cafmc.ca\/fr\/wp-json\/wp\/v2\/media?parent=537"}],"curies":[{"name":"wp","href":"https:\/\/api.w.org\/{rel}","templated":true}]}}