{"id":531,"date":"2022-12-08T13:46:19","date_gmt":"2022-12-08T13:46:19","guid":{"rendered":"https:\/\/cacms-cafmc.ca\/new-education-programs\/"},"modified":"2023-09-15T13:59:42","modified_gmt":"2023-09-15T13:59:42","slug":"nouveaux-programmes-deducation-medicale-au-canada","status":"publish","type":"page","link":"https:\/\/cacms-cafmc.ca\/fr\/nouveaux-programmes-deducation-medicale-au-canada\/","title":{"rendered":"Nouveaux programmes d&rsquo;\u00e9ducation m\u00e9dicale au canada"},"content":{"rendered":"<div class=\"wpb-content-wrapper\"><p>[vc_row][vc_column][vc_column_text]Les nouveaux programmes d\u00e9sirant obtenir l\u2019agr\u00e9ment du CAFMC doivent communiquer avec le secr\u00e9tariat (cacms@afmc.ca) pour lui faire part des plans pour la cr\u00e9ation un nouveau programme d&rsquo;\u00e9ducation m\u00e9dicale. Le secr\u00e9tariat offrira des conseils et une consultation afin de faciliter l&rsquo;\u00e9laboration ordonn\u00e9e du programme et la pleine compr\u00e9hension du processus et des normes d&rsquo;agr\u00e9ment.<\/p>\n<h3>Dur\u00e9e de la p\u00e9riode d\u2019agr\u00e9ment<\/h3>\n<p>Les nouveaux programmes d\u2019\u00e9ducation m\u00e9dicale quii souhaitent \u00eatre agr\u00e9\u00e9s par le CAFMC sont assujettis \u00e0 un processus de r\u00e9vision progressif jusqu\u2019\u00e0 ce que l\u2019agr\u00e9ment complet soit octroy\u00e9. Lorsqu\u2019un nouveau programme d\u2019\u00e9ducation m\u00e9dicale obtient l\u2019agr\u00e9ment complet, cet \u00e9tat d\u2019agr\u00e9ment sera examin\u00e9 au moyen d&rsquo;une visite d\u2019agr\u00e9ment compl\u00e8te cinq ans apr\u00e8s l&rsquo;octroi initial de l&rsquo;agr\u00e9ment complet.<\/p>\n<h3>Entit\u00e9s admissibles \u00e0 l\u2019agr\u00e9ment du CAFMC<\/h3>\n<p>Le CAFMC n\u2019octroie l\u2019agr\u00e9ment qu\u2019\u00e0 des programmes d\u2019\u00e9ducation m\u00e9dicale complets et ind\u00e9pendants situ\u00e9es au Canada qui m\u00e8nent au doctorat en m\u00e9decine (MD) au Canada.<\/p>\n<h3>Frais li\u00e9s \u00e0 la proc\u00e9dure d\u2019agr\u00e9ment<\/h3>\n<p>Les nouveaux programmes qui cherchent \u00e0 obtenir un agr\u00e9ment pr\u00e9liminaire et les programmes non agr\u00e9\u00e9s qui cherchent \u00e0 obtenir un agr\u00e9ment complet doivent payer des frais de demande (communiquez avec le secr\u00e9tariat du CAFMC pour plus de d\u00e9tails).<\/p>\n<p>Si les programmes ayant obtenu le statut de candidat ne soumettent pas un Instrument de collecte de donn\u00e9es (ICD) et une Auto-\u00e9valuation de planification pour l&rsquo;agr\u00e9ment pr\u00e9liminaire dans les 18 mois suivant l&rsquo;octroi initial du statut de candidat, ce statut devient caduc et le programme doit soumettre \u00e0 nouveau des frais de demande s&rsquo;il souhaite obtenir \u00e0 nouveau le statut de candidat.<\/p>\n<p>Un programme d&rsquo;\u00e9ducation m\u00e9dicale en d\u00e9veloppement ayant obtenu le statut de candidat peut faire l&rsquo;objet d&rsquo;un total de trois examens pour obtenir le statut de candidat. Si le statut de candidat n&rsquo;est pas accord\u00e9 apr\u00e8s la troisi\u00e8me r\u00e9vision, le statut de candidat devient caduc et le programme doit refaire une demande de statut de candidat et soumettre des frais de nouvelle demande. Les programmes en d\u00e9veloppement qui se voient refuser l&rsquo;agr\u00e9ment pr\u00e9liminaire \u00e0 la suite d&rsquo;une visite d&rsquo;agr\u00e9ment et d&rsquo;une action du CAFMC peuvent pr\u00e9senter une nouvelle demande de statut de candidat apr\u00e8s un an et doivent payer des frais de nouvelle demande.<\/p>\n<p>Toutes les d\u00e9penses li\u00e9es aux consultations et aux visites du secr\u00e9tariat du CAFMC seront factur\u00e9es au programme jusqu&rsquo;\u00e0 ce qu&rsquo;il re\u00e7oive le statut d&rsquo;agr\u00e9ment complet.<\/p>\n<h3>Documents de r\u00e9f\u00e9rence<\/h3>\n<p>Le processus d&rsquo;agr\u00e9ment des nouveaux programmes d&rsquo;\u00e9ducation m\u00e9dicale est d\u00e9crit dans la pi\u00e8ce jointe ci-dessous.<\/p>\n<p>Vous trouverez de plus amples renseignements sur le processus et les proc\u00e9dures dans les R\u00e8gles de proc\u00e9dure du CAFMC (sous l&rsquo;onglet <a href=\"\/wp-content\/uploads\/2022\/12\/2022-04-20_REQUIRED-NOTIFICATION-TO-THE-CACMS_final-fr.docx\" target=\"_blank\" rel=\"noopener\">Documents d&rsquo;agr\u00e9ment<\/a>).[\/vc_column_text][vc_btn title=\u00a0\u00bbCAFMC &#8211; Organigrammes du processus d&rsquo;agr\u00e9ment des nouveaux programmes d&rsquo;\u00e9ducation m\u00e9dicale au Canada\u00a0\u00bb i_icon_fontawesome=\u00a0\u00bbfar fa-file-pdf\u00a0\u00bb add_icon=\u00a0\u00bbtrue\u00a0\u00bb link=\u00a0\u00bburl:https%3A%2F%2Fcacms-cafmc.ca%2Fwp-content%2Fuploads%2F2023%2F03%2FCACMS-Status-Flowchart_FR.pdf|target:_blank\u00a0\u00bb][\/vc_column][\/vc_row]<\/p>\n<\/div>","protected":false},"excerpt":{"rendered":"<p>[vc_row][vc_column][vc_column_text]Les nouveaux programmes d\u00e9sirant obtenir l\u2019agr\u00e9ment du CAFMC doivent communiquer avec le secr\u00e9tariat (cacms@afmc.ca) pour lui faire part des plans pour la cr\u00e9ation un nouveau programme d&rsquo;\u00e9ducation m\u00e9dicale. Le secr\u00e9tariat offrira des conseils et une consultation afin de faciliter l&rsquo;\u00e9laboration ordonn\u00e9e du programme et la pleine compr\u00e9hension du processus et des normes d&rsquo;agr\u00e9ment. Dur\u00e9e de [&hellip;]<\/p>\n","protected":false},"author":7,"featured_media":0,"parent":0,"menu_order":0,"comment_status":"closed","ping_status":"closed","template":"page-templates\/page-sidebar-none.php","meta":{"_acf_changed":false,"footnotes":""},"class_list":["post-531","page","type-page","status-publish","hentry"],"acf":[],"yoast_head":"<!-- This site is optimized with the Yoast SEO plugin v26.2 - https:\/\/yoast.com\/wordpress\/plugins\/seo\/ -->\n<title>Nouveaux programmes d&#039;\u00e9ducation m\u00e9dicale au canada - CACMS | CAFMC<\/title>\n<meta name=\"robots\" content=\"index, follow, max-snippet:-1, max-image-preview:large, max-video-preview:-1\" \/>\n<link rel=\"canonical\" href=\"https:\/\/cacms-cafmc.ca\/new-medical-education-programs-in-canada\/\" \/>\n<meta property=\"og:locale\" content=\"fr_FR\" \/>\n<meta property=\"og:type\" content=\"article\" \/>\n<meta property=\"og:title\" content=\"Nouveaux programmes d&#039;\u00e9ducation m\u00e9dicale au canada - CACMS | CAFMC\" \/>\n<meta property=\"og:description\" content=\"[vc_row][vc_column][vc_column_text]Les nouveaux programmes d\u00e9sirant obtenir l\u2019agr\u00e9ment du CAFMC doivent communiquer avec le secr\u00e9tariat (cacms@afmc.ca) pour lui faire part des plans pour la cr\u00e9ation un nouveau programme d&rsquo;\u00e9ducation m\u00e9dicale. Le secr\u00e9tariat offrira des conseils et une consultation afin de faciliter l&rsquo;\u00e9laboration ordonn\u00e9e du programme et la pleine compr\u00e9hension du processus et des normes d&rsquo;agr\u00e9ment. Dur\u00e9e de [&hellip;]\" \/>\n<meta property=\"og:url\" content=\"https:\/\/cacms-cafmc.ca\/new-medical-education-programs-in-canada\/\" \/>\n<meta property=\"og:site_name\" content=\"CACMS | CAFMC\" \/>\n<meta property=\"article:modified_time\" content=\"2023-09-15T13:59:42+00:00\" \/>\n<meta name=\"twitter:card\" content=\"summary_large_image\" \/>\n<meta name=\"twitter:label1\" content=\"Dur\u00e9e de lecture estim\u00e9e\" \/>\n\t<meta name=\"twitter:data1\" content=\"3 minutes\" \/>\n<script type=\"application\/ld+json\" class=\"yoast-schema-graph\">{\"@context\":\"https:\/\/schema.org\",\"@graph\":[{\"@type\":\"WebPage\",\"@id\":\"https:\/\/cacms-cafmc.ca\/new-medical-education-programs-in-canada\/\",\"url\":\"https:\/\/cacms-cafmc.ca\/new-medical-education-programs-in-canada\/\",\"name\":\"Nouveaux programmes d'\u00e9ducation m\u00e9dicale au canada - CACMS | CAFMC\",\"isPartOf\":{\"@id\":\"https:\/\/cacms-cafmc.ca\/#website\"},\"datePublished\":\"2022-12-08T13:46:19+00:00\",\"dateModified\":\"2023-09-15T13:59:42+00:00\",\"breadcrumb\":{\"@id\":\"https:\/\/cacms-cafmc.ca\/new-medical-education-programs-in-canada\/#breadcrumb\"},\"inLanguage\":\"fr-FR\",\"potentialAction\":[{\"@type\":\"ReadAction\",\"target\":[\"https:\/\/cacms-cafmc.ca\/new-medical-education-programs-in-canada\/\"]}]},{\"@type\":\"BreadcrumbList\",\"@id\":\"https:\/\/cacms-cafmc.ca\/new-medical-education-programs-in-canada\/#breadcrumb\",\"itemListElement\":[{\"@type\":\"ListItem\",\"position\":1,\"name\":\"Home\",\"item\":\"https:\/\/cacms-cafmc.ca\/fr\/\"},{\"@type\":\"ListItem\",\"position\":2,\"name\":\"Nouveaux programmes d&#8217;\u00e9ducation m\u00e9dicale au canada\"}]},{\"@type\":\"WebSite\",\"@id\":\"https:\/\/cacms-cafmc.ca\/#website\",\"url\":\"https:\/\/cacms-cafmc.ca\/\",\"name\":\"CACMS | CAFMC\",\"description\":\"\",\"potentialAction\":[{\"@type\":\"SearchAction\",\"target\":{\"@type\":\"EntryPoint\",\"urlTemplate\":\"https:\/\/cacms-cafmc.ca\/?s={search_term_string}\"},\"query-input\":{\"@type\":\"PropertyValueSpecification\",\"valueRequired\":true,\"valueName\":\"search_term_string\"}}],\"inLanguage\":\"fr-FR\"}]}<\/script>\n<!-- \/ Yoast SEO plugin. -->","yoast_head_json":{"title":"Nouveaux programmes d'\u00e9ducation m\u00e9dicale au canada - CACMS | CAFMC","robots":{"index":"index","follow":"follow","max-snippet":"max-snippet:-1","max-image-preview":"max-image-preview:large","max-video-preview":"max-video-preview:-1"},"canonical":"https:\/\/cacms-cafmc.ca\/new-medical-education-programs-in-canada\/","og_locale":"fr_FR","og_type":"article","og_title":"Nouveaux programmes d'\u00e9ducation m\u00e9dicale au canada - CACMS | CAFMC","og_description":"[vc_row][vc_column][vc_column_text]Les nouveaux programmes d\u00e9sirant obtenir l\u2019agr\u00e9ment du CAFMC doivent communiquer avec le secr\u00e9tariat (cacms@afmc.ca) pour lui faire part des plans pour la cr\u00e9ation un nouveau programme d&rsquo;\u00e9ducation m\u00e9dicale. Le secr\u00e9tariat offrira des conseils et une consultation afin de faciliter l&rsquo;\u00e9laboration ordonn\u00e9e du programme et la pleine compr\u00e9hension du processus et des normes d&rsquo;agr\u00e9ment. Dur\u00e9e de [&hellip;]","og_url":"https:\/\/cacms-cafmc.ca\/new-medical-education-programs-in-canada\/","og_site_name":"CACMS | CAFMC","article_modified_time":"2023-09-15T13:59:42+00:00","twitter_card":"summary_large_image","twitter_misc":{"Dur\u00e9e de lecture estim\u00e9e":"3 minutes"},"schema":{"@context":"https:\/\/schema.org","@graph":[{"@type":"WebPage","@id":"https:\/\/cacms-cafmc.ca\/new-medical-education-programs-in-canada\/","url":"https:\/\/cacms-cafmc.ca\/new-medical-education-programs-in-canada\/","name":"Nouveaux programmes d'\u00e9ducation m\u00e9dicale au canada - CACMS | CAFMC","isPartOf":{"@id":"https:\/\/cacms-cafmc.ca\/#website"},"datePublished":"2022-12-08T13:46:19+00:00","dateModified":"2023-09-15T13:59:42+00:00","breadcrumb":{"@id":"https:\/\/cacms-cafmc.ca\/new-medical-education-programs-in-canada\/#breadcrumb"},"inLanguage":"fr-FR","potentialAction":[{"@type":"ReadAction","target":["https:\/\/cacms-cafmc.ca\/new-medical-education-programs-in-canada\/"]}]},{"@type":"BreadcrumbList","@id":"https:\/\/cacms-cafmc.ca\/new-medical-education-programs-in-canada\/#breadcrumb","itemListElement":[{"@type":"ListItem","position":1,"name":"Home","item":"https:\/\/cacms-cafmc.ca\/fr\/"},{"@type":"ListItem","position":2,"name":"Nouveaux programmes d&#8217;\u00e9ducation m\u00e9dicale au canada"}]},{"@type":"WebSite","@id":"https:\/\/cacms-cafmc.ca\/#website","url":"https:\/\/cacms-cafmc.ca\/","name":"CACMS | CAFMC","description":"","potentialAction":[{"@type":"SearchAction","target":{"@type":"EntryPoint","urlTemplate":"https:\/\/cacms-cafmc.ca\/?s={search_term_string}"},"query-input":{"@type":"PropertyValueSpecification","valueRequired":true,"valueName":"search_term_string"}}],"inLanguage":"fr-FR"}]}},"_links":{"self":[{"href":"https:\/\/cacms-cafmc.ca\/fr\/wp-json\/wp\/v2\/pages\/531","targetHints":{"allow":["GET"]}}],"collection":[{"href":"https:\/\/cacms-cafmc.ca\/fr\/wp-json\/wp\/v2\/pages"}],"about":[{"href":"https:\/\/cacms-cafmc.ca\/fr\/wp-json\/wp\/v2\/types\/page"}],"author":[{"embeddable":true,"href":"https:\/\/cacms-cafmc.ca\/fr\/wp-json\/wp\/v2\/users\/7"}],"replies":[{"embeddable":true,"href":"https:\/\/cacms-cafmc.ca\/fr\/wp-json\/wp\/v2\/comments?post=531"}],"version-history":[{"count":6,"href":"https:\/\/cacms-cafmc.ca\/fr\/wp-json\/wp\/v2\/pages\/531\/revisions"}],"predecessor-version":[{"id":1707,"href":"https:\/\/cacms-cafmc.ca\/fr\/wp-json\/wp\/v2\/pages\/531\/revisions\/1707"}],"wp:attachment":[{"href":"https:\/\/cacms-cafmc.ca\/fr\/wp-json\/wp\/v2\/media?parent=531"}],"curies":[{"name":"wp","href":"https:\/\/api.w.org\/{rel}","templated":true}]}}