{"id":523,"date":"2022-11-17T18:13:21","date_gmt":"2022-11-17T18:13:21","guid":{"rendered":"https:\/\/cacms-cafmc.ca\/required-notifications\/"},"modified":"2024-03-11T22:31:28","modified_gmt":"2024-03-11T22:31:28","slug":"obligation-daviser","status":"publish","type":"page","link":"https:\/\/cacms-cafmc.ca\/fr\/obligation-daviser\/","title":{"rendered":"Obligation d&rsquo;aviser"},"content":{"rendered":"<div class=\"wpb-content-wrapper\"><p>[vc_row css=\u00a0\u00bb.vc_custom_1670870020131{margin-top: 0px !important;padding-top: 0px !important;}\u00a0\u00bb][vc_column css=\u00a0\u00bb.vc_custom_1670870027497{margin-top: 0px !important;padding-top: 0px !important;}\u00a0\u00bb][vc_column_text]<\/p>\n<div class=\"region region-article\">\n<section id=\"block-system-main\" class=\"block block-system\">\n<div class=\"content\">\n<div id=\"node-188\" class=\"node node-page clearfix\">\n<div class=\"content\">\n<div class=\"field field-name-body field-type-text-with-summary field-label-hidden\">\n<div class=\"field-items\">\n<div class=\"field-item even\">\n<p>L&rsquo;obligation d&rsquo;aviser le CAFMC peut \u00eatre requise dans des circonstances suivantes :<\/p>\n<ul>\n<li>Changements dans les inscriptions, la taille de la classe, la r\u00e9partition des \u00e9tudiants ou les ressources \u00e0 l\u2019appui du programme d\u2019\u00e9tudes<\/li>\n<li>Cr\u00e9ation d\u2019un nouveau campus<\/li>\n<li>Agrandissement d\u2019un campus existant pour inclure d\u2019autres ann\u00e9es du programme d\u2019\u00e9tudes<\/li>\n<li>Changements dans le programme d\u2019\u00e9tudes, y compris un nouveau programme d\u2019\u00e9tudes parall\u00e8le, des externats longitudinaux int\u00e9gr\u00e9s, un emplacement d\u00e9centralis\u00e9<\/li>\n<li>Changements dans la prestation du programme dans un campus existant<\/li>\n<li>Changements dans la gouvernance ou la propri\u00e9t\u00e9<\/li>\n<li>Perte non pr\u00e9vue des installations ou des lieux d&rsquo;enseignement clinique ou encore des ressources financi\u00e8res n\u00e9cessaires \u00e0 l\u2019ex\u00e9cution du programme d&rsquo;\u00e9ducation m\u00e9dicale<\/li>\n<\/ul>\n<p><strong>Avant d\u2019aviser le CAFMC<br \/>\n<\/strong>D\u00e9terminez si vous avez l\u2019obligation d\u2019aviser le CAFMC en :<\/p>\n<ol>\n<li>Revoyant la Section IV des R\u00e8gles de proc\u00e9dure du CAFMC;<\/li>\n<li>Revoyant les sections appropri\u00e9es du formulaire Obligation d\u2019aviser le CAFMC (voir ci-dessous)<\/li>\n<li>Dans le cas de tout changement propre aux inscriptions, \u00e0 la taille de la classe ou \u00e0 la r\u00e9partition des \u00e9tudiants, utilisez le calculateur du CAFMC sur les inscriptions\/la taille de la classe, que vous trouverez ici :<\/li>\n<\/ol>\n<\/div>\n<\/div>\n<\/div>\n<\/div>\n<\/div>\n<\/div>\n<\/section>\n<\/div>\n<p>[\/vc_column_text][vc_btn title=\u00a0\u00bbcalculateur\u00a0\u00bb align=\u00a0\u00bbleft\u00a0\u00bb i_icon_fontawesome=\u00a0\u00bbfar fa-file-pdf\u00a0\u00bb add_icon=\u00a0\u00bbtrue\u00a0\u00bb link=\u00a0\u00bburl:%2Fwp-content%2Fuploads%2F2022%2F12%2FCalculateur-de-notification-CACMS-CAFMC.pdf|title:calculateur|target:_blank\u00a0\u00bb][vc_column_text]<\/p>\n<div class=\"region region-article\">\n<section id=\"block-system-main\" class=\"block block-system\">\n<div class=\"content\">\n<div id=\"node-188\" class=\"node node-page clearfix\">\n<div class=\"content\">\n<div class=\"field field-name-body field-type-text-with-summary field-label-hidden\">\n<div class=\"field-items\">\n<div class=\"field-item even\">\n<p><strong>Pour aviser le CAFMC :<\/strong><\/p>\n<ol>\n<li>Revoyez et remplissez les sections pertinentes du formulaire Obligation d\u2019aviser le CAFMC (voir ci-dessous).<\/li>\n<li>Pr\u00e9sentez une lettre de motivation sign\u00e9e par le doyen et un fichier pdf unique comprenant seulement les pages pertinentes du formulaire \u00e0 <a href=\"mailto:CACMS@afmc.ca\">CACMS@afmc.ca<\/a><\/li>\n<\/ol>\n<\/div>\n<\/div>\n<\/div>\n<\/div>\n<\/div>\n<\/div>\n<\/section>\n<\/div>\n<p>[\/vc_column_text][vc_btn title=\u00a0\u00bbFormulaire &#8211; Obligation d\u2019aviser le CAFMC\u00a0\u00bb align=\u00a0\u00bbleft\u00a0\u00bb i_icon_fontawesome=\u00a0\u00bbfar fa-file-word\u00a0\u00bb add_icon=\u00a0\u00bbtrue\u00a0\u00bb link=\u00a0\u00bburl:https%3A%2F%2Fcacms-cafmc.ca%2Fwp-content%2Fuploads%2F2024%2F03%2F2024-02-29_REQUIRED_NOTIFICATION_TO_THE_CACMS-FRENCH_FINAL.docx|title:Formulaire%20-%20Obligation%20d%E2%80%99aviser%20le%20CAFMC|target:_blank\u00a0\u00bb][\/vc_column][\/vc_row]<\/p>\n<\/div>","protected":false},"excerpt":{"rendered":"<p>[vc_row css=\u00a0\u00bb.vc_custom_1670870020131{margin-top: 0px !important;padding-top: 0px !important;}\u00a0\u00bb][vc_column css=\u00a0\u00bb.vc_custom_1670870027497{margin-top: 0px !important;padding-top: 0px !important;}\u00a0\u00bb][vc_column_text] L&rsquo;obligation d&rsquo;aviser le CAFMC peut \u00eatre requise dans des circonstances suivantes : Changements dans les inscriptions, la taille de la classe, la r\u00e9partition des \u00e9tudiants ou les ressources \u00e0 l\u2019appui du programme d\u2019\u00e9tudes Cr\u00e9ation d\u2019un nouveau campus Agrandissement d\u2019un campus existant pour inclure d\u2019autres [&hellip;]<\/p>\n","protected":false},"author":7,"featured_media":0,"parent":0,"menu_order":0,"comment_status":"closed","ping_status":"closed","template":"page-templates\/page-sidebar-none.php","meta":{"_acf_changed":false,"footnotes":""},"class_list":["post-523","page","type-page","status-publish","hentry"],"acf":[],"yoast_head":"<!-- This site is optimized with the Yoast SEO plugin v26.2 - https:\/\/yoast.com\/wordpress\/plugins\/seo\/ -->\n<title>Obligation d&#039;aviser - CACMS | CAFMC<\/title>\n<meta name=\"robots\" content=\"index, follow, max-snippet:-1, max-image-preview:large, max-video-preview:-1\" \/>\n<link rel=\"canonical\" href=\"https:\/\/cacms-cafmc.ca\/fr\/obligation-daviser\/\" \/>\n<meta property=\"og:locale\" content=\"fr_FR\" \/>\n<meta property=\"og:type\" content=\"article\" \/>\n<meta property=\"og:title\" content=\"Obligation d&#039;aviser - CACMS | CAFMC\" \/>\n<meta property=\"og:description\" content=\"[vc_row css=\u00a0\u00bb.vc_custom_1670870020131{margin-top: 0px !important;padding-top: 0px !important;}\u00a0\u00bb][vc_column css=\u00a0\u00bb.vc_custom_1670870027497{margin-top: 0px !important;padding-top: 0px !important;}\u00a0\u00bb][vc_column_text] L&rsquo;obligation d&rsquo;aviser le CAFMC peut \u00eatre requise dans des circonstances suivantes : Changements dans les inscriptions, la taille de la classe, la r\u00e9partition des \u00e9tudiants ou les ressources \u00e0 l\u2019appui du programme d\u2019\u00e9tudes Cr\u00e9ation d\u2019un nouveau campus Agrandissement d\u2019un campus existant pour inclure d\u2019autres [&hellip;]\" \/>\n<meta property=\"og:url\" content=\"https:\/\/cacms-cafmc.ca\/fr\/obligation-daviser\/\" \/>\n<meta property=\"og:site_name\" content=\"CACMS | CAFMC\" \/>\n<meta property=\"article:modified_time\" content=\"2024-03-11T22:31:28+00:00\" \/>\n<meta name=\"twitter:card\" content=\"summary_large_image\" \/>\n<meta name=\"twitter:label1\" content=\"Dur\u00e9e de lecture estim\u00e9e\" \/>\n\t<meta name=\"twitter:data1\" content=\"2 minutes\" \/>\n<script type=\"application\/ld+json\" class=\"yoast-schema-graph\">{\"@context\":\"https:\/\/schema.org\",\"@graph\":[{\"@type\":\"WebPage\",\"@id\":\"https:\/\/cacms-cafmc.ca\/fr\/obligation-daviser\/\",\"url\":\"https:\/\/cacms-cafmc.ca\/fr\/obligation-daviser\/\",\"name\":\"Obligation d'aviser - CACMS | CAFMC\",\"isPartOf\":{\"@id\":\"https:\/\/cacms-cafmc.ca\/#website\"},\"datePublished\":\"2022-11-17T18:13:21+00:00\",\"dateModified\":\"2024-03-11T22:31:28+00:00\",\"breadcrumb\":{\"@id\":\"https:\/\/cacms-cafmc.ca\/fr\/obligation-daviser\/#breadcrumb\"},\"inLanguage\":\"fr-FR\",\"potentialAction\":[{\"@type\":\"ReadAction\",\"target\":[\"https:\/\/cacms-cafmc.ca\/fr\/obligation-daviser\/\"]}]},{\"@type\":\"BreadcrumbList\",\"@id\":\"https:\/\/cacms-cafmc.ca\/fr\/obligation-daviser\/#breadcrumb\",\"itemListElement\":[{\"@type\":\"ListItem\",\"position\":1,\"name\":\"Home\",\"item\":\"https:\/\/cacms-cafmc.ca\/fr\/\"},{\"@type\":\"ListItem\",\"position\":2,\"name\":\"Obligation d&#8217;aviser\"}]},{\"@type\":\"WebSite\",\"@id\":\"https:\/\/cacms-cafmc.ca\/#website\",\"url\":\"https:\/\/cacms-cafmc.ca\/\",\"name\":\"CACMS | CAFMC\",\"description\":\"\",\"potentialAction\":[{\"@type\":\"SearchAction\",\"target\":{\"@type\":\"EntryPoint\",\"urlTemplate\":\"https:\/\/cacms-cafmc.ca\/?s={search_term_string}\"},\"query-input\":{\"@type\":\"PropertyValueSpecification\",\"valueRequired\":true,\"valueName\":\"search_term_string\"}}],\"inLanguage\":\"fr-FR\"}]}<\/script>\n<!-- \/ Yoast SEO plugin. -->","yoast_head_json":{"title":"Obligation d'aviser - CACMS | CAFMC","robots":{"index":"index","follow":"follow","max-snippet":"max-snippet:-1","max-image-preview":"max-image-preview:large","max-video-preview":"max-video-preview:-1"},"canonical":"https:\/\/cacms-cafmc.ca\/fr\/obligation-daviser\/","og_locale":"fr_FR","og_type":"article","og_title":"Obligation d'aviser - CACMS | CAFMC","og_description":"[vc_row css=\u00a0\u00bb.vc_custom_1670870020131{margin-top: 0px !important;padding-top: 0px !important;}\u00a0\u00bb][vc_column css=\u00a0\u00bb.vc_custom_1670870027497{margin-top: 0px !important;padding-top: 0px !important;}\u00a0\u00bb][vc_column_text] L&rsquo;obligation d&rsquo;aviser le CAFMC peut \u00eatre requise dans des circonstances suivantes : Changements dans les inscriptions, la taille de la classe, la r\u00e9partition des \u00e9tudiants ou les ressources \u00e0 l\u2019appui du programme d\u2019\u00e9tudes Cr\u00e9ation d\u2019un nouveau campus Agrandissement d\u2019un campus existant pour inclure d\u2019autres [&hellip;]","og_url":"https:\/\/cacms-cafmc.ca\/fr\/obligation-daviser\/","og_site_name":"CACMS | CAFMC","article_modified_time":"2024-03-11T22:31:28+00:00","twitter_card":"summary_large_image","twitter_misc":{"Dur\u00e9e de lecture estim\u00e9e":"2 minutes"},"schema":{"@context":"https:\/\/schema.org","@graph":[{"@type":"WebPage","@id":"https:\/\/cacms-cafmc.ca\/fr\/obligation-daviser\/","url":"https:\/\/cacms-cafmc.ca\/fr\/obligation-daviser\/","name":"Obligation d'aviser - CACMS | CAFMC","isPartOf":{"@id":"https:\/\/cacms-cafmc.ca\/#website"},"datePublished":"2022-11-17T18:13:21+00:00","dateModified":"2024-03-11T22:31:28+00:00","breadcrumb":{"@id":"https:\/\/cacms-cafmc.ca\/fr\/obligation-daviser\/#breadcrumb"},"inLanguage":"fr-FR","potentialAction":[{"@type":"ReadAction","target":["https:\/\/cacms-cafmc.ca\/fr\/obligation-daviser\/"]}]},{"@type":"BreadcrumbList","@id":"https:\/\/cacms-cafmc.ca\/fr\/obligation-daviser\/#breadcrumb","itemListElement":[{"@type":"ListItem","position":1,"name":"Home","item":"https:\/\/cacms-cafmc.ca\/fr\/"},{"@type":"ListItem","position":2,"name":"Obligation d&#8217;aviser"}]},{"@type":"WebSite","@id":"https:\/\/cacms-cafmc.ca\/#website","url":"https:\/\/cacms-cafmc.ca\/","name":"CACMS | CAFMC","description":"","potentialAction":[{"@type":"SearchAction","target":{"@type":"EntryPoint","urlTemplate":"https:\/\/cacms-cafmc.ca\/?s={search_term_string}"},"query-input":{"@type":"PropertyValueSpecification","valueRequired":true,"valueName":"search_term_string"}}],"inLanguage":"fr-FR"}]}},"_links":{"self":[{"href":"https:\/\/cacms-cafmc.ca\/fr\/wp-json\/wp\/v2\/pages\/523","targetHints":{"allow":["GET"]}}],"collection":[{"href":"https:\/\/cacms-cafmc.ca\/fr\/wp-json\/wp\/v2\/pages"}],"about":[{"href":"https:\/\/cacms-cafmc.ca\/fr\/wp-json\/wp\/v2\/types\/page"}],"author":[{"embeddable":true,"href":"https:\/\/cacms-cafmc.ca\/fr\/wp-json\/wp\/v2\/users\/7"}],"replies":[{"embeddable":true,"href":"https:\/\/cacms-cafmc.ca\/fr\/wp-json\/wp\/v2\/comments?post=523"}],"version-history":[{"count":7,"href":"https:\/\/cacms-cafmc.ca\/fr\/wp-json\/wp\/v2\/pages\/523\/revisions"}],"predecessor-version":[{"id":860,"href":"https:\/\/cacms-cafmc.ca\/fr\/wp-json\/wp\/v2\/pages\/523\/revisions\/860"}],"wp:attachment":[{"href":"https:\/\/cacms-cafmc.ca\/fr\/wp-json\/wp\/v2\/media?parent=523"}],"curies":[{"name":"wp","href":"https:\/\/api.w.org\/{rel}","templated":true}]}}