{"id":519,"date":"2022-11-17T18:05:32","date_gmt":"2022-11-17T18:05:32","guid":{"rendered":"https:\/\/cacms-cafmc.ca\/accreditation-documents\/"},"modified":"2023-01-16T13:59:21","modified_gmt":"2023-01-16T13:59:21","slug":"documents-dagrement","status":"publish","type":"page","link":"https:\/\/cacms-cafmc.ca\/fr\/documents-dagrement\/","title":{"rendered":"Documents d\u2019agr\u00e9ment"},"content":{"rendered":"<div class=\"wpb-content-wrapper\"><p>[vc_row][vc_column][vc_column_text]<\/p>\n<h2>Pr\u00e9paration pr\u00e9c\u00e9dant la visite<\/h2>\n<p><strong>Secr\u00e9tariat du CAFMC<\/strong> : 18-24 mois \u00e0 l&rsquo;avance, le secr\u00e9tariat du CAFMC communique avec les facult\u00e9s de m\u00e9decine pour fixer la date des visites qui auront lieu dans l&rsquo;ann\u00e9e. Les visites se d\u00e9roulent g\u00e9n\u00e9ralement entre la fin septembre et la mi-mai. Les visites compl\u00e8tes ont g\u00e9n\u00e9ralement lieu du dimanche apr\u00e8s-midi au mercredi apr\u00e8s-midi alors que les visites abr\u00e9g\u00e9es se terminent une journ\u00e9e avant. Le mat\u00e9riel et les directives sont envoy\u00e9s aux facult\u00e9s environ 18 mois avant la visite, ce qui leur donne le temps n\u00e9cessaire pour compiler une base de donn\u00e9es en mati\u00e8re d&rsquo;\u00e9ducation m\u00e9dicale et entreprendre une auto-\u00e9valuation institutionnelle. Le secr\u00e9tariat fournit une base de donn\u00e9es sur une disquette, ce qui facilite la r\u00e9alisation de la base de donn\u00e9es en \u00e9ducation.<\/p>\n<p>Dans le cas de visites cibl\u00e9es et abr\u00e9g\u00e9es, le CAFMC pr\u00e9vient la facult\u00e9 six mois avant la visite concernant les \u00e9l\u00e9ments d&rsquo;une mini base de donn\u00e9es pr\u00e9c\u00e9dant la visite et traitant des enjeux touchant le CAFMC\/LCME devant \u00eatre \u00e9valu\u00e9s dans le cadre de la visite.<\/p>\n<p>Un an ou plus avant la visite, le secr\u00e9tariat du CAFMC nomme les membres des \u00e9quipes d&rsquo;\u00e9valuation individuelles. Toutes les \u00e9quipes comportent un pr\u00e9sident et un secr\u00e9taire; les \u00e9quipes qui effectuent une visite compl\u00e8te comptent deux autres membres et un boursier de la facult\u00e9. Les \u00e9quipes charg\u00e9es des visites abr\u00e9g\u00e9es ne comptent qu&rsquo;un seul membre en plus du pr\u00e9sident et du secr\u00e9taire. Un membre de l&rsquo;\u00e9quipe canadienne vient des \u00c9tats-Unis. Tous les efforts sont d\u00e9ploy\u00e9s pour que l&rsquo;\u00e9quipe d&rsquo;\u00e9valuation se compose, dans un juste \u00e9quilibre, de praticiens, de sp\u00e9cialistes des sciences fondamentales et d&rsquo;\u00e9ducateurs du milieu clinique.<\/p>\n<p>Trois mois avant la visite, l&rsquo;\u00e9quipe charg\u00e9e de l&rsquo;\u00e9valuation et la facult\u00e9 re\u00e7oivent de l&rsquo;information sur la composition de l&rsquo;\u00e9quipe de m\u00eame que des directives concernant l&rsquo;horaire et la tenue de la visite et la compilation du rapport d&rsquo;\u00e9tude. On invite le doyen \u00e0 v\u00e9rifier si aucun membre de l&rsquo;\u00e9quipe n&rsquo;est en position de conflit d&rsquo;int\u00e9r\u00eat.<\/p>\n<p><strong>Facult\u00e9<\/strong> : La facult\u00e9 remplit l&rsquo;instrument de collecte de donn\u00e9es dans les trois \u00e0 quatre mois suivant sa r\u00e9ception afin qu&rsquo;elle puisse \u00eatre utilis\u00e9e comme base pour l&rsquo;auto-\u00e9valuation institutionnelle. Le doyen nomme les membres du comit\u00e9 directeur de l&rsquo;auto-\u00e9valuation et des sous-comit\u00e9s correspondant aux principaux \u00e9l\u00e9ments de l&rsquo;intrument de collecte de donn\u00e9es (ICD)(normes 1 \u00e0 12). L&rsquo;ICD ainsi qu&rsquo;un r\u00e9sum\u00e9 de l&rsquo;auto-\u00e9valuation sont post\u00e9s au secr\u00e9tariat du CAFMC et \u00e0 chaque membre de l&rsquo;\u00e9quipe charg\u00e9e de la visite dans les trois mois pr\u00e9c\u00e9dant la visite. Les directives figurent dans le Guide de l&rsquo;auto-\u00e9tude de la facult\u00e9 de m\u00e9decine.<\/p>\n<p>Le mini ICD pr\u00e9par\u00e9 pour les visites abr\u00e9g\u00e9es est compl\u00e9t\u00e9 \u00e0 temps pour pouvoir \u00eatre envoy\u00e9 au secr\u00e9tariat du CAFMC ainsi qu&rsquo;aux membres de l&rsquo;\u00e9quipe d&rsquo;\u00e9valuation au moins deux mois avant la visite.<\/p>\n<h2>Analyse ind\u00e9pendante des \u00e9tudiants<\/h2>\n<p>Le guide intitul\u00e9 Analyse ind\u00e9pendante des \u00e9tudiants d\u00e9crit l&rsquo;importante contribution qu&rsquo;apportent les \u00e9tudiants dans le cadre du processus d&rsquo;agr\u00e9ment. On s&rsquo;attend des \u00e9tudiants d&rsquo;une facult\u00e9 de m\u00e9decine se pr\u00e9parant \u00e0 une visite d&rsquo;agr\u00e9ment \u00e0 ce qu&rsquo;ils organisent leur propre auto-\u00e9valuation du programme d&rsquo;\u00e9tudes, des cours et du curriculum, des services de soutien fournis aux \u00e9tudiants et du milieu d&rsquo;apprentissage. Ils devraient \u00eatre membres de divers comit\u00e9s menant l&rsquo;auto-\u00e9valuation institutionnelle. On aura pr\u00e9vu des rencontres entre des groupes d&rsquo;\u00e9tudiants et des \u00e9valuateurs durant la visite de la facult\u00e9.<\/p>\n<h2>Guide de r\u00e9daction du rapport de visite d&rsquo;agr\u00e9ment<\/h2>\n<p>Le secr\u00e9taire de l&rsquo;\u00e9quipe rassemblera les conclusions \u00e9crites de chaque membre de l&rsquo;\u00e9quipe dans un rapport de visite qui d\u00e9crit le programme d&rsquo;enseignement et rend compte de la conformit\u00e9 de l&rsquo;\u00e9cole \u00e0 chacune des normes d&rsquo;accr\u00e9ditation contenues dans les Normes et \u00e9l\u00e9ments du CAFMC. La pr\u00e9paration, l&rsquo;examen et le traitement des rapports de visite, ainsi que les informations prises en compte pour la d\u00e9termination de l&rsquo;accr\u00e9ditation sont indiqu\u00e9es dans le r\u00e8glement int\u00e9rieur du CAFMC.[\/vc_column_text][\/vc_column][\/vc_row]<\/p>\n<\/div>","protected":false},"excerpt":{"rendered":"<p>[vc_row][vc_column][vc_column_text] Pr\u00e9paration pr\u00e9c\u00e9dant la visite Secr\u00e9tariat du CAFMC : 18-24 mois \u00e0 l&rsquo;avance, le secr\u00e9tariat du CAFMC communique avec les facult\u00e9s de m\u00e9decine pour fixer la date des visites qui auront lieu dans l&rsquo;ann\u00e9e. Les visites se d\u00e9roulent g\u00e9n\u00e9ralement entre la fin septembre et la mi-mai. Les visites compl\u00e8tes ont g\u00e9n\u00e9ralement lieu du dimanche apr\u00e8s-midi [&hellip;]<\/p>\n","protected":false},"author":7,"featured_media":0,"parent":0,"menu_order":0,"comment_status":"closed","ping_status":"closed","template":"page-templates\/page-subpage.php","meta":{"_acf_changed":false,"footnotes":""},"class_list":["post-519","page","type-page","status-publish","hentry"],"acf":[],"yoast_head":"<!-- This site is optimized with the Yoast SEO plugin v26.2 - https:\/\/yoast.com\/wordpress\/plugins\/seo\/ -->\n<title>Documents d\u2019agr\u00e9ment - CACMS | CAFMC<\/title>\n<meta name=\"robots\" content=\"index, follow, max-snippet:-1, max-image-preview:large, max-video-preview:-1\" \/>\n<link rel=\"canonical\" href=\"https:\/\/cacms-cafmc.ca\/fr\/documents-dagrement\/\" \/>\n<meta property=\"og:locale\" content=\"fr_FR\" \/>\n<meta property=\"og:type\" content=\"article\" \/>\n<meta property=\"og:title\" content=\"Documents d\u2019agr\u00e9ment - CACMS | CAFMC\" \/>\n<meta property=\"og:description\" content=\"[vc_row][vc_column][vc_column_text] Pr\u00e9paration pr\u00e9c\u00e9dant la visite Secr\u00e9tariat du CAFMC : 18-24 mois \u00e0 l&rsquo;avance, le secr\u00e9tariat du CAFMC communique avec les facult\u00e9s de m\u00e9decine pour fixer la date des visites qui auront lieu dans l&rsquo;ann\u00e9e. Les visites se d\u00e9roulent g\u00e9n\u00e9ralement entre la fin septembre et la mi-mai. Les visites compl\u00e8tes ont g\u00e9n\u00e9ralement lieu du dimanche apr\u00e8s-midi [&hellip;]\" \/>\n<meta property=\"og:url\" content=\"https:\/\/cacms-cafmc.ca\/fr\/documents-dagrement\/\" \/>\n<meta property=\"og:site_name\" content=\"CACMS | CAFMC\" \/>\n<meta property=\"article:modified_time\" content=\"2023-01-16T13:59:21+00:00\" \/>\n<meta name=\"twitter:card\" content=\"summary_large_image\" \/>\n<meta name=\"twitter:label1\" content=\"Dur\u00e9e de lecture estim\u00e9e\" \/>\n\t<meta name=\"twitter:data1\" content=\"3 minutes\" \/>\n<script type=\"application\/ld+json\" class=\"yoast-schema-graph\">{\"@context\":\"https:\/\/schema.org\",\"@graph\":[{\"@type\":\"WebPage\",\"@id\":\"https:\/\/cacms-cafmc.ca\/fr\/documents-dagrement\/\",\"url\":\"https:\/\/cacms-cafmc.ca\/fr\/documents-dagrement\/\",\"name\":\"Documents d\u2019agr\u00e9ment - CACMS | CAFMC\",\"isPartOf\":{\"@id\":\"https:\/\/cacms-cafmc.ca\/#website\"},\"datePublished\":\"2022-11-17T18:05:32+00:00\",\"dateModified\":\"2023-01-16T13:59:21+00:00\",\"breadcrumb\":{\"@id\":\"https:\/\/cacms-cafmc.ca\/fr\/documents-dagrement\/#breadcrumb\"},\"inLanguage\":\"fr-FR\",\"potentialAction\":[{\"@type\":\"ReadAction\",\"target\":[\"https:\/\/cacms-cafmc.ca\/fr\/documents-dagrement\/\"]}]},{\"@type\":\"BreadcrumbList\",\"@id\":\"https:\/\/cacms-cafmc.ca\/fr\/documents-dagrement\/#breadcrumb\",\"itemListElement\":[{\"@type\":\"ListItem\",\"position\":1,\"name\":\"Home\",\"item\":\"https:\/\/cacms-cafmc.ca\/fr\/\"},{\"@type\":\"ListItem\",\"position\":2,\"name\":\"Documents d\u2019agr\u00e9ment\"}]},{\"@type\":\"WebSite\",\"@id\":\"https:\/\/cacms-cafmc.ca\/#website\",\"url\":\"https:\/\/cacms-cafmc.ca\/\",\"name\":\"CACMS | CAFMC\",\"description\":\"\",\"potentialAction\":[{\"@type\":\"SearchAction\",\"target\":{\"@type\":\"EntryPoint\",\"urlTemplate\":\"https:\/\/cacms-cafmc.ca\/?s={search_term_string}\"},\"query-input\":{\"@type\":\"PropertyValueSpecification\",\"valueRequired\":true,\"valueName\":\"search_term_string\"}}],\"inLanguage\":\"fr-FR\"}]}<\/script>\n<!-- \/ Yoast SEO plugin. -->","yoast_head_json":{"title":"Documents d\u2019agr\u00e9ment - CACMS | CAFMC","robots":{"index":"index","follow":"follow","max-snippet":"max-snippet:-1","max-image-preview":"max-image-preview:large","max-video-preview":"max-video-preview:-1"},"canonical":"https:\/\/cacms-cafmc.ca\/fr\/documents-dagrement\/","og_locale":"fr_FR","og_type":"article","og_title":"Documents d\u2019agr\u00e9ment - CACMS | CAFMC","og_description":"[vc_row][vc_column][vc_column_text] Pr\u00e9paration pr\u00e9c\u00e9dant la visite Secr\u00e9tariat du CAFMC : 18-24 mois \u00e0 l&rsquo;avance, le secr\u00e9tariat du CAFMC communique avec les facult\u00e9s de m\u00e9decine pour fixer la date des visites qui auront lieu dans l&rsquo;ann\u00e9e. Les visites se d\u00e9roulent g\u00e9n\u00e9ralement entre la fin septembre et la mi-mai. Les visites compl\u00e8tes ont g\u00e9n\u00e9ralement lieu du dimanche apr\u00e8s-midi [&hellip;]","og_url":"https:\/\/cacms-cafmc.ca\/fr\/documents-dagrement\/","og_site_name":"CACMS | CAFMC","article_modified_time":"2023-01-16T13:59:21+00:00","twitter_card":"summary_large_image","twitter_misc":{"Dur\u00e9e de lecture estim\u00e9e":"3 minutes"},"schema":{"@context":"https:\/\/schema.org","@graph":[{"@type":"WebPage","@id":"https:\/\/cacms-cafmc.ca\/fr\/documents-dagrement\/","url":"https:\/\/cacms-cafmc.ca\/fr\/documents-dagrement\/","name":"Documents d\u2019agr\u00e9ment - CACMS | CAFMC","isPartOf":{"@id":"https:\/\/cacms-cafmc.ca\/#website"},"datePublished":"2022-11-17T18:05:32+00:00","dateModified":"2023-01-16T13:59:21+00:00","breadcrumb":{"@id":"https:\/\/cacms-cafmc.ca\/fr\/documents-dagrement\/#breadcrumb"},"inLanguage":"fr-FR","potentialAction":[{"@type":"ReadAction","target":["https:\/\/cacms-cafmc.ca\/fr\/documents-dagrement\/"]}]},{"@type":"BreadcrumbList","@id":"https:\/\/cacms-cafmc.ca\/fr\/documents-dagrement\/#breadcrumb","itemListElement":[{"@type":"ListItem","position":1,"name":"Home","item":"https:\/\/cacms-cafmc.ca\/fr\/"},{"@type":"ListItem","position":2,"name":"Documents d\u2019agr\u00e9ment"}]},{"@type":"WebSite","@id":"https:\/\/cacms-cafmc.ca\/#website","url":"https:\/\/cacms-cafmc.ca\/","name":"CACMS | CAFMC","description":"","potentialAction":[{"@type":"SearchAction","target":{"@type":"EntryPoint","urlTemplate":"https:\/\/cacms-cafmc.ca\/?s={search_term_string}"},"query-input":{"@type":"PropertyValueSpecification","valueRequired":true,"valueName":"search_term_string"}}],"inLanguage":"fr-FR"}]}},"_links":{"self":[{"href":"https:\/\/cacms-cafmc.ca\/fr\/wp-json\/wp\/v2\/pages\/519","targetHints":{"allow":["GET"]}}],"collection":[{"href":"https:\/\/cacms-cafmc.ca\/fr\/wp-json\/wp\/v2\/pages"}],"about":[{"href":"https:\/\/cacms-cafmc.ca\/fr\/wp-json\/wp\/v2\/types\/page"}],"author":[{"embeddable":true,"href":"https:\/\/cacms-cafmc.ca\/fr\/wp-json\/wp\/v2\/users\/7"}],"replies":[{"embeddable":true,"href":"https:\/\/cacms-cafmc.ca\/fr\/wp-json\/wp\/v2\/comments?post=519"}],"version-history":[{"count":2,"href":"https:\/\/cacms-cafmc.ca\/fr\/wp-json\/wp\/v2\/pages\/519\/revisions"}],"predecessor-version":[{"id":521,"href":"https:\/\/cacms-cafmc.ca\/fr\/wp-json\/wp\/v2\/pages\/519\/revisions\/521"}],"wp:attachment":[{"href":"https:\/\/cacms-cafmc.ca\/fr\/wp-json\/wp\/v2\/media?parent=519"}],"curies":[{"name":"wp","href":"https:\/\/api.w.org\/{rel}","templated":true}]}}