{"id":516,"date":"2022-11-17T17:42:36","date_gmt":"2022-11-17T17:42:36","guid":{"rendered":"https:\/\/cacms-cafmc.ca\/a-propos-de-cafmc\/cacms-news-and-events\/"},"modified":"2025-07-09T15:48:22","modified_gmt":"2025-07-09T15:48:22","slug":"agrement-dans-le-contexte-du-cimu","status":"publish","type":"page","link":"https:\/\/cacms-cafmc.ca\/fr\/a-propos-de-cafmc\/agrement-dans-le-contexte-du-cimu\/","title":{"rendered":"L&rsquo;agr\u00e9ment dans le contexte du Congr\u00e8s international de m\u00e9decine universitaire (CIMU)"},"content":{"rendered":"<h2><a href=\"https:\/\/icam-cimu.ca\/fr\/\">CIMU 2025<\/a>:<\/h2>\n<h2>Le 3-6 avril 2025, Halifax, Nouvelle-\u00c9cosse, Canada<\/h2>\n<p>L&rsquo;agr\u00e9ment, \u00e0 l&rsquo;\u00e9chelle locale et mondiale, conna\u00eet de profonds changements. L&rsquo;agr\u00e9ment des facult\u00e9s de m\u00e9decine au Canada se trouve \u00e0 un point tournant unique depuis sa s\u00e9paration en 2021 de l&rsquo;organisme d&rsquo;agr\u00e9ment am\u00e9ricain, le Liaison Committee in Medical Education (LCME), un grand changement dont la mise en \u0153uvre compl\u00e8te est pr\u00e9vue pour 2025. Au niveau international, le programme de reconnaissance de la World Federation for Medical Education (WFME) et sa relation avec le certificat de l&rsquo;Educational Commission for Foreign Medical Graduates (ECFMG) (qui sera mis en \u0153uvre en 2024) pourraient changer la dynamique du personnel de sant\u00e9 mondial. Compte tenu du r\u00f4le essentiel que joue l&rsquo;agr\u00e9ment dans la qualit\u00e9 du futur personnel de sant\u00e9, il est primordial de discuter d&rsquo;un programme de recherche potentiel qui pourrait orienter les modifications apport\u00e9es \u00e0 l\u2019agr\u00e9ment et comprendre leurs impacts potentiels en d\u00e9gageant des donn\u00e9es probantes qui aideront \u00e0 diriger ces processus \u00e0 l&rsquo;avenir.<\/p>\n<p>Se d\u00e9roulant \u00e0 Halifax, le 3-6 avril 2025, le CIMU sera l&rsquo;occasion de r\u00e9unire les chercheurs d&rsquo;agr\u00e9ment et les participants int\u00e9ress\u00e9s afin de poursuivre ce dialogue. Le CIMU 2025 proposera l&rsquo;agr\u00e9ment comme volet de soumission de r\u00e9sum\u00e9s.<\/p>\n<p>Nous esp\u00e9rons que les participants du CIMU qui s&rsquo;int\u00e9ressent \u00e0 l&rsquo;agr\u00e9ment \u00e0 l\u2019\u00e9chelle local et mondial seront pr\u00e9sents au CIMU 2025.<\/p>\n","protected":false},"excerpt":{"rendered":"<p>CIMU 2025: Le 3-6 avril 2025, Halifax, Nouvelle-\u00c9cosse, Canada L&rsquo;agr\u00e9ment, \u00e0 l&rsquo;\u00e9chelle locale et mondiale, conna\u00eet de profonds changements. L&rsquo;agr\u00e9ment des facult\u00e9s de m\u00e9decine au Canada se trouve \u00e0 un point tournant unique depuis sa s\u00e9paration en 2021 de l&rsquo;organisme d&rsquo;agr\u00e9ment am\u00e9ricain, le Liaison Committee in Medical Education (LCME), un grand changement dont la mise [&hellip;]<\/p>\n","protected":false},"author":7,"featured_media":0,"parent":158,"menu_order":0,"comment_status":"closed","ping_status":"closed","template":"","meta":{"_acf_changed":false,"footnotes":""},"class_list":["post-516","page","type-page","status-publish","hentry"],"acf":[],"yoast_head":"<!-- This site is optimized with the Yoast SEO plugin v26.2 - https:\/\/yoast.com\/wordpress\/plugins\/seo\/ -->\n<title>L&#039;agr\u00e9ment dans le contexte du Congr\u00e8s international de m\u00e9decine universitaire (CIMU) - CACMS | CAFMC<\/title>\n<meta name=\"robots\" content=\"index, follow, max-snippet:-1, max-image-preview:large, max-video-preview:-1\" \/>\n<link rel=\"canonical\" href=\"https:\/\/cacms-cafmc.ca\/fr\/a-propos-de-cafmc\/agrement-dans-le-contexte-du-cimu\/\" \/>\n<meta property=\"og:locale\" content=\"fr_FR\" \/>\n<meta property=\"og:type\" content=\"article\" \/>\n<meta property=\"og:title\" content=\"L&#039;agr\u00e9ment dans le contexte du Congr\u00e8s international de m\u00e9decine universitaire (CIMU) - CACMS | CAFMC\" \/>\n<meta property=\"og:description\" content=\"CIMU 2025: Le 3-6 avril 2025, Halifax, Nouvelle-\u00c9cosse, Canada L&rsquo;agr\u00e9ment, \u00e0 l&rsquo;\u00e9chelle locale et mondiale, conna\u00eet de profonds changements. L&rsquo;agr\u00e9ment des facult\u00e9s de m\u00e9decine au Canada se trouve \u00e0 un point tournant unique depuis sa s\u00e9paration en 2021 de l&rsquo;organisme d&rsquo;agr\u00e9ment am\u00e9ricain, le Liaison Committee in Medical Education (LCME), un grand changement dont la mise [&hellip;]\" \/>\n<meta property=\"og:url\" content=\"https:\/\/cacms-cafmc.ca\/fr\/a-propos-de-cafmc\/agrement-dans-le-contexte-du-cimu\/\" \/>\n<meta property=\"og:site_name\" content=\"CACMS | CAFMC\" \/>\n<meta property=\"article:modified_time\" content=\"2025-07-09T15:48:22+00:00\" \/>\n<meta name=\"twitter:card\" content=\"summary_large_image\" \/>\n<meta name=\"twitter:label1\" content=\"Dur\u00e9e de lecture estim\u00e9e\" \/>\n\t<meta name=\"twitter:data1\" content=\"1 minute\" \/>\n<script type=\"application\/ld+json\" class=\"yoast-schema-graph\">{\"@context\":\"https:\/\/schema.org\",\"@graph\":[{\"@type\":\"WebPage\",\"@id\":\"https:\/\/cacms-cafmc.ca\/fr\/a-propos-de-cafmc\/agrement-dans-le-contexte-du-cimu\/\",\"url\":\"https:\/\/cacms-cafmc.ca\/fr\/a-propos-de-cafmc\/agrement-dans-le-contexte-du-cimu\/\",\"name\":\"L'agr\u00e9ment dans le contexte du Congr\u00e8s international de m\u00e9decine universitaire (CIMU) - CACMS | CAFMC\",\"isPartOf\":{\"@id\":\"https:\/\/cacms-cafmc.ca\/#website\"},\"datePublished\":\"2022-11-17T17:42:36+00:00\",\"dateModified\":\"2025-07-09T15:48:22+00:00\",\"breadcrumb\":{\"@id\":\"https:\/\/cacms-cafmc.ca\/fr\/a-propos-de-cafmc\/agrement-dans-le-contexte-du-cimu\/#breadcrumb\"},\"inLanguage\":\"fr-FR\",\"potentialAction\":[{\"@type\":\"ReadAction\",\"target\":[\"https:\/\/cacms-cafmc.ca\/fr\/a-propos-de-cafmc\/agrement-dans-le-contexte-du-cimu\/\"]}]},{\"@type\":\"BreadcrumbList\",\"@id\":\"https:\/\/cacms-cafmc.ca\/fr\/a-propos-de-cafmc\/agrement-dans-le-contexte-du-cimu\/#breadcrumb\",\"itemListElement\":[{\"@type\":\"ListItem\",\"position\":1,\"name\":\"Home\",\"item\":\"https:\/\/cacms-cafmc.ca\/fr\/\"},{\"@type\":\"ListItem\",\"position\":2,\"name\":\"\u00c0 propos du CAFMC\",\"item\":\"https:\/\/cacms-cafmc.ca\/fr\/a-propos-de-cafmc\/\"},{\"@type\":\"ListItem\",\"position\":3,\"name\":\"L&#8217;agr\u00e9ment dans le contexte du Congr\u00e8s international de m\u00e9decine universitaire (CIMU)\"}]},{\"@type\":\"WebSite\",\"@id\":\"https:\/\/cacms-cafmc.ca\/#website\",\"url\":\"https:\/\/cacms-cafmc.ca\/\",\"name\":\"CACMS | CAFMC\",\"description\":\"\",\"potentialAction\":[{\"@type\":\"SearchAction\",\"target\":{\"@type\":\"EntryPoint\",\"urlTemplate\":\"https:\/\/cacms-cafmc.ca\/?s={search_term_string}\"},\"query-input\":{\"@type\":\"PropertyValueSpecification\",\"valueRequired\":true,\"valueName\":\"search_term_string\"}}],\"inLanguage\":\"fr-FR\"}]}<\/script>\n<!-- \/ Yoast SEO plugin. -->","yoast_head_json":{"title":"L'agr\u00e9ment dans le contexte du Congr\u00e8s international de m\u00e9decine universitaire (CIMU) - CACMS | CAFMC","robots":{"index":"index","follow":"follow","max-snippet":"max-snippet:-1","max-image-preview":"max-image-preview:large","max-video-preview":"max-video-preview:-1"},"canonical":"https:\/\/cacms-cafmc.ca\/fr\/a-propos-de-cafmc\/agrement-dans-le-contexte-du-cimu\/","og_locale":"fr_FR","og_type":"article","og_title":"L'agr\u00e9ment dans le contexte du Congr\u00e8s international de m\u00e9decine universitaire (CIMU) - CACMS | CAFMC","og_description":"CIMU 2025: Le 3-6 avril 2025, Halifax, Nouvelle-\u00c9cosse, Canada L&rsquo;agr\u00e9ment, \u00e0 l&rsquo;\u00e9chelle locale et mondiale, conna\u00eet de profonds changements. L&rsquo;agr\u00e9ment des facult\u00e9s de m\u00e9decine au Canada se trouve \u00e0 un point tournant unique depuis sa s\u00e9paration en 2021 de l&rsquo;organisme d&rsquo;agr\u00e9ment am\u00e9ricain, le Liaison Committee in Medical Education (LCME), un grand changement dont la mise [&hellip;]","og_url":"https:\/\/cacms-cafmc.ca\/fr\/a-propos-de-cafmc\/agrement-dans-le-contexte-du-cimu\/","og_site_name":"CACMS | CAFMC","article_modified_time":"2025-07-09T15:48:22+00:00","twitter_card":"summary_large_image","twitter_misc":{"Dur\u00e9e de lecture estim\u00e9e":"1 minute"},"schema":{"@context":"https:\/\/schema.org","@graph":[{"@type":"WebPage","@id":"https:\/\/cacms-cafmc.ca\/fr\/a-propos-de-cafmc\/agrement-dans-le-contexte-du-cimu\/","url":"https:\/\/cacms-cafmc.ca\/fr\/a-propos-de-cafmc\/agrement-dans-le-contexte-du-cimu\/","name":"L'agr\u00e9ment dans le contexte du Congr\u00e8s international de m\u00e9decine universitaire (CIMU) - CACMS | CAFMC","isPartOf":{"@id":"https:\/\/cacms-cafmc.ca\/#website"},"datePublished":"2022-11-17T17:42:36+00:00","dateModified":"2025-07-09T15:48:22+00:00","breadcrumb":{"@id":"https:\/\/cacms-cafmc.ca\/fr\/a-propos-de-cafmc\/agrement-dans-le-contexte-du-cimu\/#breadcrumb"},"inLanguage":"fr-FR","potentialAction":[{"@type":"ReadAction","target":["https:\/\/cacms-cafmc.ca\/fr\/a-propos-de-cafmc\/agrement-dans-le-contexte-du-cimu\/"]}]},{"@type":"BreadcrumbList","@id":"https:\/\/cacms-cafmc.ca\/fr\/a-propos-de-cafmc\/agrement-dans-le-contexte-du-cimu\/#breadcrumb","itemListElement":[{"@type":"ListItem","position":1,"name":"Home","item":"https:\/\/cacms-cafmc.ca\/fr\/"},{"@type":"ListItem","position":2,"name":"\u00c0 propos du CAFMC","item":"https:\/\/cacms-cafmc.ca\/fr\/a-propos-de-cafmc\/"},{"@type":"ListItem","position":3,"name":"L&#8217;agr\u00e9ment dans le contexte du Congr\u00e8s international de m\u00e9decine universitaire (CIMU)"}]},{"@type":"WebSite","@id":"https:\/\/cacms-cafmc.ca\/#website","url":"https:\/\/cacms-cafmc.ca\/","name":"CACMS | CAFMC","description":"","potentialAction":[{"@type":"SearchAction","target":{"@type":"EntryPoint","urlTemplate":"https:\/\/cacms-cafmc.ca\/?s={search_term_string}"},"query-input":{"@type":"PropertyValueSpecification","valueRequired":true,"valueName":"search_term_string"}}],"inLanguage":"fr-FR"}]}},"_links":{"self":[{"href":"https:\/\/cacms-cafmc.ca\/fr\/wp-json\/wp\/v2\/pages\/516","targetHints":{"allow":["GET"]}}],"collection":[{"href":"https:\/\/cacms-cafmc.ca\/fr\/wp-json\/wp\/v2\/pages"}],"about":[{"href":"https:\/\/cacms-cafmc.ca\/fr\/wp-json\/wp\/v2\/types\/page"}],"author":[{"embeddable":true,"href":"https:\/\/cacms-cafmc.ca\/fr\/wp-json\/wp\/v2\/users\/7"}],"replies":[{"embeddable":true,"href":"https:\/\/cacms-cafmc.ca\/fr\/wp-json\/wp\/v2\/comments?post=516"}],"version-history":[{"count":15,"href":"https:\/\/cacms-cafmc.ca\/fr\/wp-json\/wp\/v2\/pages\/516\/revisions"}],"predecessor-version":[{"id":1597,"href":"https:\/\/cacms-cafmc.ca\/fr\/wp-json\/wp\/v2\/pages\/516\/revisions\/1597"}],"up":[{"embeddable":true,"href":"https:\/\/cacms-cafmc.ca\/fr\/wp-json\/wp\/v2\/pages\/158"}],"wp:attachment":[{"href":"https:\/\/cacms-cafmc.ca\/fr\/wp-json\/wp\/v2\/media?parent=516"}],"curies":[{"name":"wp","href":"https:\/\/api.w.org\/{rel}","templated":true}]}}