{"id":510,"date":"2022-11-17T17:41:57","date_gmt":"2022-11-17T17:41:57","guid":{"rendered":"https:\/\/cacms-cafmc.ca\/a-propos-de-cafmc\/next-full-site-visit-dates\/"},"modified":"2025-12-15T01:26:18","modified_gmt":"2025-12-15T01:26:18","slug":"dates-des-visites-dagrement-completes","status":"publish","type":"page","link":"https:\/\/cacms-cafmc.ca\/fr\/a-propos-de-cafmc\/dates-des-visites-dagrement-completes\/","title":{"rendered":"Dates des visites d&rsquo;agr\u00e9ment compl\u00e8tes"},"content":{"rendered":"<div class=\"wpb-content-wrapper\"><p>[vc_row][vc_column][vc_column_text css=\u00a0\u00bb\u00a0\u00bb]<\/p>\n<table dir=\"ltr\" style=\"height: 1422px;\" border=\"0\" width=\"897\" cellspacing=\"1\" cellpadding=\"5\">\n<colgroup>\n<col width=\"400\" \/>\n<col width=\"176\" \/>\n<col width=\"224\" \/><\/colgroup>\n<tbody>\n<tr style=\"background-color: #4a82c3; color: #fff;\">\n<td data-sheets-value=\"{&quot;1&quot;:2,&quot;2&quot;:&quot;Faculties of Medcine by Province&quot;}\">Facult\u00e9s de m\u00e9decine par province<\/td>\n<td data-sheets-value=\"{&quot;1&quot;:2,&quot;2&quot;:&quot;Academic Year of the\\nLast Full Accreditation Visit&quot;}\">Dates des derni\u00e8res visites d&rsquo;agr\u00e9ment compl\u00e8tes<\/td>\n<td data-sheets-value=\"{&quot;1&quot;:2,&quot;2&quot;:&quot;Academic Year (no later than)\\nof the Next Full Accreditation Visit&quot;}\">Dates des prochaines visites d&rsquo;agr\u00e9ment compl\u00e8tes (au plus tard)<\/td>\n<\/tr>\n<tr style=\"background-color: #e2ebf6;\">\n<td data-sheets-value=\"{&quot;1&quot;:2,&quot;2&quot;:&quot;Newfoundland &amp; Labrador&quot;}\"><strong>Alberta<\/strong><\/td>\n<td><\/td>\n<td><\/td>\n<\/tr>\n<tr style=\"background-color: #e2ebf6;\">\n<td data-sheets-value=\"{&quot;1&quot;:2,&quot;2&quot;:&quot;Memorial University of Newfoundland, Faculty of Medicine&quot;}\">Universit\u00e9 de l&rsquo;Alberta, Facult\u00e9 de m\u00e9decine et de dentistrie<\/td>\n<td style=\"text-align: center;\" data-sheets-value=\"{&quot;1&quot;:2,&quot;2&quot;:&quot;2021-2022&quot;}\">2022-2023<\/td>\n<td style=\"text-align: center;\" data-sheets-value=\"{&quot;1&quot;:2,&quot;2&quot;:&quot;2028-2029&quot;}\">2029-2030<\/td>\n<\/tr>\n<tr style=\"background-color: #e2ebf6;\">\n<td data-sheets-value=\"{&quot;1&quot;:2,&quot;2&quot;:&quot;University of Calgary, Cumming School of Medicine&quot;}\">Universit\u00e9 de Calgary, \u00c9cole de m\u00e9decine Cumming School<\/td>\n<td style=\"text-align: center;\" data-sheets-value=\"{&quot;1&quot;:2,&quot;2&quot;:&quot;2015-2016&quot;}\">2015-2016<\/td>\n<td style=\"text-align: center;\" data-sheets-value=\"{&quot;1&quot;:2,&quot;2&quot;:&quot;2024-2025&quot;}\">2024-2025<\/td>\n<\/tr>\n<tr>\n<td><\/td>\n<td><\/td>\n<td><\/td>\n<\/tr>\n<tr style=\"background-color: #e2ebf6;\">\n<td data-sheets-value=\"{&quot;1&quot;:2,&quot;2&quot;:&quot;Nova Scotia&quot;}\"><strong>Colombie-Britannique<\/strong><\/td>\n<td><\/td>\n<td><\/td>\n<\/tr>\n<tr style=\"background-color: #e2ebf6;\">\n<td data-sheets-value=\"{&quot;1&quot;:2,&quot;2&quot;:&quot;Dalhousie University, Faculty of Medicine&quot;}\">Universit\u00e9 de la Columbie-Britannique, Facult\u00e9 de m\u00e9decine<\/td>\n<td style=\"text-align: center;\" data-sheets-value=\"{&quot;1&quot;:2,&quot;2&quot;:&quot;2016-2017&quot;}\">2024-2025<\/td>\n<td style=\"text-align: center;\" data-sheets-value=\"{&quot;1&quot;:2,&quot;2&quot;:&quot;2024-2025&quot;}\">2032-2033<\/td>\n<\/tr>\n<tr>\n<td><\/td>\n<td><\/td>\n<td><\/td>\n<\/tr>\n<tr style=\"background-color: #e2ebf6;\">\n<td data-sheets-value=\"{&quot;1&quot;:2,&quot;2&quot;:&quot;Quebec&quot;}\"><strong>Manitoba<\/strong><\/td>\n<td><\/td>\n<td><\/td>\n<\/tr>\n<tr style=\"background-color: #e2ebf6;\">\n<td data-sheets-value=\"{&quot;1&quot;:2,&quot;2&quot;:&quot;Universit\u00e9 Laval, Facult\u00e9 de m\u00e9decine&quot;}\">Universit\u00e9 du Manitoba, \u00c9cole de m\u00e9decine Max Rady<\/td>\n<td style=\"text-align: center;\" data-sheets-value=\"{&quot;1&quot;:2,&quot;2&quot;:&quot;2021-2022&quot;}\">2018-2019<\/td>\n<td style=\"text-align: center;\" data-sheets-value=\"{&quot;1&quot;:2,&quot;2&quot;:&quot;2029-2030&quot;}\">2026-2027<\/td>\n<\/tr>\n<tr>\n<td><\/td>\n<td><\/td>\n<td><\/td>\n<\/tr>\n<tr style=\"background-color: #e2ebf6;\">\n<td data-sheets-value=\"{&quot;1&quot;:2,&quot;2&quot;:&quot;Manitoba&quot;}\"><strong>Nouvelle-\u00c9cosse<\/strong><\/td>\n<td><\/td>\n<td><\/td>\n<\/tr>\n<tr style=\"background-color: #e2ebf6;\">\n<td data-sheets-value=\"{&quot;1&quot;:2,&quot;2&quot;:&quot;University of Manitoba, Max Rady College of Medicine&quot;}\">Universit\u00e9 Dalhousie, Facult\u00e9 de m\u00e9decine<\/td>\n<td style=\"text-align: center;\" data-sheets-value=\"{&quot;1&quot;:2,&quot;2&quot;:&quot;2018-2019&quot;}\">2024-2025<\/td>\n<td style=\"text-align: center;\" data-sheets-value=\"{&quot;1&quot;:2,&quot;2&quot;:&quot;2026-2027&quot;}\">2032-2033<\/td>\n<\/tr>\n<tr>\n<td><\/td>\n<td><\/td>\n<td><\/td>\n<\/tr>\n<tr style=\"background-color: #e2ebf6;\">\n<td data-sheets-value=\"{&quot;1&quot;:2,&quot;2&quot;:&quot;Saskatchewan&quot;}\"><strong>Ontario<\/strong><\/td>\n<td><\/td>\n<td><\/td>\n<\/tr>\n<tr style=\"background-color: #e2ebf6;\">\n<td data-sheets-value=\"{&quot;1&quot;:2,&quot;2&quot;:&quot;McMaster University, Michael G. DeGroote School of Medicine&quot;}\">Universit\u00e9 McMaster, \u00c9cole de m\u00e9decine Michael G. DeGroote<\/td>\n<td style=\"text-align: center;\" data-sheets-value=\"{&quot;1&quot;:2,&quot;2&quot;:&quot;2014-2015&quot;}\">2022-2023<\/td>\n<td style=\"text-align: center;\" data-sheets-value=\"{&quot;1&quot;:2,&quot;2&quot;:&quot;2022-2023&quot;}\">2030-2031<\/td>\n<\/tr>\n<tr style=\"background-color: #e2ebf6;\">\n<td data-sheets-value=\"{&quot;1&quot;:2,&quot;2&quot;:&quot;Northern Ontario School of Medicine University&quot;}\">\u00c9cole de m\u00e9decine du Nord de l\u2019Ontario<\/td>\n<td style=\"text-align: center;\" data-sheets-value=\"{&quot;1&quot;:2,&quot;2&quot;:&quot;2020-2021&quot;}\">2020-2021<\/td>\n<td style=\"text-align: center;\" data-sheets-value=\"{&quot;1&quot;:2,&quot;2&quot;:&quot;2027-2028&quot;}\">2028-2029<\/td>\n<\/tr>\n<tr style=\"background-color: #e2ebf6;\">\n<td data-sheets-value=\"{&quot;1&quot;:2,&quot;2&quot;:&quot;University of Ottawa, Faculty of Medicine&quot;}\">Universit\u00e9 d&rsquo;Ottawa, Facult\u00e9 de m\u00e9decine<\/td>\n<td style=\"text-align: center;\" data-sheets-value=\"{&quot;1&quot;:2,&quot;2&quot;:&quot;2017-2018&quot;}\">2017-2018<\/td>\n<td style=\"text-align: center;\" data-sheets-value=\"{&quot;1&quot;:2,&quot;2&quot;:&quot;2026-2027&quot;}\">2026-2027<\/td>\n<\/tr>\n<tr style=\"background-color: #e2ebf6;\">\n<td data-sheets-value=\"{&quot;1&quot;:2,&quot;2&quot;:&quot;Queen's University, School of Medicine&quot;}\">Universit\u00e9 Queen&rsquo;s, \u00c9cole de m\u00e9decine<\/td>\n<td style=\"text-align: center;\" data-sheets-value=\"{&quot;1&quot;:2,&quot;2&quot;:&quot;2014-2015&quot;}\">2022-2023<\/td>\n<td style=\"text-align: center;\" data-sheets-value=\"{&quot;1&quot;:2,&quot;2&quot;:&quot;2022-2023&quot;}\">2030-2031<\/td>\n<\/tr>\n<tr style=\"background-color: #e2ebf6;\">\n<td data-sheets-value=\"{&quot;1&quot;:2,&quot;2&quot;:&quot;University of Toronto, Temerty Faculty of Medicine&quot;}\">Universit\u00e9 de Toronto, Facult\u00e9 de m\u00e9decine Temerty<\/td>\n<td style=\"text-align: center;\" data-sheets-value=\"{&quot;1&quot;:2,&quot;2&quot;:&quot;2020-2021&quot;}\">2020-2021<\/td>\n<td style=\"text-align: center;\" data-sheets-value=\"{&quot;1&quot;:2,&quot;2&quot;:&quot;2028-2029&quot;}\">2028-2029<\/td>\n<\/tr>\n<tr style=\"background-color: #e2ebf6;\">\n<td data-sheets-value=\"{&quot;1&quot;:2,&quot;2&quot;:&quot;Western University, Schulich School of Medicine and Dentistry&quot;}\">Universit\u00e9 Western, \u00c9cole de m\u00e9decine et de dentisterie Schulich<\/td>\n<td style=\"text-align: center;\" data-sheets-value=\"{&quot;1&quot;:2,&quot;2&quot;:&quot;2014-2015&quot;}\">2023-2024<\/td>\n<td style=\"text-align: center;\" data-sheets-value=\"{&quot;1&quot;:2,&quot;2&quot;:&quot;2023-2024&quot;}\">2031-2032<\/td>\n<\/tr>\n<tr>\n<td><\/td>\n<td><\/td>\n<td><\/td>\n<\/tr>\n<tr style=\"background-color: #e2ebf6;\">\n<td data-sheets-value=\"{&quot;1&quot;:2,&quot;2&quot;:&quot;Alberta&quot;}\"><strong>Qu\u00e9bec<\/strong><\/td>\n<td><\/td>\n<td><\/td>\n<\/tr>\n<tr style=\"background-color: #e2ebf6;\">\n<td data-sheets-value=\"{&quot;1&quot;:2,&quot;2&quot;:&quot;University of Alberta, Faculty of Medicine and Dentistry&quot;}\">Universit\u00e9 Laval, Facult\u00e9 de m\u00e9decine<\/td>\n<td style=\"text-align: center;\" data-sheets-value=\"{&quot;1&quot;:2,&quot;2&quot;:&quot;2013-2014&quot;}\">2021-2022<\/td>\n<td style=\"text-align: center;\" data-sheets-value=\"{&quot;1&quot;:2,&quot;2&quot;:&quot;2022-2023&quot;}\">2029-2030<\/td>\n<\/tr>\n<tr style=\"background-color: #e2ebf6;\">\n<td data-sheets-value=\"{&quot;1&quot;:2,&quot;2&quot;:&quot;McGill University, Faculty of Medicine&quot;}\">Universit\u00e9 McGill, Facult\u00e9 de m\u00e9decine et des sciences de la sant\u00e9 &#8211; Agr\u00e9\u00e9e avec probation<\/td>\n<td style=\"text-align: center;\" data-sheets-value=\"{&quot;1&quot;:2,&quot;2&quot;:&quot;2014-2015&quot;}\">2023-2024<\/td>\n<td style=\"text-align: center;\" data-sheets-value=\"{&quot;1&quot;:2,&quot;2&quot;:&quot;2023-2024&quot;}\">2031-2032<\/td>\n<\/tr>\n<tr style=\"background-color: #e2ebf6;\">\n<td data-sheets-value=\"{&quot;1&quot;:2,&quot;2&quot;:&quot;Universit\u00e9 de Montr\u00e9al, Facult\u00e9 de m\u00e9decine&quot;}\">Universit\u00e9 de Montr\u00e9al, Facult\u00e9 de m\u00e9decine<\/td>\n<td style=\"text-align: center;\" data-sheets-value=\"{&quot;1&quot;:2,&quot;2&quot;:&quot;2013-2014&quot;}\">2022-2023<\/td>\n<td style=\"text-align: center;\" data-sheets-value=\"{&quot;1&quot;:2,&quot;2&quot;:&quot;2022-2023&quot;}\">2030-2031<\/td>\n<\/tr>\n<tr style=\"background-color: #e2ebf6;\">\n<td data-sheets-value=\"{&quot;1&quot;:2,&quot;2&quot;:&quot;Universit\u00e9 de Sherbrooke, Facult\u00e9e de m\u00e9decine&quot;}\">Universit\u00e9 de Sherbrooke, Facult\u00e9 de m\u00e9decine et des sciences de la sant\u00e9<\/td>\n<td style=\"text-align: center;\" data-sheets-value=\"{&quot;1&quot;:2,&quot;2&quot;:&quot;2018-2019&quot;}\">2018-2019<\/td>\n<td style=\"text-align: center;\" data-sheets-value=\"{&quot;1&quot;:2,&quot;2&quot;:&quot;2026-2027&quot;}\">2027-2028<\/td>\n<\/tr>\n<tr>\n<td><\/td>\n<td><\/td>\n<td><\/td>\n<\/tr>\n<tr style=\"background-color: #e2ebf6;\">\n<td data-sheets-value=\"{&quot;1&quot;:2,&quot;2&quot;:&quot;British Columbia&quot;}\"><strong>Saskatchewan<\/strong><\/td>\n<td><\/td>\n<td><\/td>\n<\/tr>\n<tr style=\"background-color: #e2ebf6;\">\n<td data-sheets-value=\"{&quot;1&quot;:2,&quot;2&quot;:&quot;University of Saskatchewan, College of Medicine&quot;}\">Universit\u00e9 de Saskatchewan, \u00c9cole de m\u00e9decine<\/td>\n<td style=\"text-align: center;\" data-sheets-value=\"{&quot;1&quot;:2,&quot;2&quot;:&quot;2017-2018&quot;}\">2017-2018<\/td>\n<td style=\"text-align: center;\" data-sheets-value=\"{&quot;1&quot;:2,&quot;2&quot;:&quot;2025-2026&quot;}\">2025-2026<\/td>\n<\/tr>\n<tr>\n<td><\/td>\n<td><\/td>\n<td><\/td>\n<\/tr>\n<tr style=\"background-color: #e2ebf6;\">\n<td data-sheets-value=\"{&quot;1&quot;:2,&quot;2&quot;:&quot;Ontario&quot;}\"><strong>Terre-Neuve-et-Labrador<\/strong><\/td>\n<td><\/td>\n<td><\/td>\n<\/tr>\n<tr style=\"background-color: #e2ebf6;\">\n<td data-sheets-value=\"{&quot;1&quot;:2,&quot;2&quot;:&quot;McMaster University, Michael G. DeGroote School of Medicine&quot;}\">Universit\u00e9 Memorial de Terre-Neuve et Labrador, Facult\u00e9 de m\u00e9decine<\/td>\n<td style=\"text-align: center;\" data-sheets-value=\"{&quot;1&quot;:2,&quot;2&quot;:&quot;2014-2015&quot;}\">2021-2022<\/td>\n<td style=\"text-align: center;\" data-sheets-value=\"{&quot;1&quot;:2,&quot;2&quot;:&quot;2022-2023&quot;}\">2029-2030<\/td>\n<\/tr>\n<\/tbody>\n<\/table>\n<p>[\/vc_column_text][\/vc_column][\/vc_row]<\/p>\n<\/div>","protected":false},"excerpt":{"rendered":"<p>[vc_row][vc_column][vc_column_text css=\u00a0\u00bb\u00a0\u00bb] Facult\u00e9s de m\u00e9decine par province Dates des derni\u00e8res visites d&rsquo;agr\u00e9ment compl\u00e8tes Dates des prochaines visites d&rsquo;agr\u00e9ment compl\u00e8tes (au plus tard) Alberta Universit\u00e9 de l&rsquo;Alberta, Facult\u00e9 de m\u00e9decine et de dentistrie 2022-2023 2029-2030 Universit\u00e9 de Calgary, \u00c9cole de m\u00e9decine Cumming School 2015-2016 2024-2025 Colombie-Britannique Universit\u00e9 de la Columbie-Britannique, Facult\u00e9 de m\u00e9decine 2024-2025 2032-2033 Manitoba [&hellip;]<\/p>\n","protected":false},"author":7,"featured_media":0,"parent":158,"menu_order":0,"comment_status":"closed","ping_status":"closed","template":"","meta":{"_acf_changed":false,"footnotes":""},"class_list":["post-510","page","type-page","status-publish","hentry"],"acf":[],"yoast_head":"<!-- This site is optimized with the Yoast SEO plugin v26.2 - https:\/\/yoast.com\/wordpress\/plugins\/seo\/ -->\n<title>Dates des visites d&#039;agr\u00e9ment compl\u00e8tes - CACMS | CAFMC<\/title>\n<meta name=\"robots\" content=\"index, follow, max-snippet:-1, max-image-preview:large, max-video-preview:-1\" \/>\n<link rel=\"canonical\" href=\"https:\/\/cacms-cafmc.ca\/fr\/a-propos-de-cafmc\/dates-des-visites-dagrement-completes\/\" \/>\n<meta property=\"og:locale\" content=\"fr_FR\" \/>\n<meta property=\"og:type\" content=\"article\" \/>\n<meta property=\"og:title\" content=\"Dates des visites d&#039;agr\u00e9ment compl\u00e8tes - CACMS | CAFMC\" \/>\n<meta property=\"og:description\" content=\"[vc_row][vc_column][vc_column_text css=\u00a0\u00bb\u00a0\u00bb] Facult\u00e9s de m\u00e9decine par province Dates des derni\u00e8res visites d&rsquo;agr\u00e9ment compl\u00e8tes Dates des prochaines visites d&rsquo;agr\u00e9ment compl\u00e8tes (au plus tard) Alberta Universit\u00e9 de l&rsquo;Alberta, Facult\u00e9 de m\u00e9decine et de dentistrie 2022-2023 2029-2030 Universit\u00e9 de Calgary, \u00c9cole de m\u00e9decine Cumming School 2015-2016 2024-2025 Colombie-Britannique Universit\u00e9 de la Columbie-Britannique, Facult\u00e9 de m\u00e9decine 2024-2025 2032-2033 Manitoba [&hellip;]\" \/>\n<meta property=\"og:url\" content=\"https:\/\/cacms-cafmc.ca\/fr\/a-propos-de-cafmc\/dates-des-visites-dagrement-completes\/\" \/>\n<meta property=\"og:site_name\" content=\"CACMS | CAFMC\" \/>\n<meta property=\"article:modified_time\" content=\"2025-12-15T01:26:18+00:00\" \/>\n<meta name=\"twitter:card\" content=\"summary_large_image\" \/>\n<meta name=\"twitter:label1\" content=\"Dur\u00e9e de lecture estim\u00e9e\" \/>\n\t<meta name=\"twitter:data1\" content=\"1 minute\" \/>\n<script type=\"application\/ld+json\" class=\"yoast-schema-graph\">{\"@context\":\"https:\/\/schema.org\",\"@graph\":[{\"@type\":\"WebPage\",\"@id\":\"https:\/\/cacms-cafmc.ca\/fr\/a-propos-de-cafmc\/dates-des-visites-dagrement-completes\/\",\"url\":\"https:\/\/cacms-cafmc.ca\/fr\/a-propos-de-cafmc\/dates-des-visites-dagrement-completes\/\",\"name\":\"Dates des visites d'agr\u00e9ment compl\u00e8tes - CACMS | CAFMC\",\"isPartOf\":{\"@id\":\"https:\/\/cacms-cafmc.ca\/#website\"},\"datePublished\":\"2022-11-17T17:41:57+00:00\",\"dateModified\":\"2025-12-15T01:26:18+00:00\",\"breadcrumb\":{\"@id\":\"https:\/\/cacms-cafmc.ca\/fr\/a-propos-de-cafmc\/dates-des-visites-dagrement-completes\/#breadcrumb\"},\"inLanguage\":\"fr-FR\",\"potentialAction\":[{\"@type\":\"ReadAction\",\"target\":[\"https:\/\/cacms-cafmc.ca\/fr\/a-propos-de-cafmc\/dates-des-visites-dagrement-completes\/\"]}]},{\"@type\":\"BreadcrumbList\",\"@id\":\"https:\/\/cacms-cafmc.ca\/fr\/a-propos-de-cafmc\/dates-des-visites-dagrement-completes\/#breadcrumb\",\"itemListElement\":[{\"@type\":\"ListItem\",\"position\":1,\"name\":\"Home\",\"item\":\"https:\/\/cacms-cafmc.ca\/fr\/\"},{\"@type\":\"ListItem\",\"position\":2,\"name\":\"\u00c0 propos du CAFMC\",\"item\":\"https:\/\/cacms-cafmc.ca\/fr\/a-propos-de-cafmc\/\"},{\"@type\":\"ListItem\",\"position\":3,\"name\":\"Dates des visites d&#8217;agr\u00e9ment compl\u00e8tes\"}]},{\"@type\":\"WebSite\",\"@id\":\"https:\/\/cacms-cafmc.ca\/#website\",\"url\":\"https:\/\/cacms-cafmc.ca\/\",\"name\":\"CACMS | CAFMC\",\"description\":\"\",\"potentialAction\":[{\"@type\":\"SearchAction\",\"target\":{\"@type\":\"EntryPoint\",\"urlTemplate\":\"https:\/\/cacms-cafmc.ca\/?s={search_term_string}\"},\"query-input\":{\"@type\":\"PropertyValueSpecification\",\"valueRequired\":true,\"valueName\":\"search_term_string\"}}],\"inLanguage\":\"fr-FR\"}]}<\/script>\n<!-- \/ Yoast SEO plugin. -->","yoast_head_json":{"title":"Dates des visites d'agr\u00e9ment compl\u00e8tes - CACMS | CAFMC","robots":{"index":"index","follow":"follow","max-snippet":"max-snippet:-1","max-image-preview":"max-image-preview:large","max-video-preview":"max-video-preview:-1"},"canonical":"https:\/\/cacms-cafmc.ca\/fr\/a-propos-de-cafmc\/dates-des-visites-dagrement-completes\/","og_locale":"fr_FR","og_type":"article","og_title":"Dates des visites d'agr\u00e9ment compl\u00e8tes - CACMS | CAFMC","og_description":"[vc_row][vc_column][vc_column_text css=\u00a0\u00bb\u00a0\u00bb] Facult\u00e9s de m\u00e9decine par province Dates des derni\u00e8res visites d&rsquo;agr\u00e9ment compl\u00e8tes Dates des prochaines visites d&rsquo;agr\u00e9ment compl\u00e8tes (au plus tard) Alberta Universit\u00e9 de l&rsquo;Alberta, Facult\u00e9 de m\u00e9decine et de dentistrie 2022-2023 2029-2030 Universit\u00e9 de Calgary, \u00c9cole de m\u00e9decine Cumming School 2015-2016 2024-2025 Colombie-Britannique Universit\u00e9 de la Columbie-Britannique, Facult\u00e9 de m\u00e9decine 2024-2025 2032-2033 Manitoba [&hellip;]","og_url":"https:\/\/cacms-cafmc.ca\/fr\/a-propos-de-cafmc\/dates-des-visites-dagrement-completes\/","og_site_name":"CACMS | CAFMC","article_modified_time":"2025-12-15T01:26:18+00:00","twitter_card":"summary_large_image","twitter_misc":{"Dur\u00e9e de lecture estim\u00e9e":"1 minute"},"schema":{"@context":"https:\/\/schema.org","@graph":[{"@type":"WebPage","@id":"https:\/\/cacms-cafmc.ca\/fr\/a-propos-de-cafmc\/dates-des-visites-dagrement-completes\/","url":"https:\/\/cacms-cafmc.ca\/fr\/a-propos-de-cafmc\/dates-des-visites-dagrement-completes\/","name":"Dates des visites d'agr\u00e9ment compl\u00e8tes - CACMS | CAFMC","isPartOf":{"@id":"https:\/\/cacms-cafmc.ca\/#website"},"datePublished":"2022-11-17T17:41:57+00:00","dateModified":"2025-12-15T01:26:18+00:00","breadcrumb":{"@id":"https:\/\/cacms-cafmc.ca\/fr\/a-propos-de-cafmc\/dates-des-visites-dagrement-completes\/#breadcrumb"},"inLanguage":"fr-FR","potentialAction":[{"@type":"ReadAction","target":["https:\/\/cacms-cafmc.ca\/fr\/a-propos-de-cafmc\/dates-des-visites-dagrement-completes\/"]}]},{"@type":"BreadcrumbList","@id":"https:\/\/cacms-cafmc.ca\/fr\/a-propos-de-cafmc\/dates-des-visites-dagrement-completes\/#breadcrumb","itemListElement":[{"@type":"ListItem","position":1,"name":"Home","item":"https:\/\/cacms-cafmc.ca\/fr\/"},{"@type":"ListItem","position":2,"name":"\u00c0 propos du CAFMC","item":"https:\/\/cacms-cafmc.ca\/fr\/a-propos-de-cafmc\/"},{"@type":"ListItem","position":3,"name":"Dates des visites d&#8217;agr\u00e9ment compl\u00e8tes"}]},{"@type":"WebSite","@id":"https:\/\/cacms-cafmc.ca\/#website","url":"https:\/\/cacms-cafmc.ca\/","name":"CACMS | CAFMC","description":"","potentialAction":[{"@type":"SearchAction","target":{"@type":"EntryPoint","urlTemplate":"https:\/\/cacms-cafmc.ca\/?s={search_term_string}"},"query-input":{"@type":"PropertyValueSpecification","valueRequired":true,"valueName":"search_term_string"}}],"inLanguage":"fr-FR"}]}},"_links":{"self":[{"href":"https:\/\/cacms-cafmc.ca\/fr\/wp-json\/wp\/v2\/pages\/510","targetHints":{"allow":["GET"]}}],"collection":[{"href":"https:\/\/cacms-cafmc.ca\/fr\/wp-json\/wp\/v2\/pages"}],"about":[{"href":"https:\/\/cacms-cafmc.ca\/fr\/wp-json\/wp\/v2\/types\/page"}],"author":[{"embeddable":true,"href":"https:\/\/cacms-cafmc.ca\/fr\/wp-json\/wp\/v2\/users\/7"}],"replies":[{"embeddable":true,"href":"https:\/\/cacms-cafmc.ca\/fr\/wp-json\/wp\/v2\/comments?post=510"}],"version-history":[{"count":20,"href":"https:\/\/cacms-cafmc.ca\/fr\/wp-json\/wp\/v2\/pages\/510\/revisions"}],"predecessor-version":[{"id":2985,"href":"https:\/\/cacms-cafmc.ca\/fr\/wp-json\/wp\/v2\/pages\/510\/revisions\/2985"}],"up":[{"embeddable":true,"href":"https:\/\/cacms-cafmc.ca\/fr\/wp-json\/wp\/v2\/pages\/158"}],"wp:attachment":[{"href":"https:\/\/cacms-cafmc.ca\/fr\/wp-json\/wp\/v2\/media?parent=510"}],"curies":[{"name":"wp","href":"https:\/\/api.w.org\/{rel}","templated":true}]}}