{"id":506,"date":"2022-11-17T17:41:08","date_gmt":"2022-11-17T17:41:08","guid":{"rendered":"https:\/\/cacms-cafmc.ca\/a-propos-de-cafmc\/accredited-programs\/"},"modified":"2025-12-15T01:27:16","modified_gmt":"2025-12-15T01:27:16","slug":"programmes-deducation-medicale-canadiens-agrees","status":"publish","type":"page","link":"https:\/\/cacms-cafmc.ca\/fr\/a-propos-de-cafmc\/programmes-deducation-medicale-canadiens-agrees\/","title":{"rendered":"Programmes agr\u00e9\u00e9s"},"content":{"rendered":"<div class=\"wpb-content-wrapper\"><p>[vc_row][vc_column][vc_column_text css=\u00a0\u00bb\u00a0\u00bb]<strong>Alberta<\/strong><\/p>\n<ul>\n<li><a href=\"https:\/\/www.ualberta.ca\/medicine\" target=\"_blank\" rel=\"noopener\">Universit\u00e9 de l&rsquo;Alberta, Facult\u00e9 de m\u00e9decine et de dentisterie<\/a><\/li>\n<li><a href=\"https:\/\/cumming.ucalgary.ca\/\" target=\"_blank\" rel=\"noopener\">Universit\u00e9 de Calgary, Cumming School of Medicine<\/a><\/li>\n<\/ul>\n<p><strong>Colombie-Britannique<\/strong><\/p>\n<ul>\n<li><a href=\"https:\/\/www.med.ubc.ca\/\" target=\"_blank\" rel=\"noopener\">Universit\u00e9 de la Colombie-Britannique, Facult\u00e9 de m\u00e9decine<\/a><\/li>\n<\/ul>\n<p><strong>Manitoba<\/strong><\/p>\n<ul>\n<li><a href=\"http:\/\/www.umanitoba.ca\/faculties\/medicine\/\" target=\"_blank\" rel=\"noopener\"> Universit\u00e9 du Manitoba, Max Rady College of Medicine<\/a><\/li>\n<\/ul>\n<p><strong>Nouvelle-\u00c9cosse<\/strong><\/p>\n<ul>\n<li><a href=\"https:\/\/medicine.dal.ca\/\" target=\"_blank\" rel=\"noopener\">Universit\u00e9 Dalhousie, Facult\u00e9 de m\u00e9decine<\/a><\/li>\n<\/ul>\n<p><strong>Ontario<\/strong><\/p>\n<ul>\n<li><a href=\"https:\/\/medschool.healthsci.mcmaster.ca\/\" target=\"_blank\" rel=\"noopener\">Universit\u00e9 McMaster, \u00c9cole de m\u00e9decine Michael G. DeGroote<\/a><\/li>\n<li><a href=\"https:\/\/www.nosm.ca\/\" target=\"_blank\" rel=\"noopener\">\u00c9cole de m\u00e9decine du Nord de l&rsquo;Ontario<\/a><\/li>\n<li><a href=\"https:\/\/www.uottawa.ca\/faculte-medecine\/\" target=\"_blank\" rel=\"noopener\">Universit\u00e9 d&rsquo;Ottawa, Facult\u00e9 de m\u00e9dicine<\/a><\/li>\n<li><a href=\"http:\/\/meds.queensu.ca\/\" target=\"_blank\" rel=\"noopener\">Universit\u00e9 Queen&rsquo;s, \u00c9cole de m\u00e9decine<\/a><\/li>\n<li><a href=\"http:\/\/www.facmed.utoronto.ca\/\" target=\"_blank\" rel=\"noopener\">Universit\u00e9 de Toronto, Facult\u00e9 de m\u00e9decine Temerty<\/a><\/li>\n<li><a href=\"http:\/\/www.schulich.uwo.ca\/\" target=\"_blank\" rel=\"noopener\">Universit\u00e9 Western, \u00c9cole de m\u00e9decine et de dentisterie Schulich<\/a><\/li>\n<\/ul>\n<p><strong>Qu\u00e9bec<\/strong><\/p>\n<ul>\n<li><a href=\"https:\/\/www.fmed.ulaval.ca\/accueil\/\" target=\"_blank\" rel=\"noopener\">Universit\u00e9 Laval, Facult\u00e9 de m\u00e9decine<\/a><\/li>\n<li><a href=\"https:\/\/www.mcgill.ca\/medhealthsci\/fr\" target=\"_blank\" rel=\"noopener\">Universit\u00e9 McGill, Facult\u00e9 de m\u00e9decine et des sciences de la sant\u00e9<\/a> &#8211; Agr\u00e9\u00e9e avec probation<\/li>\n<li><a href=\"https:\/\/medecine.umontreal.ca\/\" target=\"_blank\" rel=\"noopener\">Universit\u00e9 de Montr\u00e9al, Facult\u00e9 de m\u00e9decine<\/a><\/li>\n<li><a href=\"http:\/\/www.usherbrooke.ca\/medecine\/\" target=\"_blank\" rel=\"noopener\">Universit\u00e9 de Sherbrooke, Facult\u00e9 de m\u00e9decine et des sciences de la sant\u00e9<\/a><\/li>\n<\/ul>\n<p><strong>Saskatchewan<\/strong><\/p>\n<ul>\n<li><a href=\"http:\/\/medicine.usask.ca\" target=\"_blank\" rel=\"noopener\">Universit\u00e9 de Saskatchewan, \u00c9cole de m\u00e9decine<\/a><\/li>\n<\/ul>\n<p><strong>Terre-Neuve-et-Labrador<\/strong><\/p>\n<ul>\n<li><a href=\"http:\/\/www.med.mun.ca\/medicine\/home.aspx\" target=\"_blank\" rel=\"noopener\">Universit\u00e9 Memorial de Terre-Neuve-et-Labrador, Facult\u00e9 de m\u00e9decine<\/a><\/li>\n<\/ul>\n<p>[\/vc_column_text][vc_column_text css=\u00a0\u00bb\u00a0\u00bb]<\/p>\n<h2>Agr\u00e9ment pr\u00e9liminaire<\/h2>\n<p><strong>Colombie-Britannique<\/strong><\/p>\n<ul>\n<li><a href=\"https:\/\/www.sfu.ca\/vpacademic\/sfu-medical-school.html\">Universit\u00e9 Simon Fraser<\/a><\/li>\n<\/ul>\n<p><strong>Ontario<\/strong><\/p>\n<ul>\n<li><a href=\"https:\/\/www.torontomu.ca\/school-of-medicine\/\" target=\"_blank\" rel=\"noopener\"><span style=\"font-weight: 400;\">Universit\u00e9 M\u00e9tropolitaine de Toronto<\/span><\/a><\/li>\n<\/ul>\n<p>[\/vc_column_text][vc_column_text css=\u00a0\u00bb\u00a0\u00bb]<\/p>\n<h2>Statut de demandeur<\/h2>\n<p><strong>Ontario<\/strong><\/p>\n<ul>\n<li><a href=\"https:\/\/www.yorku.ca\/medicine\/\">Universit\u00e9 York<\/a><\/li>\n<\/ul>\n<p>[\/vc_column_text][\/vc_column][\/vc_row]<\/p>\n<\/div>","protected":false},"excerpt":{"rendered":"<p>[vc_row][vc_column][vc_column_text css=\u00a0\u00bb\u00a0\u00bb]Alberta Universit\u00e9 de l&rsquo;Alberta, Facult\u00e9 de m\u00e9decine et de dentisterie Universit\u00e9 de Calgary, Cumming School of Medicine Colombie-Britannique Universit\u00e9 de la Colombie-Britannique, Facult\u00e9 de m\u00e9decine Manitoba Universit\u00e9 du Manitoba, Max Rady College of Medicine Nouvelle-\u00c9cosse Universit\u00e9 Dalhousie, Facult\u00e9 de m\u00e9decine Ontario Universit\u00e9 McMaster, \u00c9cole de m\u00e9decine Michael G. DeGroote \u00c9cole de m\u00e9decine du Nord [&hellip;]<\/p>\n","protected":false},"author":7,"featured_media":0,"parent":158,"menu_order":0,"comment_status":"closed","ping_status":"closed","template":"","meta":{"_acf_changed":false,"footnotes":""},"class_list":["post-506","page","type-page","status-publish","hentry"],"acf":[],"yoast_head":"<!-- This site is optimized with the Yoast SEO plugin v26.2 - https:\/\/yoast.com\/wordpress\/plugins\/seo\/ -->\n<title>Programmes agr\u00e9\u00e9s - CACMS | CAFMC<\/title>\n<meta name=\"robots\" content=\"index, follow, max-snippet:-1, max-image-preview:large, max-video-preview:-1\" \/>\n<link rel=\"canonical\" href=\"https:\/\/cacms-cafmc.ca\/fr\/a-propos-de-cafmc\/programmes-deducation-medicale-canadiens-agrees\/\" \/>\n<meta property=\"og:locale\" content=\"fr_FR\" \/>\n<meta property=\"og:type\" content=\"article\" \/>\n<meta property=\"og:title\" content=\"Programmes agr\u00e9\u00e9s - CACMS | CAFMC\" \/>\n<meta property=\"og:description\" content=\"[vc_row][vc_column][vc_column_text css=\u00a0\u00bb\u00a0\u00bb]Alberta Universit\u00e9 de l&rsquo;Alberta, Facult\u00e9 de m\u00e9decine et de dentisterie Universit\u00e9 de Calgary, Cumming School of Medicine Colombie-Britannique Universit\u00e9 de la Colombie-Britannique, Facult\u00e9 de m\u00e9decine Manitoba Universit\u00e9 du Manitoba, Max Rady College of Medicine Nouvelle-\u00c9cosse Universit\u00e9 Dalhousie, Facult\u00e9 de m\u00e9decine Ontario Universit\u00e9 McMaster, \u00c9cole de m\u00e9decine Michael G. DeGroote \u00c9cole de m\u00e9decine du Nord [&hellip;]\" \/>\n<meta property=\"og:url\" content=\"https:\/\/cacms-cafmc.ca\/fr\/a-propos-de-cafmc\/programmes-deducation-medicale-canadiens-agrees\/\" \/>\n<meta property=\"og:site_name\" content=\"CACMS | CAFMC\" \/>\n<meta property=\"article:modified_time\" content=\"2025-12-15T01:27:16+00:00\" \/>\n<meta name=\"twitter:card\" content=\"summary_large_image\" \/>\n<meta name=\"twitter:label1\" content=\"Dur\u00e9e de lecture estim\u00e9e\" \/>\n\t<meta name=\"twitter:data1\" content=\"1 minute\" \/>\n<script type=\"application\/ld+json\" class=\"yoast-schema-graph\">{\"@context\":\"https:\/\/schema.org\",\"@graph\":[{\"@type\":\"WebPage\",\"@id\":\"https:\/\/cacms-cafmc.ca\/fr\/a-propos-de-cafmc\/programmes-deducation-medicale-canadiens-agrees\/\",\"url\":\"https:\/\/cacms-cafmc.ca\/fr\/a-propos-de-cafmc\/programmes-deducation-medicale-canadiens-agrees\/\",\"name\":\"Programmes agr\u00e9\u00e9s - CACMS | CAFMC\",\"isPartOf\":{\"@id\":\"https:\/\/cacms-cafmc.ca\/#website\"},\"datePublished\":\"2022-11-17T17:41:08+00:00\",\"dateModified\":\"2025-12-15T01:27:16+00:00\",\"breadcrumb\":{\"@id\":\"https:\/\/cacms-cafmc.ca\/fr\/a-propos-de-cafmc\/programmes-deducation-medicale-canadiens-agrees\/#breadcrumb\"},\"inLanguage\":\"fr-FR\",\"potentialAction\":[{\"@type\":\"ReadAction\",\"target\":[\"https:\/\/cacms-cafmc.ca\/fr\/a-propos-de-cafmc\/programmes-deducation-medicale-canadiens-agrees\/\"]}]},{\"@type\":\"BreadcrumbList\",\"@id\":\"https:\/\/cacms-cafmc.ca\/fr\/a-propos-de-cafmc\/programmes-deducation-medicale-canadiens-agrees\/#breadcrumb\",\"itemListElement\":[{\"@type\":\"ListItem\",\"position\":1,\"name\":\"Home\",\"item\":\"https:\/\/cacms-cafmc.ca\/fr\/\"},{\"@type\":\"ListItem\",\"position\":2,\"name\":\"\u00c0 propos du CAFMC\",\"item\":\"https:\/\/cacms-cafmc.ca\/fr\/a-propos-de-cafmc\/\"},{\"@type\":\"ListItem\",\"position\":3,\"name\":\"Programmes agr\u00e9\u00e9s\"}]},{\"@type\":\"WebSite\",\"@id\":\"https:\/\/cacms-cafmc.ca\/#website\",\"url\":\"https:\/\/cacms-cafmc.ca\/\",\"name\":\"CACMS | CAFMC\",\"description\":\"\",\"potentialAction\":[{\"@type\":\"SearchAction\",\"target\":{\"@type\":\"EntryPoint\",\"urlTemplate\":\"https:\/\/cacms-cafmc.ca\/?s={search_term_string}\"},\"query-input\":{\"@type\":\"PropertyValueSpecification\",\"valueRequired\":true,\"valueName\":\"search_term_string\"}}],\"inLanguage\":\"fr-FR\"}]}<\/script>\n<!-- \/ Yoast SEO plugin. -->","yoast_head_json":{"title":"Programmes agr\u00e9\u00e9s - CACMS | CAFMC","robots":{"index":"index","follow":"follow","max-snippet":"max-snippet:-1","max-image-preview":"max-image-preview:large","max-video-preview":"max-video-preview:-1"},"canonical":"https:\/\/cacms-cafmc.ca\/fr\/a-propos-de-cafmc\/programmes-deducation-medicale-canadiens-agrees\/","og_locale":"fr_FR","og_type":"article","og_title":"Programmes agr\u00e9\u00e9s - CACMS | CAFMC","og_description":"[vc_row][vc_column][vc_column_text css=\u00a0\u00bb\u00a0\u00bb]Alberta Universit\u00e9 de l&rsquo;Alberta, Facult\u00e9 de m\u00e9decine et de dentisterie Universit\u00e9 de Calgary, Cumming School of Medicine Colombie-Britannique Universit\u00e9 de la Colombie-Britannique, Facult\u00e9 de m\u00e9decine Manitoba Universit\u00e9 du Manitoba, Max Rady College of Medicine Nouvelle-\u00c9cosse Universit\u00e9 Dalhousie, Facult\u00e9 de m\u00e9decine Ontario Universit\u00e9 McMaster, \u00c9cole de m\u00e9decine Michael G. DeGroote \u00c9cole de m\u00e9decine du Nord [&hellip;]","og_url":"https:\/\/cacms-cafmc.ca\/fr\/a-propos-de-cafmc\/programmes-deducation-medicale-canadiens-agrees\/","og_site_name":"CACMS | CAFMC","article_modified_time":"2025-12-15T01:27:16+00:00","twitter_card":"summary_large_image","twitter_misc":{"Dur\u00e9e de lecture estim\u00e9e":"1 minute"},"schema":{"@context":"https:\/\/schema.org","@graph":[{"@type":"WebPage","@id":"https:\/\/cacms-cafmc.ca\/fr\/a-propos-de-cafmc\/programmes-deducation-medicale-canadiens-agrees\/","url":"https:\/\/cacms-cafmc.ca\/fr\/a-propos-de-cafmc\/programmes-deducation-medicale-canadiens-agrees\/","name":"Programmes agr\u00e9\u00e9s - CACMS | CAFMC","isPartOf":{"@id":"https:\/\/cacms-cafmc.ca\/#website"},"datePublished":"2022-11-17T17:41:08+00:00","dateModified":"2025-12-15T01:27:16+00:00","breadcrumb":{"@id":"https:\/\/cacms-cafmc.ca\/fr\/a-propos-de-cafmc\/programmes-deducation-medicale-canadiens-agrees\/#breadcrumb"},"inLanguage":"fr-FR","potentialAction":[{"@type":"ReadAction","target":["https:\/\/cacms-cafmc.ca\/fr\/a-propos-de-cafmc\/programmes-deducation-medicale-canadiens-agrees\/"]}]},{"@type":"BreadcrumbList","@id":"https:\/\/cacms-cafmc.ca\/fr\/a-propos-de-cafmc\/programmes-deducation-medicale-canadiens-agrees\/#breadcrumb","itemListElement":[{"@type":"ListItem","position":1,"name":"Home","item":"https:\/\/cacms-cafmc.ca\/fr\/"},{"@type":"ListItem","position":2,"name":"\u00c0 propos du CAFMC","item":"https:\/\/cacms-cafmc.ca\/fr\/a-propos-de-cafmc\/"},{"@type":"ListItem","position":3,"name":"Programmes agr\u00e9\u00e9s"}]},{"@type":"WebSite","@id":"https:\/\/cacms-cafmc.ca\/#website","url":"https:\/\/cacms-cafmc.ca\/","name":"CACMS | CAFMC","description":"","potentialAction":[{"@type":"SearchAction","target":{"@type":"EntryPoint","urlTemplate":"https:\/\/cacms-cafmc.ca\/?s={search_term_string}"},"query-input":{"@type":"PropertyValueSpecification","valueRequired":true,"valueName":"search_term_string"}}],"inLanguage":"fr-FR"}]}},"_links":{"self":[{"href":"https:\/\/cacms-cafmc.ca\/fr\/wp-json\/wp\/v2\/pages\/506","targetHints":{"allow":["GET"]}}],"collection":[{"href":"https:\/\/cacms-cafmc.ca\/fr\/wp-json\/wp\/v2\/pages"}],"about":[{"href":"https:\/\/cacms-cafmc.ca\/fr\/wp-json\/wp\/v2\/types\/page"}],"author":[{"embeddable":true,"href":"https:\/\/cacms-cafmc.ca\/fr\/wp-json\/wp\/v2\/users\/7"}],"replies":[{"embeddable":true,"href":"https:\/\/cacms-cafmc.ca\/fr\/wp-json\/wp\/v2\/comments?post=506"}],"version-history":[{"count":22,"href":"https:\/\/cacms-cafmc.ca\/fr\/wp-json\/wp\/v2\/pages\/506\/revisions"}],"predecessor-version":[{"id":2986,"href":"https:\/\/cacms-cafmc.ca\/fr\/wp-json\/wp\/v2\/pages\/506\/revisions\/2986"}],"up":[{"embeddable":true,"href":"https:\/\/cacms-cafmc.ca\/fr\/wp-json\/wp\/v2\/pages\/158"}],"wp:attachment":[{"href":"https:\/\/cacms-cafmc.ca\/fr\/wp-json\/wp\/v2\/media?parent=506"}],"curies":[{"name":"wp","href":"https:\/\/api.w.org\/{rel}","templated":true}]}}