{"id":499,"date":"2022-11-17T17:29:57","date_gmt":"2022-11-17T17:29:57","guid":{"rendered":"https:\/\/cacms-cafmc.ca\/a-propos-de-cafmc\/accreditation-procedure\/"},"modified":"2023-03-15T20:14:35","modified_gmt":"2023-03-15T20:14:35","slug":"procedures-dagrement","status":"publish","type":"page","link":"https:\/\/cacms-cafmc.ca\/fr\/a-propos-de-cafmc\/procedures-dagrement\/","title":{"rendered":"Proc\u00e9dures d&rsquo;agr\u00e9ment"},"content":{"rendered":"<div class=\"wpb-content-wrapper\"><p>[vc_row][vc_column][vc_column_text]<\/p>\n<h2>Pr\u00e9paratifs en vue de l\u2019agr\u00e9ment<\/h2>\n<p>Les visites se d\u00e9roulent normalement au printemps. Les visites d\u2019agr\u00e9ment compl\u00e8tes se d\u00e9roulent g\u00e9n\u00e9ralement en deux \u00e9tapes sur un cycle de huit ans. La premi\u00e8re \u00e9tape est une visite virtuelle effectu\u00e9e par le biais de la technologie \u00e0 distance. La deuxi\u00e8me \u00e9tape, pr\u00e9vue de quatre \u00e0 six semaines plus tard, est con\u00e7ue comme une visite sur place, mais peut se d\u00e9rouler sous forme virtuelle lorsque les circonstances ne permettent pas de rencontres en personne.<\/p>\n<p>Le mat\u00e9riel et les directives sont envoy\u00e9s aux facult\u00e9s de 18 \u00e0 24 mois avant la visite, ce qui leur donne le temps n\u00e9cessaire pour compiler les r\u00e9sultats tir\u00e9s de l\u2019Instrument de collecte de donn\u00e9es (ICD) et entreprendre une auto-\u00e9valuation de la facult\u00e9 de m\u00e9decine (AEFM).<\/p>\n<p>La facult\u00e9 remplit l\u2019Instrument de collecte de donn\u00e9es (ICD) dans les trois ou quatre mois suivant sa r\u00e9ception, afin qu&rsquo;il puisse servir de base \u00e0 l&rsquo;auto-\u00e9valuation de la facult\u00e9 de m\u00e9decine (AEFM). Le doyen nomme les membres qui composeront le comit\u00e9 directeur de l&rsquo;auto-\u00e9valuation et les sous-comit\u00e9s correspondant aux principales sections de l&rsquo;ICD (par exemple, les normes 1 \u00e0 12). Les instructions se trouvent dans le Guide de l&rsquo;auto-\u00e9valuation institutionnelle. Le responsable facultaire de l\u2019agr\u00e9ment des programmes d\u2019EMPr (RFAP EMPr) communique avec les dirigeants \u00e9tudiants pour discuter de l\u2019organisation du processus entourant l\u2019Analyse ind\u00e9pendante des \u00e9tudiants (AIE) et un comit\u00e9 directeur de l\u2019AIE compos\u00e9 d\u2019\u00e9tudiants est form\u00e9. L&rsquo;ICD, l&rsquo;AEFM et l&rsquo;AIE sont envoy\u00e9s au secr\u00e9tariat du CAFMC et \u00e0 chaque membre de l&rsquo;\u00e9quipe de visiteurs trois mois avant la visite d&rsquo;agr\u00e9ment.<\/p>\n<p>Le mini-ICD pr\u00e9par\u00e9 pour les visites limit\u00e9es est achev\u00e9 \u00e0 temps pour \u00eatre envoy\u00e9 au secr\u00e9tariat du CAFMC et aux membres de l&rsquo;\u00e9quipe de visiteurs au moins deux mois avant la visite.<\/p>\n<h2>\u00c9quipe d&rsquo;\u00e9valuation<\/h2>\n<p>Les membres des \u00e9quipes d&rsquo;\u00e9valuation d&rsquo;une ann\u00e9e donn\u00e9e sont nomm\u00e9s par le secr\u00e9tariat du CAFMC au Canada environ un an avant la visite. Les membres qui composent les \u00e9quipes d&rsquo;\u00e9valuation (voir la section ci-haut) sont choisis dans un bassin de praticiens, d&rsquo;\u00e9ducateurs en sciences fondamentales et d&rsquo;\u00e9ducateurs cliniques de m\u00eame que de chercheurs et d&rsquo;administrateurs en \u00e9ducation.<\/p>\n<p>L&rsquo;\u00e9quipe proc\u00e8de \u00e0 une \u00e9valuation afin de v\u00e9rifier et de mettre \u00e0 jour l&rsquo;information compil\u00e9e dans l&rsquo;ICD de la facult\u00e9, d&rsquo;\u00e9claircir tout point obscur, de voir l&rsquo;environnement et les installations d&rsquo;apprentissage et de rencontrer les administrateurs, les membres du corps professoral et les \u00e9tudiants. Au d\u00e9but de la visite, l&rsquo;\u00e9quipe rencontre le doyen pour en expliquer l&rsquo;objet et obtenir des renseignements. Au terme de la visite, elle rencontre le doyen et l&rsquo;administrateur g\u00e9n\u00e9ral du campus pour r\u00e9sumer ses conclusions concernant les forces et les points de non-conformit\u00e9 du programme. Vous trouverez des explications relatives au processus d&rsquo;\u00e9valuation, \u00e0 la nomination des \u00e9quipes d&rsquo;\u00e9valuation, au rapport d&rsquo;\u00e9valuation et aux documents \u00e9tudi\u00e9s par le CAFMC pour atteindre les d\u00e9cisions d&rsquo;agr\u00e9ment dans les R\u00e8gles de proc\u00e9dure du CAFMC.<\/p>\n<h2>Analyse ind\u00e9pendante des \u00e9tudiants<\/h2>\n<p>Le guide de l&rsquo;analyse ind\u00e9pendante des \u00e9tudiants d\u00e9crit l&rsquo;importante contribution qu&rsquo;apportent les \u00e9tudiants dans le cadre du processus d&rsquo;agr\u00e9ment. On aura pr\u00e9vu des rencontres entre des groupes d&rsquo;\u00e9tudiants et des \u00e9valuateurs durant la visite de la facult\u00e9.<\/p>\n<h2>Le rapport de la visite<\/h2>\n<p>Le secr\u00e9taire de l&rsquo;\u00e9quipe rassemblera les conclusions \u00e9crites de chaque membre de l&rsquo;\u00e9quipe dans un rapport d&rsquo;\u00e9valuation qui d\u00e9crit le programme d&rsquo;\u00e9ducation et justifie la conformit\u00e9 de la facult\u00e9 avec chacune des normes d&rsquo;agr\u00e9ment contenues dans le document intitul\u00e9\u00a0Normes et \u00e9l\u00e9ments du CAFMC. La pr\u00e9paration, l&rsquo;\u00e9valuation et le traitement des rapports d&rsquo;\u00e9valuation de m\u00eame que l&rsquo;information \u00e9tudi\u00e9e pour d\u00e9terminer l&rsquo;agr\u00e9ment figurent dans les\u00a0R\u00e8gles de proc\u00e9dure\u00a0du CAFMC.<\/p>\n<h2>R\u00e9unions du CAFMC<\/h2>\n<p>Le CAFMC se r\u00e9unit trois fois par ann\u00e9e.<\/p>\n<h2>D\u00e9cisions d&rsquo;agr\u00e9ment<\/h2>\n<p>Le CAFMC fonde sa d\u00e9cision d&rsquo;agr\u00e9ment sur le rapport d&rsquo;\u00e9valuation, et, au besoin, sur l&rsquo;information contenue dans l&rsquo;instrument de collecte de donn\u00e9es et l&rsquo;auto-\u00e9valuation de la facult\u00e9 de m\u00e9decine. Les d\u00e9tails des d\u00e9lib\u00e9rations du CAFMC, l&rsquo;acceptation de la preuve, l&rsquo;\u00e9tude des rapports de progr\u00e8s et le rapport d\u00e9cisionnel figurent dans les R\u00e8gles de proc\u00e9dure du CAFMC.<\/p>\n<p>G\u00e9n\u00e9ralement, la p\u00e9riode d&rsquo;agr\u00e9ment compl\u00e8te est de huit ans. On pourra demander aux facult\u00e9s de pr\u00e9senter un rapport de progr\u00e8s ou plus dans l&rsquo;intervalle, de mani\u00e8re \u00e0 traiter des mesures prises pour corriger des secteurs pr\u00e9cis de non-conformit\u00e9, ou d\u00e9crire les r\u00e9sultats des modifications apport\u00e9es au programme. Dans l&rsquo;int\u00e9rim, on pourra planifier des \u00e9valuations cibl\u00e9es lorsqu&rsquo;une visite sur place est jug\u00e9e n\u00e9cessaire. Dans certains cas, la p\u00e9riode de renouvellement d&rsquo;agr\u00e9ment est subordonn\u00e9e \u00e0 une \u00e9valuation du rapport de progr\u00e8s ou \u00e0 une visite des lieux effectu\u00e9e par une \u00e9quipe d&rsquo;\u00e9valuateurs ou les secr\u00e9tariats du CAFMC. Toutes ces questions sont trait\u00e9es dans les R\u00e8gles de proc\u00e9dure.<\/p>\n<h2>Processus d&rsquo;appel \/ reconsid\u00e9ration<\/h2>\n<p>Les facult\u00e9s (programmes) peuvent en appeler des mesures du CAFMC\u00a0ayant une incidence sur l&rsquo;\u00e9tat du programme de m\u00e9decine. Le processus de reconsid\u00e9ration comporte deux \u00e9tapes : 1) \u00e9valuation par un comit\u00e9 ind\u00e9pendant sp\u00e9cial et 2) \u00e9valuation du CAFMC\u00a0avec ou sans audition d&rsquo;appel. L&rsquo;attribution d&rsquo;un status probatoire peut faire l&rsquo;objet d&rsquo;une reconsid\u00e9ration.\u00a0 Le retrait de l&rsquo;agr\u00e9ment, le refus d&rsquo;agr\u00e9ment ou le refus d&rsquo;envisager l&rsquo;agr\u00e9ment peuvent faire l&rsquo;object d&rsquo;un appel. Les proc\u00e9dures d\u00e9taill\u00e9es de reconsid\u00e9ration d&rsquo;appel figurent dans l&rsquo;Annexe B des\u00a0R\u00e8gles de proc\u00e9dure\u00a0du CAFMC.<\/p>\n<h2>Plaintes adress\u00e9es au CAFMC<\/h2>\n<p>Les politiques et proc\u00e9dures relatives au traitement des plaintes soumises au CAFMC concernant la qualit\u00e9 de l&rsquo;\u00e9tablissement ou du programme figurent dans les\u00a0R\u00e8gles de proc\u00e9dure\u00a0du CAFMC. Toute personne pr\u00e9occup\u00e9e par la qualit\u00e9 d&rsquo;un programme d&rsquo;\u00e9ducation m\u00e9dicale de premier cycle agr\u00e9\u00e9 par le CAFMC peut communiquer avec le secr\u00e9tariat pour discuter de la fa\u00e7on de d\u00e9poser une plainte. Seules seront examin\u00e9es les plaintes qui, si elles sont fond\u00e9es, peuvent constituer une non-conformit\u00e9 aux normes d&rsquo;agr\u00e9ment.\u00a0Le CAFMC n&rsquo;interviendra pas au nom d&rsquo;un plaignant particulier concernant des questions touchant par exemple l&rsquo;admission, la nomination, la promotion ou le renvoi d&rsquo;un membre du corps professoral ou d&rsquo;\u00e9tudiants.\u00a0On devrait communiquer avec le secr\u00e9tariat du CAFMC pour obtenir de l&rsquo;information sur les directives et les proc\u00e9dures.<\/p>\n<p>Toute plainte concernant le CAFMC, ses normes et pratiques ou la tenue des \u00e9tudes devrait \u00eatre transmise au secr\u00e9tariat.<\/p>\n<h2>Confidentialit\u00e9 des renseignements li\u00e9s \u00e0 l&rsquo;agr\u00e9ment<\/h2>\n<p>Le CAFMC ne d\u00e9voilera au public que le statut d&rsquo;agr\u00e9ment de la facult\u00e9. \u00c0 la suite de mesures prises par le CAFMC, le secr\u00e9tariat du CAFMC transmet, par le biais d&rsquo;une \u00ab Lettre d&rsquo;agr\u00e9ment \u00bb, la d\u00e9cision d&rsquo;agr\u00e9ment et une copie du rapport d&rsquo;\u00e9valuation au pr\u00e9sident de l&rsquo;universit\u00e9 (ou \u00e0 l&rsquo;administrateur g\u00e9n\u00e9ral \u00e9quivalent de l&rsquo;\u00e9tablissement universitaire), de m\u00eame qu&rsquo;une copie au doyen de la facult\u00e9 de m\u00e9decine. Le CAFMC conservera confidentiellement le rapport d&rsquo;\u00e9valuation et la lettre stipulant la d\u00e9cision d&rsquo;agr\u00e9ment. La facult\u00e9 de m\u00e9decine peut d\u00e9voiler le rapport final \u00e0 sa discr\u00e9tion.[\/vc_column_text][\/vc_column][\/vc_row]<\/p>\n<\/div>","protected":false},"excerpt":{"rendered":"<p>[vc_row][vc_column][vc_column_text] Pr\u00e9paratifs en vue de l\u2019agr\u00e9ment Les visites se d\u00e9roulent normalement au printemps. Les visites d\u2019agr\u00e9ment compl\u00e8tes se d\u00e9roulent g\u00e9n\u00e9ralement en deux \u00e9tapes sur un cycle de huit ans. La premi\u00e8re \u00e9tape est une visite virtuelle effectu\u00e9e par le biais de la technologie \u00e0 distance. La deuxi\u00e8me \u00e9tape, pr\u00e9vue de quatre \u00e0 six semaines plus [&hellip;]<\/p>\n","protected":false},"author":7,"featured_media":0,"parent":158,"menu_order":0,"comment_status":"closed","ping_status":"closed","template":"page-templates\/page-subpage.php","meta":{"_acf_changed":false,"footnotes":""},"class_list":["post-499","page","type-page","status-publish","hentry"],"acf":[],"yoast_head":"<!-- This site is optimized with the Yoast SEO plugin v26.2 - https:\/\/yoast.com\/wordpress\/plugins\/seo\/ -->\n<title>Proc\u00e9dures d&#039;agr\u00e9ment - CACMS | CAFMC<\/title>\n<meta name=\"robots\" content=\"index, follow, max-snippet:-1, max-image-preview:large, max-video-preview:-1\" \/>\n<link rel=\"canonical\" href=\"https:\/\/cacms-cafmc.ca\/fr\/a-propos-de-cafmc\/procedures-dagrement\/\" \/>\n<meta property=\"og:locale\" content=\"fr_FR\" \/>\n<meta property=\"og:type\" content=\"article\" \/>\n<meta property=\"og:title\" content=\"Proc\u00e9dures d&#039;agr\u00e9ment - CACMS | CAFMC\" \/>\n<meta property=\"og:description\" content=\"[vc_row][vc_column][vc_column_text] Pr\u00e9paratifs en vue de l\u2019agr\u00e9ment Les visites se d\u00e9roulent normalement au printemps. Les visites d\u2019agr\u00e9ment compl\u00e8tes se d\u00e9roulent g\u00e9n\u00e9ralement en deux \u00e9tapes sur un cycle de huit ans. La premi\u00e8re \u00e9tape est une visite virtuelle effectu\u00e9e par le biais de la technologie \u00e0 distance. La deuxi\u00e8me \u00e9tape, pr\u00e9vue de quatre \u00e0 six semaines plus [&hellip;]\" \/>\n<meta property=\"og:url\" content=\"https:\/\/cacms-cafmc.ca\/fr\/a-propos-de-cafmc\/procedures-dagrement\/\" \/>\n<meta property=\"og:site_name\" content=\"CACMS | CAFMC\" \/>\n<meta property=\"article:modified_time\" content=\"2023-03-15T20:14:35+00:00\" \/>\n<meta name=\"twitter:card\" content=\"summary_large_image\" \/>\n<meta name=\"twitter:label1\" content=\"Dur\u00e9e de lecture estim\u00e9e\" \/>\n\t<meta name=\"twitter:data1\" content=\"5 minutes\" \/>\n<script type=\"application\/ld+json\" class=\"yoast-schema-graph\">{\"@context\":\"https:\/\/schema.org\",\"@graph\":[{\"@type\":\"WebPage\",\"@id\":\"https:\/\/cacms-cafmc.ca\/fr\/a-propos-de-cafmc\/procedures-dagrement\/\",\"url\":\"https:\/\/cacms-cafmc.ca\/fr\/a-propos-de-cafmc\/procedures-dagrement\/\",\"name\":\"Proc\u00e9dures d'agr\u00e9ment - CACMS | CAFMC\",\"isPartOf\":{\"@id\":\"https:\/\/cacms-cafmc.ca\/#website\"},\"datePublished\":\"2022-11-17T17:29:57+00:00\",\"dateModified\":\"2023-03-15T20:14:35+00:00\",\"breadcrumb\":{\"@id\":\"https:\/\/cacms-cafmc.ca\/fr\/a-propos-de-cafmc\/procedures-dagrement\/#breadcrumb\"},\"inLanguage\":\"fr-FR\",\"potentialAction\":[{\"@type\":\"ReadAction\",\"target\":[\"https:\/\/cacms-cafmc.ca\/fr\/a-propos-de-cafmc\/procedures-dagrement\/\"]}]},{\"@type\":\"BreadcrumbList\",\"@id\":\"https:\/\/cacms-cafmc.ca\/fr\/a-propos-de-cafmc\/procedures-dagrement\/#breadcrumb\",\"itemListElement\":[{\"@type\":\"ListItem\",\"position\":1,\"name\":\"Home\",\"item\":\"https:\/\/cacms-cafmc.ca\/fr\/\"},{\"@type\":\"ListItem\",\"position\":2,\"name\":\"\u00c0 propos du CAFMC\",\"item\":\"https:\/\/cacms-cafmc.ca\/fr\/a-propos-de-cafmc\/\"},{\"@type\":\"ListItem\",\"position\":3,\"name\":\"Proc\u00e9dures d&#8217;agr\u00e9ment\"}]},{\"@type\":\"WebSite\",\"@id\":\"https:\/\/cacms-cafmc.ca\/#website\",\"url\":\"https:\/\/cacms-cafmc.ca\/\",\"name\":\"CACMS | CAFMC\",\"description\":\"\",\"potentialAction\":[{\"@type\":\"SearchAction\",\"target\":{\"@type\":\"EntryPoint\",\"urlTemplate\":\"https:\/\/cacms-cafmc.ca\/?s={search_term_string}\"},\"query-input\":{\"@type\":\"PropertyValueSpecification\",\"valueRequired\":true,\"valueName\":\"search_term_string\"}}],\"inLanguage\":\"fr-FR\"}]}<\/script>\n<!-- \/ Yoast SEO plugin. -->","yoast_head_json":{"title":"Proc\u00e9dures d'agr\u00e9ment - CACMS | CAFMC","robots":{"index":"index","follow":"follow","max-snippet":"max-snippet:-1","max-image-preview":"max-image-preview:large","max-video-preview":"max-video-preview:-1"},"canonical":"https:\/\/cacms-cafmc.ca\/fr\/a-propos-de-cafmc\/procedures-dagrement\/","og_locale":"fr_FR","og_type":"article","og_title":"Proc\u00e9dures d'agr\u00e9ment - CACMS | CAFMC","og_description":"[vc_row][vc_column][vc_column_text] Pr\u00e9paratifs en vue de l\u2019agr\u00e9ment Les visites se d\u00e9roulent normalement au printemps. Les visites d\u2019agr\u00e9ment compl\u00e8tes se d\u00e9roulent g\u00e9n\u00e9ralement en deux \u00e9tapes sur un cycle de huit ans. La premi\u00e8re \u00e9tape est une visite virtuelle effectu\u00e9e par le biais de la technologie \u00e0 distance. La deuxi\u00e8me \u00e9tape, pr\u00e9vue de quatre \u00e0 six semaines plus [&hellip;]","og_url":"https:\/\/cacms-cafmc.ca\/fr\/a-propos-de-cafmc\/procedures-dagrement\/","og_site_name":"CACMS | CAFMC","article_modified_time":"2023-03-15T20:14:35+00:00","twitter_card":"summary_large_image","twitter_misc":{"Dur\u00e9e de lecture estim\u00e9e":"5 minutes"},"schema":{"@context":"https:\/\/schema.org","@graph":[{"@type":"WebPage","@id":"https:\/\/cacms-cafmc.ca\/fr\/a-propos-de-cafmc\/procedures-dagrement\/","url":"https:\/\/cacms-cafmc.ca\/fr\/a-propos-de-cafmc\/procedures-dagrement\/","name":"Proc\u00e9dures d'agr\u00e9ment - CACMS | CAFMC","isPartOf":{"@id":"https:\/\/cacms-cafmc.ca\/#website"},"datePublished":"2022-11-17T17:29:57+00:00","dateModified":"2023-03-15T20:14:35+00:00","breadcrumb":{"@id":"https:\/\/cacms-cafmc.ca\/fr\/a-propos-de-cafmc\/procedures-dagrement\/#breadcrumb"},"inLanguage":"fr-FR","potentialAction":[{"@type":"ReadAction","target":["https:\/\/cacms-cafmc.ca\/fr\/a-propos-de-cafmc\/procedures-dagrement\/"]}]},{"@type":"BreadcrumbList","@id":"https:\/\/cacms-cafmc.ca\/fr\/a-propos-de-cafmc\/procedures-dagrement\/#breadcrumb","itemListElement":[{"@type":"ListItem","position":1,"name":"Home","item":"https:\/\/cacms-cafmc.ca\/fr\/"},{"@type":"ListItem","position":2,"name":"\u00c0 propos du CAFMC","item":"https:\/\/cacms-cafmc.ca\/fr\/a-propos-de-cafmc\/"},{"@type":"ListItem","position":3,"name":"Proc\u00e9dures d&#8217;agr\u00e9ment"}]},{"@type":"WebSite","@id":"https:\/\/cacms-cafmc.ca\/#website","url":"https:\/\/cacms-cafmc.ca\/","name":"CACMS | CAFMC","description":"","potentialAction":[{"@type":"SearchAction","target":{"@type":"EntryPoint","urlTemplate":"https:\/\/cacms-cafmc.ca\/?s={search_term_string}"},"query-input":{"@type":"PropertyValueSpecification","valueRequired":true,"valueName":"search_term_string"}}],"inLanguage":"fr-FR"}]}},"_links":{"self":[{"href":"https:\/\/cacms-cafmc.ca\/fr\/wp-json\/wp\/v2\/pages\/499","targetHints":{"allow":["GET"]}}],"collection":[{"href":"https:\/\/cacms-cafmc.ca\/fr\/wp-json\/wp\/v2\/pages"}],"about":[{"href":"https:\/\/cacms-cafmc.ca\/fr\/wp-json\/wp\/v2\/types\/page"}],"author":[{"embeddable":true,"href":"https:\/\/cacms-cafmc.ca\/fr\/wp-json\/wp\/v2\/users\/7"}],"replies":[{"embeddable":true,"href":"https:\/\/cacms-cafmc.ca\/fr\/wp-json\/wp\/v2\/comments?post=499"}],"version-history":[{"count":5,"href":"https:\/\/cacms-cafmc.ca\/fr\/wp-json\/wp\/v2\/pages\/499\/revisions"}],"predecessor-version":[{"id":1069,"href":"https:\/\/cacms-cafmc.ca\/fr\/wp-json\/wp\/v2\/pages\/499\/revisions\/1069"}],"up":[{"embeddable":true,"href":"https:\/\/cacms-cafmc.ca\/fr\/wp-json\/wp\/v2\/pages\/158"}],"wp:attachment":[{"href":"https:\/\/cacms-cafmc.ca\/fr\/wp-json\/wp\/v2\/media?parent=499"}],"curies":[{"name":"wp","href":"https:\/\/api.w.org\/{rel}","templated":true}]}}