{"id":496,"date":"2022-11-17T17:27:48","date_gmt":"2022-11-17T17:27:48","guid":{"rendered":"https:\/\/cacms-cafmc.ca\/a-propos-de-cafmc\/committee-composition\/"},"modified":"2026-03-19T19:47:41","modified_gmt":"2026-03-19T19:47:41","slug":"composition-du-comite","status":"publish","type":"page","link":"https:\/\/cacms-cafmc.ca\/fr\/a-propos-de-cafmc\/composition-du-comite\/","title":{"rendered":"Composition du comit\u00e9"},"content":{"rendered":"<div class=\"wpb-content-wrapper\"><p>[vc_row][vc_column][vc_column_text css=\u00a0\u00bb\u00a0\u00bb]<\/p>\n<h2>Membres nomm\u00e9s par l&rsquo;AFMC :<\/h2>\n<p>Aaron, Chiu, MD &#8211; University of Manitoba &#8211; PR\u00c9SIDENT<br \/>\nCherie Jones-Hiscock, MD &#8211; Queen&rsquo;s University<br \/>\nJoanie Rinfret, MD &#8211; Universit\u00e9 de Sherbrooke<br \/>\nHelen Chang, MD &#8211; University of Saskatchewan<\/p>\n<h2>Membres nomm\u00e9e par l&rsquo;AMC :<\/h2>\n<p>Samuel Bourassa-Blanchette, MD, St. John&rsquo;s, NL<br \/>\nTaryn Hearn, MD, St. John&rsquo;s, NL<br \/>\nMichel Landry, MD, Moncton, NB<br \/>\nAlexandra Manning, MD, Halifax, NS<br \/>\nCatherine Patocka, MD, Calgary, MB<\/p>\n<h2>Membre du CMQ :<\/h2>\n<p><span class=\"cf0\">Jean-Fran\u00e7ois Thibert<\/span><!--EndFragment -->, MD \u2013 Universit\u00e9 de Montr\u00e9al<\/p>\n<h2>Membres du public :<\/h2>\n<p>Fleur-Ange Lefebvre, PhD, Ottawa, ON<\/p>\n<h2>Membres \u00e9tudiants :<\/h2>\n<p>Fatima Saqib, repr\u00e9sentante junior de la CFMS<br \/>\nFajr Khaliqdina, repr\u00e9sentante s\u00e9nior de la CFMS<br \/>\nTejeshwer Singh, repr\u00e9sentant s\u00e9nior de la FMEQ<br \/>\nJulie Langlois, repr\u00e9sentante junior de la FMEQ<\/p>\n<h2>Observateurs :<\/h2>\n<p>Jennifer Kitts, Association M\u00e9dicale Canadienne<br \/>\nTara Phillips, Coll\u00e8ge royal des m\u00e9decins et chirurgiens du Canada<br \/>\nIvy Oandasan, MD, Coll\u00e8ge des m\u00e9decins de famille du Canada<\/p>\n<h2>Secr\u00e9tariat :<\/h2>\n<p>Lisa Graves, MD, MCISc, secr\u00e9taire, CAFMC<br \/>\nScott J. Adams, MD, PhD, MEd, FRCPC, secr\u00e9taire adjointe, CAFMC<\/p>\n<h2>Membres du personnel :<\/h2>\n<p>Andrea Segal, MBA, gestionnaire de l&rsquo;agr\u00e9ment (par int\u00e9rim) et membre du personnel du CAFMC<br \/>\nReham Abdalla, sp\u00e9cialiste de l\u2019agr\u00e9ment et membre du personnel du CAFMC<br \/>\nGretchen Greer, MBA, sp\u00e9cialiste de l&rsquo;agr\u00e9ment et membre du personnel du CAFMC<br \/>\n\u00c0 d\u00e9terminer, coordonnateur\/coordinatrice de l&rsquo;agr\u00e9ment et membre du personnel du CAFMC[\/vc_column_text][\/vc_column][\/vc_row]<\/p>\n<\/div>","protected":false},"excerpt":{"rendered":"<p>[vc_row][vc_column][vc_column_text css=\u00a0\u00bb\u00a0\u00bb] Membres nomm\u00e9s par l&rsquo;AFMC : Aaron, Chiu, MD &#8211; University of Manitoba &#8211; PR\u00c9SIDENT Cherie Jones-Hiscock, MD &#8211; Queen&rsquo;s University Joanie Rinfret, MD &#8211; Universit\u00e9 de Sherbrooke Helen Chang, MD &#8211; University of Saskatchewan Membres nomm\u00e9e par l&rsquo;AMC : Samuel Bourassa-Blanchette, MD, St. John&rsquo;s, NL Taryn Hearn, MD, St. John&rsquo;s, NL Michel Landry, [&hellip;]<\/p>\n","protected":false},"author":7,"featured_media":0,"parent":158,"menu_order":0,"comment_status":"closed","ping_status":"closed","template":"page-templates\/page-subpage.php","meta":{"_acf_changed":false,"footnotes":""},"class_list":["post-496","page","type-page","status-publish","hentry"],"acf":[],"yoast_head":"<!-- This site is optimized with the Yoast SEO plugin v26.2 - https:\/\/yoast.com\/wordpress\/plugins\/seo\/ -->\n<title>Composition du comit\u00e9 - CACMS | CAFMC<\/title>\n<meta name=\"robots\" content=\"index, follow, max-snippet:-1, max-image-preview:large, max-video-preview:-1\" \/>\n<link rel=\"canonical\" href=\"https:\/\/cacms-cafmc.ca\/fr\/a-propos-de-cafmc\/composition-du-comite\/\" \/>\n<meta property=\"og:locale\" content=\"fr_FR\" \/>\n<meta property=\"og:type\" content=\"article\" \/>\n<meta property=\"og:title\" content=\"Composition du comit\u00e9 - CACMS | CAFMC\" \/>\n<meta property=\"og:description\" content=\"[vc_row][vc_column][vc_column_text css=\u00a0\u00bb\u00a0\u00bb] Membres nomm\u00e9s par l&rsquo;AFMC : Aaron, Chiu, MD &#8211; University of Manitoba &#8211; PR\u00c9SIDENT Cherie Jones-Hiscock, MD &#8211; Queen&rsquo;s University Joanie Rinfret, MD &#8211; Universit\u00e9 de Sherbrooke Helen Chang, MD &#8211; University of Saskatchewan Membres nomm\u00e9e par l&rsquo;AMC : Samuel Bourassa-Blanchette, MD, St. John&rsquo;s, NL Taryn Hearn, MD, St. John&rsquo;s, NL Michel Landry, [&hellip;]\" \/>\n<meta property=\"og:url\" content=\"https:\/\/cacms-cafmc.ca\/fr\/a-propos-de-cafmc\/composition-du-comite\/\" \/>\n<meta property=\"og:site_name\" content=\"CACMS | CAFMC\" \/>\n<meta property=\"article:modified_time\" content=\"2026-03-19T19:47:41+00:00\" \/>\n<meta name=\"twitter:card\" content=\"summary_large_image\" \/>\n<meta name=\"twitter:label1\" content=\"Dur\u00e9e de lecture estim\u00e9e\" \/>\n\t<meta name=\"twitter:data1\" content=\"1 minute\" \/>\n<script type=\"application\/ld+json\" class=\"yoast-schema-graph\">{\"@context\":\"https:\/\/schema.org\",\"@graph\":[{\"@type\":\"WebPage\",\"@id\":\"https:\/\/cacms-cafmc.ca\/fr\/a-propos-de-cafmc\/composition-du-comite\/\",\"url\":\"https:\/\/cacms-cafmc.ca\/fr\/a-propos-de-cafmc\/composition-du-comite\/\",\"name\":\"Composition du comit\u00e9 - CACMS | CAFMC\",\"isPartOf\":{\"@id\":\"https:\/\/cacms-cafmc.ca\/#website\"},\"datePublished\":\"2022-11-17T17:27:48+00:00\",\"dateModified\":\"2026-03-19T19:47:41+00:00\",\"breadcrumb\":{\"@id\":\"https:\/\/cacms-cafmc.ca\/fr\/a-propos-de-cafmc\/composition-du-comite\/#breadcrumb\"},\"inLanguage\":\"fr-FR\",\"potentialAction\":[{\"@type\":\"ReadAction\",\"target\":[\"https:\/\/cacms-cafmc.ca\/fr\/a-propos-de-cafmc\/composition-du-comite\/\"]}]},{\"@type\":\"BreadcrumbList\",\"@id\":\"https:\/\/cacms-cafmc.ca\/fr\/a-propos-de-cafmc\/composition-du-comite\/#breadcrumb\",\"itemListElement\":[{\"@type\":\"ListItem\",\"position\":1,\"name\":\"Home\",\"item\":\"https:\/\/cacms-cafmc.ca\/fr\/\"},{\"@type\":\"ListItem\",\"position\":2,\"name\":\"\u00c0 propos du CAFMC\",\"item\":\"https:\/\/cacms-cafmc.ca\/fr\/a-propos-de-cafmc\/\"},{\"@type\":\"ListItem\",\"position\":3,\"name\":\"Composition du comit\u00e9\"}]},{\"@type\":\"WebSite\",\"@id\":\"https:\/\/cacms-cafmc.ca\/#website\",\"url\":\"https:\/\/cacms-cafmc.ca\/\",\"name\":\"CACMS | CAFMC\",\"description\":\"\",\"potentialAction\":[{\"@type\":\"SearchAction\",\"target\":{\"@type\":\"EntryPoint\",\"urlTemplate\":\"https:\/\/cacms-cafmc.ca\/?s={search_term_string}\"},\"query-input\":{\"@type\":\"PropertyValueSpecification\",\"valueRequired\":true,\"valueName\":\"search_term_string\"}}],\"inLanguage\":\"fr-FR\"}]}<\/script>\n<!-- \/ Yoast SEO plugin. -->","yoast_head_json":{"title":"Composition du comit\u00e9 - CACMS | CAFMC","robots":{"index":"index","follow":"follow","max-snippet":"max-snippet:-1","max-image-preview":"max-image-preview:large","max-video-preview":"max-video-preview:-1"},"canonical":"https:\/\/cacms-cafmc.ca\/fr\/a-propos-de-cafmc\/composition-du-comite\/","og_locale":"fr_FR","og_type":"article","og_title":"Composition du comit\u00e9 - CACMS | CAFMC","og_description":"[vc_row][vc_column][vc_column_text css=\u00a0\u00bb\u00a0\u00bb] Membres nomm\u00e9s par l&rsquo;AFMC : Aaron, Chiu, MD &#8211; University of Manitoba &#8211; PR\u00c9SIDENT Cherie Jones-Hiscock, MD &#8211; Queen&rsquo;s University Joanie Rinfret, MD &#8211; Universit\u00e9 de Sherbrooke Helen Chang, MD &#8211; University of Saskatchewan Membres nomm\u00e9e par l&rsquo;AMC : Samuel Bourassa-Blanchette, MD, St. John&rsquo;s, NL Taryn Hearn, MD, St. John&rsquo;s, NL Michel Landry, [&hellip;]","og_url":"https:\/\/cacms-cafmc.ca\/fr\/a-propos-de-cafmc\/composition-du-comite\/","og_site_name":"CACMS | CAFMC","article_modified_time":"2026-03-19T19:47:41+00:00","twitter_card":"summary_large_image","twitter_misc":{"Dur\u00e9e de lecture estim\u00e9e":"1 minute"},"schema":{"@context":"https:\/\/schema.org","@graph":[{"@type":"WebPage","@id":"https:\/\/cacms-cafmc.ca\/fr\/a-propos-de-cafmc\/composition-du-comite\/","url":"https:\/\/cacms-cafmc.ca\/fr\/a-propos-de-cafmc\/composition-du-comite\/","name":"Composition du comit\u00e9 - CACMS | CAFMC","isPartOf":{"@id":"https:\/\/cacms-cafmc.ca\/#website"},"datePublished":"2022-11-17T17:27:48+00:00","dateModified":"2026-03-19T19:47:41+00:00","breadcrumb":{"@id":"https:\/\/cacms-cafmc.ca\/fr\/a-propos-de-cafmc\/composition-du-comite\/#breadcrumb"},"inLanguage":"fr-FR","potentialAction":[{"@type":"ReadAction","target":["https:\/\/cacms-cafmc.ca\/fr\/a-propos-de-cafmc\/composition-du-comite\/"]}]},{"@type":"BreadcrumbList","@id":"https:\/\/cacms-cafmc.ca\/fr\/a-propos-de-cafmc\/composition-du-comite\/#breadcrumb","itemListElement":[{"@type":"ListItem","position":1,"name":"Home","item":"https:\/\/cacms-cafmc.ca\/fr\/"},{"@type":"ListItem","position":2,"name":"\u00c0 propos du CAFMC","item":"https:\/\/cacms-cafmc.ca\/fr\/a-propos-de-cafmc\/"},{"@type":"ListItem","position":3,"name":"Composition du comit\u00e9"}]},{"@type":"WebSite","@id":"https:\/\/cacms-cafmc.ca\/#website","url":"https:\/\/cacms-cafmc.ca\/","name":"CACMS | CAFMC","description":"","potentialAction":[{"@type":"SearchAction","target":{"@type":"EntryPoint","urlTemplate":"https:\/\/cacms-cafmc.ca\/?s={search_term_string}"},"query-input":{"@type":"PropertyValueSpecification","valueRequired":true,"valueName":"search_term_string"}}],"inLanguage":"fr-FR"}]}},"_links":{"self":[{"href":"https:\/\/cacms-cafmc.ca\/fr\/wp-json\/wp\/v2\/pages\/496","targetHints":{"allow":["GET"]}}],"collection":[{"href":"https:\/\/cacms-cafmc.ca\/fr\/wp-json\/wp\/v2\/pages"}],"about":[{"href":"https:\/\/cacms-cafmc.ca\/fr\/wp-json\/wp\/v2\/types\/page"}],"author":[{"embeddable":true,"href":"https:\/\/cacms-cafmc.ca\/fr\/wp-json\/wp\/v2\/users\/7"}],"replies":[{"embeddable":true,"href":"https:\/\/cacms-cafmc.ca\/fr\/wp-json\/wp\/v2\/comments?post=496"}],"version-history":[{"count":34,"href":"https:\/\/cacms-cafmc.ca\/fr\/wp-json\/wp\/v2\/pages\/496\/revisions"}],"predecessor-version":[{"id":3083,"href":"https:\/\/cacms-cafmc.ca\/fr\/wp-json\/wp\/v2\/pages\/496\/revisions\/3083"}],"up":[{"embeddable":true,"href":"https:\/\/cacms-cafmc.ca\/fr\/wp-json\/wp\/v2\/pages\/158"}],"wp:attachment":[{"href":"https:\/\/cacms-cafmc.ca\/fr\/wp-json\/wp\/v2\/media?parent=496"}],"curies":[{"name":"wp","href":"https:\/\/api.w.org\/{rel}","templated":true}]}}