{"id":2937,"date":"2025-10-23T14:33:45","date_gmt":"2025-10-23T14:33:45","guid":{"rendered":"https:\/\/cacms-cafmc.ca\/?page_id=2937"},"modified":"2025-10-23T15:36:50","modified_gmt":"2025-10-23T15:36:50","slug":"publication-prevue-de-linstrument-de-collecte-de-donnees-icd-du-cafmc-pour-les-facultes-dont-la-visite-est-prevue-en-au-2027-2028","status":"publish","type":"page","link":"https:\/\/cacms-cafmc.ca\/fr\/publication-prevue-de-linstrument-de-collecte-de-donnees-icd-du-cafmc-pour-les-facultes-dont-la-visite-est-prevue-en-au-2027-2028\/","title":{"rendered":"PUBLICATION PR\u00c9VUE DE L&rsquo;INSTRUMENT DE COLLECTE DE DONN\u00c9ES (ICD) DU CAFMC POUR LES FACULT\u00c9S DONT LA VISITE EST PR\u00c9VUE EN (AU) 2027-2028"},"content":{"rendered":"<div class=\"wpb-content-wrapper\"><p>[vc_row][vc_column][vc_column_text css=\u00a0\u00bb\u00a0\u00bb]Le Comit\u00e9 d\u2019agr\u00e9ment des facult\u00e9s de m\u00e9decine du Canada<strong> (CAFMC)<\/strong> planifie de publier les documents d&rsquo;agr\u00e9ment essentiels cet hiver.<\/p>\n<p>La publication de l&rsquo;<strong>Instrument de collecte de donn\u00e9es (ICD)<\/strong>, destin\u00e9 aux facult\u00e9s qui feront l\u2019objet d\u2019une visite d&rsquo;agr\u00e9ment au cours de l&rsquo;ann\u00e9e universitaire (AU) <strong>2027-2028<\/strong>, devrait \u00eatre publi\u00e9 d&rsquo;ici le <strong>31 mars 2026<\/strong>.<\/p>\n<p>Une annonce officielle sera diffus\u00e9e imm\u00e9diatement apr\u00e8s la mise \u00e0 disposition de ces documents.[\/vc_column_text][\/vc_column][\/vc_row]<\/p>\n<\/div>","protected":false},"excerpt":{"rendered":"<p>[vc_row][vc_column][vc_column_text css=\u00a0\u00bb\u00a0\u00bb]Le Comit\u00e9 d\u2019agr\u00e9ment des facult\u00e9s de m\u00e9decine du Canada (CAFMC) planifie de publier les documents d&rsquo;agr\u00e9ment essentiels cet hiver. La publication de l&rsquo;Instrument de collecte de donn\u00e9es (ICD), destin\u00e9 aux facult\u00e9s qui feront l\u2019objet d\u2019une visite d&rsquo;agr\u00e9ment au cours de l&rsquo;ann\u00e9e universitaire (AU) 2027-2028, devrait \u00eatre publi\u00e9 d&rsquo;ici le 31 mars 2026. Une annonce [&hellip;]<\/p>\n","protected":false},"author":7,"featured_media":0,"parent":0,"menu_order":0,"comment_status":"closed","ping_status":"closed","template":"page-templates\/page-sidebar-none.php","meta":{"_acf_changed":false,"footnotes":""},"class_list":["post-2937","page","type-page","status-publish","hentry"],"acf":[],"yoast_head":"<!-- This site is optimized with the Yoast SEO plugin v26.2 - https:\/\/yoast.com\/wordpress\/plugins\/seo\/ -->\n<title>PUBLICATION PR\u00c9VUE DE L&#039;INSTRUMENT DE COLLECTE DE DONN\u00c9ES (ICD) DU CAFMC POUR LES FACULT\u00c9S DONT LA VISITE EST PR\u00c9VUE EN (AU) 2027-2028 - CACMS | CAFMC<\/title>\n<meta name=\"robots\" content=\"index, follow, max-snippet:-1, max-image-preview:large, max-video-preview:-1\" \/>\n<link rel=\"canonical\" href=\"https:\/\/cacms-cafmc.ca\/fr\/publication-prevue-de-linstrument-de-collecte-de-donnees-icd-du-cafmc-pour-les-facultes-dont-la-visite-est-prevue-en-au-2027-2028\/\" \/>\n<meta property=\"og:locale\" content=\"fr_FR\" \/>\n<meta property=\"og:type\" content=\"article\" \/>\n<meta property=\"og:title\" content=\"PUBLICATION PR\u00c9VUE DE L&#039;INSTRUMENT DE COLLECTE DE DONN\u00c9ES (ICD) DU CAFMC POUR LES FACULT\u00c9S DONT LA VISITE EST PR\u00c9VUE EN (AU) 2027-2028 - CACMS | CAFMC\" \/>\n<meta property=\"og:description\" content=\"[vc_row][vc_column][vc_column_text css=\u00a0\u00bb\u00a0\u00bb]Le Comit\u00e9 d\u2019agr\u00e9ment des facult\u00e9s de m\u00e9decine du Canada (CAFMC) planifie de publier les documents d&rsquo;agr\u00e9ment essentiels cet hiver. La publication de l&rsquo;Instrument de collecte de donn\u00e9es (ICD), destin\u00e9 aux facult\u00e9s qui feront l\u2019objet d\u2019une visite d&rsquo;agr\u00e9ment au cours de l&rsquo;ann\u00e9e universitaire (AU) 2027-2028, devrait \u00eatre publi\u00e9 d&rsquo;ici le 31 mars 2026. Une annonce [&hellip;]\" \/>\n<meta property=\"og:url\" content=\"https:\/\/cacms-cafmc.ca\/fr\/publication-prevue-de-linstrument-de-collecte-de-donnees-icd-du-cafmc-pour-les-facultes-dont-la-visite-est-prevue-en-au-2027-2028\/\" \/>\n<meta property=\"og:site_name\" content=\"CACMS | CAFMC\" \/>\n<meta property=\"article:modified_time\" content=\"2025-10-23T15:36:50+00:00\" \/>\n<meta name=\"twitter:card\" content=\"summary_large_image\" \/>\n<meta name=\"twitter:label1\" content=\"Dur\u00e9e de lecture estim\u00e9e\" \/>\n\t<meta name=\"twitter:data1\" content=\"1 minute\" \/>\n<script type=\"application\/ld+json\" class=\"yoast-schema-graph\">{\"@context\":\"https:\/\/schema.org\",\"@graph\":[{\"@type\":\"WebPage\",\"@id\":\"https:\/\/cacms-cafmc.ca\/fr\/publication-prevue-de-linstrument-de-collecte-de-donnees-icd-du-cafmc-pour-les-facultes-dont-la-visite-est-prevue-en-au-2027-2028\/\",\"url\":\"https:\/\/cacms-cafmc.ca\/fr\/publication-prevue-de-linstrument-de-collecte-de-donnees-icd-du-cafmc-pour-les-facultes-dont-la-visite-est-prevue-en-au-2027-2028\/\",\"name\":\"PUBLICATION PR\u00c9VUE DE L'INSTRUMENT DE COLLECTE DE DONN\u00c9ES (ICD) DU CAFMC POUR LES FACULT\u00c9S DONT LA VISITE EST PR\u00c9VUE EN (AU) 2027-2028 - CACMS | CAFMC\",\"isPartOf\":{\"@id\":\"https:\/\/cacms-cafmc.ca\/#website\"},\"datePublished\":\"2025-10-23T14:33:45+00:00\",\"dateModified\":\"2025-10-23T15:36:50+00:00\",\"breadcrumb\":{\"@id\":\"https:\/\/cacms-cafmc.ca\/fr\/publication-prevue-de-linstrument-de-collecte-de-donnees-icd-du-cafmc-pour-les-facultes-dont-la-visite-est-prevue-en-au-2027-2028\/#breadcrumb\"},\"inLanguage\":\"fr-FR\",\"potentialAction\":[{\"@type\":\"ReadAction\",\"target\":[\"https:\/\/cacms-cafmc.ca\/fr\/publication-prevue-de-linstrument-de-collecte-de-donnees-icd-du-cafmc-pour-les-facultes-dont-la-visite-est-prevue-en-au-2027-2028\/\"]}]},{\"@type\":\"BreadcrumbList\",\"@id\":\"https:\/\/cacms-cafmc.ca\/fr\/publication-prevue-de-linstrument-de-collecte-de-donnees-icd-du-cafmc-pour-les-facultes-dont-la-visite-est-prevue-en-au-2027-2028\/#breadcrumb\",\"itemListElement\":[{\"@type\":\"ListItem\",\"position\":1,\"name\":\"Home\",\"item\":\"https:\/\/cacms-cafmc.ca\/fr\/\"},{\"@type\":\"ListItem\",\"position\":2,\"name\":\"PUBLICATION PR\u00c9VUE DE L&#8217;INSTRUMENT DE COLLECTE DE DONN\u00c9ES (ICD) DU CAFMC POUR LES FACULT\u00c9S DONT LA VISITE EST PR\u00c9VUE EN (AU) 2027-2028\"}]},{\"@type\":\"WebSite\",\"@id\":\"https:\/\/cacms-cafmc.ca\/#website\",\"url\":\"https:\/\/cacms-cafmc.ca\/\",\"name\":\"CACMS | CAFMC\",\"description\":\"\",\"potentialAction\":[{\"@type\":\"SearchAction\",\"target\":{\"@type\":\"EntryPoint\",\"urlTemplate\":\"https:\/\/cacms-cafmc.ca\/?s={search_term_string}\"},\"query-input\":{\"@type\":\"PropertyValueSpecification\",\"valueRequired\":true,\"valueName\":\"search_term_string\"}}],\"inLanguage\":\"fr-FR\"}]}<\/script>\n<!-- \/ Yoast SEO plugin. -->","yoast_head_json":{"title":"PUBLICATION PR\u00c9VUE DE L'INSTRUMENT DE COLLECTE DE DONN\u00c9ES (ICD) DU CAFMC POUR LES FACULT\u00c9S DONT LA VISITE EST PR\u00c9VUE EN (AU) 2027-2028 - CACMS | CAFMC","robots":{"index":"index","follow":"follow","max-snippet":"max-snippet:-1","max-image-preview":"max-image-preview:large","max-video-preview":"max-video-preview:-1"},"canonical":"https:\/\/cacms-cafmc.ca\/fr\/publication-prevue-de-linstrument-de-collecte-de-donnees-icd-du-cafmc-pour-les-facultes-dont-la-visite-est-prevue-en-au-2027-2028\/","og_locale":"fr_FR","og_type":"article","og_title":"PUBLICATION PR\u00c9VUE DE L'INSTRUMENT DE COLLECTE DE DONN\u00c9ES (ICD) DU CAFMC POUR LES FACULT\u00c9S DONT LA VISITE EST PR\u00c9VUE EN (AU) 2027-2028 - CACMS | CAFMC","og_description":"[vc_row][vc_column][vc_column_text css=\u00a0\u00bb\u00a0\u00bb]Le Comit\u00e9 d\u2019agr\u00e9ment des facult\u00e9s de m\u00e9decine du Canada (CAFMC) planifie de publier les documents d&rsquo;agr\u00e9ment essentiels cet hiver. La publication de l&rsquo;Instrument de collecte de donn\u00e9es (ICD), destin\u00e9 aux facult\u00e9s qui feront l\u2019objet d\u2019une visite d&rsquo;agr\u00e9ment au cours de l&rsquo;ann\u00e9e universitaire (AU) 2027-2028, devrait \u00eatre publi\u00e9 d&rsquo;ici le 31 mars 2026. Une annonce [&hellip;]","og_url":"https:\/\/cacms-cafmc.ca\/fr\/publication-prevue-de-linstrument-de-collecte-de-donnees-icd-du-cafmc-pour-les-facultes-dont-la-visite-est-prevue-en-au-2027-2028\/","og_site_name":"CACMS | CAFMC","article_modified_time":"2025-10-23T15:36:50+00:00","twitter_card":"summary_large_image","twitter_misc":{"Dur\u00e9e de lecture estim\u00e9e":"1 minute"},"schema":{"@context":"https:\/\/schema.org","@graph":[{"@type":"WebPage","@id":"https:\/\/cacms-cafmc.ca\/fr\/publication-prevue-de-linstrument-de-collecte-de-donnees-icd-du-cafmc-pour-les-facultes-dont-la-visite-est-prevue-en-au-2027-2028\/","url":"https:\/\/cacms-cafmc.ca\/fr\/publication-prevue-de-linstrument-de-collecte-de-donnees-icd-du-cafmc-pour-les-facultes-dont-la-visite-est-prevue-en-au-2027-2028\/","name":"PUBLICATION PR\u00c9VUE DE L'INSTRUMENT DE COLLECTE DE DONN\u00c9ES (ICD) DU CAFMC POUR LES FACULT\u00c9S DONT LA VISITE EST PR\u00c9VUE EN (AU) 2027-2028 - CACMS | CAFMC","isPartOf":{"@id":"https:\/\/cacms-cafmc.ca\/#website"},"datePublished":"2025-10-23T14:33:45+00:00","dateModified":"2025-10-23T15:36:50+00:00","breadcrumb":{"@id":"https:\/\/cacms-cafmc.ca\/fr\/publication-prevue-de-linstrument-de-collecte-de-donnees-icd-du-cafmc-pour-les-facultes-dont-la-visite-est-prevue-en-au-2027-2028\/#breadcrumb"},"inLanguage":"fr-FR","potentialAction":[{"@type":"ReadAction","target":["https:\/\/cacms-cafmc.ca\/fr\/publication-prevue-de-linstrument-de-collecte-de-donnees-icd-du-cafmc-pour-les-facultes-dont-la-visite-est-prevue-en-au-2027-2028\/"]}]},{"@type":"BreadcrumbList","@id":"https:\/\/cacms-cafmc.ca\/fr\/publication-prevue-de-linstrument-de-collecte-de-donnees-icd-du-cafmc-pour-les-facultes-dont-la-visite-est-prevue-en-au-2027-2028\/#breadcrumb","itemListElement":[{"@type":"ListItem","position":1,"name":"Home","item":"https:\/\/cacms-cafmc.ca\/fr\/"},{"@type":"ListItem","position":2,"name":"PUBLICATION PR\u00c9VUE DE L&#8217;INSTRUMENT DE COLLECTE DE DONN\u00c9ES (ICD) DU CAFMC POUR LES FACULT\u00c9S DONT LA VISITE EST PR\u00c9VUE EN (AU) 2027-2028"}]},{"@type":"WebSite","@id":"https:\/\/cacms-cafmc.ca\/#website","url":"https:\/\/cacms-cafmc.ca\/","name":"CACMS | CAFMC","description":"","potentialAction":[{"@type":"SearchAction","target":{"@type":"EntryPoint","urlTemplate":"https:\/\/cacms-cafmc.ca\/?s={search_term_string}"},"query-input":{"@type":"PropertyValueSpecification","valueRequired":true,"valueName":"search_term_string"}}],"inLanguage":"fr-FR"}]}},"_links":{"self":[{"href":"https:\/\/cacms-cafmc.ca\/fr\/wp-json\/wp\/v2\/pages\/2937","targetHints":{"allow":["GET"]}}],"collection":[{"href":"https:\/\/cacms-cafmc.ca\/fr\/wp-json\/wp\/v2\/pages"}],"about":[{"href":"https:\/\/cacms-cafmc.ca\/fr\/wp-json\/wp\/v2\/types\/page"}],"author":[{"embeddable":true,"href":"https:\/\/cacms-cafmc.ca\/fr\/wp-json\/wp\/v2\/users\/7"}],"replies":[{"embeddable":true,"href":"https:\/\/cacms-cafmc.ca\/fr\/wp-json\/wp\/v2\/comments?post=2937"}],"version-history":[{"count":3,"href":"https:\/\/cacms-cafmc.ca\/fr\/wp-json\/wp\/v2\/pages\/2937\/revisions"}],"predecessor-version":[{"id":2949,"href":"https:\/\/cacms-cafmc.ca\/fr\/wp-json\/wp\/v2\/pages\/2937\/revisions\/2949"}],"wp:attachment":[{"href":"https:\/\/cacms-cafmc.ca\/fr\/wp-json\/wp\/v2\/media?parent=2937"}],"curies":[{"name":"wp","href":"https:\/\/api.w.org\/{rel}","templated":true}]}}