{"id":2276,"date":"2024-04-09T18:57:41","date_gmt":"2024-04-09T18:57:41","guid":{"rendered":"https:\/\/cacms-cafmc.ca\/?page_id=2276"},"modified":"2024-04-09T19:00:55","modified_gmt":"2024-04-09T19:00:55","slug":"le-cafmc-reconnu-par-la-federation-mondiale-pour-leducation-medicale-wfme","status":"publish","type":"page","link":"https:\/\/cacms-cafmc.ca\/fr\/le-cafmc-reconnu-par-la-federation-mondiale-pour-leducation-medicale-wfme\/","title":{"rendered":"Le CAFMC reconnu par la F\u00e9d\u00e9ration mondiale pour l&rsquo;\u00e9ducation m\u00e9dicale (WFME)"},"content":{"rendered":"<div class=\"wpb-content-wrapper\"><p>[vc_row][vc_column][vc_column_text]Nous sommes heureux d&rsquo;annoncer que le CAFMC a satisfait aux exigences de la WFME et que cette derni\u00e8re lui a accord\u00e9 sa reconnaissance jusqu&rsquo;au 31 mars 2034.<\/p>\n<p>\u00ab\u00a0Cette reconnaissance confirme que la F\u00e9d\u00e9ration mondiale pour l\u2019\u00e9ducation m\u00e9dicale (<a href=\"https:\/\/wfme.org\/\">WFME<\/a>) est satisfaite du processus d\u2019agr\u00e9ment, du suivi post-agr\u00e9ment et du processus de prise de d\u00e9cision du CAFMC en ce qui a trait aux facult\u00e9s ou aux programmes d&rsquo;\u00e9tudes m\u00e9dicales de base. La reconnaissance d&rsquo;une agence par la WFME signifie que la qualit\u00e9 de l&rsquo;enseignement m\u00e9dical dans ses facult\u00e9s agr\u00e9\u00e9es r\u00e9pond \u00e0 des normes appropri\u00e9es et rigoureuses.\u00a0\u00bb (traduction). Extrait du certificat de reconnaissance de la WFME.<\/p>\n<p>Le <a href=\"https:\/\/wfme.org\/recognition\/\">Programme de reconnaissance de la WFME <\/a>\u00a0repose sur les m\u00eames principes que le syst\u00e8me d&rsquo;agr\u00e9ment des facult\u00e9s de m\u00e9decine : \u00e9valuation de la documentation, des politiques et des proc\u00e9dures, visite d&rsquo;agr\u00e9ment et d\u00e9cision prise par un comit\u00e9 ind\u00e9pendant sur la base de crit\u00e8res pr\u00e9d\u00e9finis.<\/p>\n<p>Il s&rsquo;agit-l\u00e0 d&rsquo;une r\u00e9alisation importante pour le CAFMC et le milieu de l&rsquo;\u00e9ducation m\u00e9dicale au Canada.<\/p>\n<p>&nbsp;<\/p>\n<p>Le document suivant n&rsquo;est disponible qu\u2019en anglais.[\/vc_column_text][vc_btn title=\u00a0\u00bbWFME Certificate of Recognition Status\u00a0\u00bb i_icon_fontawesome=\u00a0\u00bbfar fa-file-pdf\u00a0\u00bb add_icon=\u00a0\u00bbtrue\u00a0\u00bb link=\u00a0\u00bburl:https%3A%2F%2Fcacms-cafmc.ca%2Fwp-content%2Fuploads%2F2024%2F04%2FWFME-Certificate-of-Recognition-Status.pdf|title:WFME%20Certificate%20of%20Recognition%20Status|target:_blank\u00a0\u00bb][\/vc_column][\/vc_row]<\/p>\n<\/div>","protected":false},"excerpt":{"rendered":"<p>[vc_row][vc_column][vc_column_text]Nous sommes heureux d&rsquo;annoncer que le CAFMC a satisfait aux exigences de la WFME et que cette derni\u00e8re lui a accord\u00e9 sa reconnaissance jusqu&rsquo;au 31 mars 2034. \u00ab\u00a0Cette reconnaissance confirme que la F\u00e9d\u00e9ration mondiale pour l\u2019\u00e9ducation m\u00e9dicale (WFME) est satisfaite du processus d\u2019agr\u00e9ment, du suivi post-agr\u00e9ment et du processus de prise de d\u00e9cision du CAFMC [&hellip;]<\/p>\n","protected":false},"author":2,"featured_media":0,"parent":0,"menu_order":0,"comment_status":"closed","ping_status":"closed","template":"page-templates\/page-sidebar-none.php","meta":{"_acf_changed":false,"footnotes":""},"class_list":["post-2276","page","type-page","status-publish","hentry"],"acf":[],"yoast_head":"<!-- This site is optimized with the Yoast SEO plugin v26.2 - https:\/\/yoast.com\/wordpress\/plugins\/seo\/ -->\n<title>Le CAFMC reconnu par la F\u00e9d\u00e9ration mondiale pour l&#039;\u00e9ducation m\u00e9dicale (WFME) - CACMS | CAFMC<\/title>\n<meta name=\"robots\" content=\"index, follow, max-snippet:-1, max-image-preview:large, max-video-preview:-1\" \/>\n<link rel=\"canonical\" href=\"https:\/\/cacms-cafmc.ca\/fr\/le-cafmc-reconnu-par-la-federation-mondiale-pour-leducation-medicale-wfme\/\" \/>\n<meta property=\"og:locale\" content=\"fr_FR\" \/>\n<meta property=\"og:type\" content=\"article\" \/>\n<meta property=\"og:title\" content=\"Le CAFMC reconnu par la F\u00e9d\u00e9ration mondiale pour l&#039;\u00e9ducation m\u00e9dicale (WFME) - CACMS | CAFMC\" \/>\n<meta property=\"og:description\" content=\"[vc_row][vc_column][vc_column_text]Nous sommes heureux d&rsquo;annoncer que le CAFMC a satisfait aux exigences de la WFME et que cette derni\u00e8re lui a accord\u00e9 sa reconnaissance jusqu&rsquo;au 31 mars 2034. \u00ab\u00a0Cette reconnaissance confirme que la F\u00e9d\u00e9ration mondiale pour l\u2019\u00e9ducation m\u00e9dicale (WFME) est satisfaite du processus d\u2019agr\u00e9ment, du suivi post-agr\u00e9ment et du processus de prise de d\u00e9cision du CAFMC [&hellip;]\" \/>\n<meta property=\"og:url\" content=\"https:\/\/cacms-cafmc.ca\/fr\/le-cafmc-reconnu-par-la-federation-mondiale-pour-leducation-medicale-wfme\/\" \/>\n<meta property=\"og:site_name\" content=\"CACMS | CAFMC\" \/>\n<meta property=\"article:modified_time\" content=\"2024-04-09T19:00:55+00:00\" \/>\n<meta name=\"twitter:card\" content=\"summary_large_image\" \/>\n<meta name=\"twitter:label1\" content=\"Dur\u00e9e de lecture estim\u00e9e\" \/>\n\t<meta name=\"twitter:data1\" content=\"1 minute\" \/>\n<script type=\"application\/ld+json\" class=\"yoast-schema-graph\">{\"@context\":\"https:\/\/schema.org\",\"@graph\":[{\"@type\":\"WebPage\",\"@id\":\"https:\/\/cacms-cafmc.ca\/fr\/le-cafmc-reconnu-par-la-federation-mondiale-pour-leducation-medicale-wfme\/\",\"url\":\"https:\/\/cacms-cafmc.ca\/fr\/le-cafmc-reconnu-par-la-federation-mondiale-pour-leducation-medicale-wfme\/\",\"name\":\"Le CAFMC reconnu par la F\u00e9d\u00e9ration mondiale pour l'\u00e9ducation m\u00e9dicale (WFME) - CACMS | CAFMC\",\"isPartOf\":{\"@id\":\"https:\/\/cacms-cafmc.ca\/#website\"},\"datePublished\":\"2024-04-09T18:57:41+00:00\",\"dateModified\":\"2024-04-09T19:00:55+00:00\",\"breadcrumb\":{\"@id\":\"https:\/\/cacms-cafmc.ca\/fr\/le-cafmc-reconnu-par-la-federation-mondiale-pour-leducation-medicale-wfme\/#breadcrumb\"},\"inLanguage\":\"fr-FR\",\"potentialAction\":[{\"@type\":\"ReadAction\",\"target\":[\"https:\/\/cacms-cafmc.ca\/fr\/le-cafmc-reconnu-par-la-federation-mondiale-pour-leducation-medicale-wfme\/\"]}]},{\"@type\":\"BreadcrumbList\",\"@id\":\"https:\/\/cacms-cafmc.ca\/fr\/le-cafmc-reconnu-par-la-federation-mondiale-pour-leducation-medicale-wfme\/#breadcrumb\",\"itemListElement\":[{\"@type\":\"ListItem\",\"position\":1,\"name\":\"Home\",\"item\":\"https:\/\/cacms-cafmc.ca\/fr\/\"},{\"@type\":\"ListItem\",\"position\":2,\"name\":\"Le CAFMC reconnu par la F\u00e9d\u00e9ration mondiale pour l&#8217;\u00e9ducation m\u00e9dicale (WFME)\"}]},{\"@type\":\"WebSite\",\"@id\":\"https:\/\/cacms-cafmc.ca\/#website\",\"url\":\"https:\/\/cacms-cafmc.ca\/\",\"name\":\"CACMS | CAFMC\",\"description\":\"\",\"potentialAction\":[{\"@type\":\"SearchAction\",\"target\":{\"@type\":\"EntryPoint\",\"urlTemplate\":\"https:\/\/cacms-cafmc.ca\/?s={search_term_string}\"},\"query-input\":{\"@type\":\"PropertyValueSpecification\",\"valueRequired\":true,\"valueName\":\"search_term_string\"}}],\"inLanguage\":\"fr-FR\"}]}<\/script>\n<!-- \/ Yoast SEO plugin. -->","yoast_head_json":{"title":"Le CAFMC reconnu par la F\u00e9d\u00e9ration mondiale pour l'\u00e9ducation m\u00e9dicale (WFME) - CACMS | CAFMC","robots":{"index":"index","follow":"follow","max-snippet":"max-snippet:-1","max-image-preview":"max-image-preview:large","max-video-preview":"max-video-preview:-1"},"canonical":"https:\/\/cacms-cafmc.ca\/fr\/le-cafmc-reconnu-par-la-federation-mondiale-pour-leducation-medicale-wfme\/","og_locale":"fr_FR","og_type":"article","og_title":"Le CAFMC reconnu par la F\u00e9d\u00e9ration mondiale pour l'\u00e9ducation m\u00e9dicale (WFME) - CACMS | CAFMC","og_description":"[vc_row][vc_column][vc_column_text]Nous sommes heureux d&rsquo;annoncer que le CAFMC a satisfait aux exigences de la WFME et que cette derni\u00e8re lui a accord\u00e9 sa reconnaissance jusqu&rsquo;au 31 mars 2034. \u00ab\u00a0Cette reconnaissance confirme que la F\u00e9d\u00e9ration mondiale pour l\u2019\u00e9ducation m\u00e9dicale (WFME) est satisfaite du processus d\u2019agr\u00e9ment, du suivi post-agr\u00e9ment et du processus de prise de d\u00e9cision du CAFMC [&hellip;]","og_url":"https:\/\/cacms-cafmc.ca\/fr\/le-cafmc-reconnu-par-la-federation-mondiale-pour-leducation-medicale-wfme\/","og_site_name":"CACMS | CAFMC","article_modified_time":"2024-04-09T19:00:55+00:00","twitter_card":"summary_large_image","twitter_misc":{"Dur\u00e9e de lecture estim\u00e9e":"1 minute"},"schema":{"@context":"https:\/\/schema.org","@graph":[{"@type":"WebPage","@id":"https:\/\/cacms-cafmc.ca\/fr\/le-cafmc-reconnu-par-la-federation-mondiale-pour-leducation-medicale-wfme\/","url":"https:\/\/cacms-cafmc.ca\/fr\/le-cafmc-reconnu-par-la-federation-mondiale-pour-leducation-medicale-wfme\/","name":"Le CAFMC reconnu par la F\u00e9d\u00e9ration mondiale pour l'\u00e9ducation m\u00e9dicale (WFME) - CACMS | CAFMC","isPartOf":{"@id":"https:\/\/cacms-cafmc.ca\/#website"},"datePublished":"2024-04-09T18:57:41+00:00","dateModified":"2024-04-09T19:00:55+00:00","breadcrumb":{"@id":"https:\/\/cacms-cafmc.ca\/fr\/le-cafmc-reconnu-par-la-federation-mondiale-pour-leducation-medicale-wfme\/#breadcrumb"},"inLanguage":"fr-FR","potentialAction":[{"@type":"ReadAction","target":["https:\/\/cacms-cafmc.ca\/fr\/le-cafmc-reconnu-par-la-federation-mondiale-pour-leducation-medicale-wfme\/"]}]},{"@type":"BreadcrumbList","@id":"https:\/\/cacms-cafmc.ca\/fr\/le-cafmc-reconnu-par-la-federation-mondiale-pour-leducation-medicale-wfme\/#breadcrumb","itemListElement":[{"@type":"ListItem","position":1,"name":"Home","item":"https:\/\/cacms-cafmc.ca\/fr\/"},{"@type":"ListItem","position":2,"name":"Le CAFMC reconnu par la F\u00e9d\u00e9ration mondiale pour l&#8217;\u00e9ducation m\u00e9dicale (WFME)"}]},{"@type":"WebSite","@id":"https:\/\/cacms-cafmc.ca\/#website","url":"https:\/\/cacms-cafmc.ca\/","name":"CACMS | CAFMC","description":"","potentialAction":[{"@type":"SearchAction","target":{"@type":"EntryPoint","urlTemplate":"https:\/\/cacms-cafmc.ca\/?s={search_term_string}"},"query-input":{"@type":"PropertyValueSpecification","valueRequired":true,"valueName":"search_term_string"}}],"inLanguage":"fr-FR"}]}},"_links":{"self":[{"href":"https:\/\/cacms-cafmc.ca\/fr\/wp-json\/wp\/v2\/pages\/2276","targetHints":{"allow":["GET"]}}],"collection":[{"href":"https:\/\/cacms-cafmc.ca\/fr\/wp-json\/wp\/v2\/pages"}],"about":[{"href":"https:\/\/cacms-cafmc.ca\/fr\/wp-json\/wp\/v2\/types\/page"}],"author":[{"embeddable":true,"href":"https:\/\/cacms-cafmc.ca\/fr\/wp-json\/wp\/v2\/users\/2"}],"replies":[{"embeddable":true,"href":"https:\/\/cacms-cafmc.ca\/fr\/wp-json\/wp\/v2\/comments?post=2276"}],"version-history":[{"count":6,"href":"https:\/\/cacms-cafmc.ca\/fr\/wp-json\/wp\/v2\/pages\/2276\/revisions"}],"predecessor-version":[{"id":2283,"href":"https:\/\/cacms-cafmc.ca\/fr\/wp-json\/wp\/v2\/pages\/2276\/revisions\/2283"}],"wp:attachment":[{"href":"https:\/\/cacms-cafmc.ca\/fr\/wp-json\/wp\/v2\/media?parent=2276"}],"curies":[{"name":"wp","href":"https:\/\/api.w.org\/{rel}","templated":true}]}}