{"id":158,"date":"2022-11-17T15:10:26","date_gmt":"2022-11-17T15:10:26","guid":{"rendered":"https:\/\/cacms-cafmc.ca\/about-cacms\/"},"modified":"2026-02-18T01:53:45","modified_gmt":"2026-02-18T01:53:45","slug":"a-propos-de-cafmc","status":"publish","type":"page","link":"https:\/\/cacms-cafmc.ca\/fr\/a-propos-de-cafmc\/","title":{"rendered":"\u00c0 propos du CAFMC"},"content":{"rendered":"<div class=\"wpb-content-wrapper\"><p>[vc_row][vc_column][vc_column_text css=\u00a0\u00bb\u00a0\u00bb]<\/p>\n<p>Le Comit\u00e9 d\u2019agr\u00e9ment des facult\u00e9s de m\u00e9decine du Canada (CAFMC) a \u00e9t\u00e9 fond\u00e9 en 1979 par l\u2019Association des facult\u00e9s de m\u00e9decine du Canada (AFMC), anciennement appel\u00e9e en anglais Association of Canadian Medical Colleges (ACMC), et l\u2019Association m\u00e9dicale canadienne (AMC) pour agir comme autorit\u00e9 digne de confiance en mati\u00e8re d\u2019agr\u00e9ment des programmes d\u2019\u00e9ducation m\u00e9dicale menant au dipl\u00f4me en m\u00e9decine (MD) au Canada. Les programmes canadiens d\u2019\u00e9ducation m\u00e9dicale \u00e9taient agr\u00e9\u00e9s par le Liaison Committee on Medical Education (LCME) depuis 1942. De 1979 \u00e0 aujourd\u2019hui, les facult\u00e9s canadiennes \u00e9taient agr\u00e9\u00e9es par le CAFMC et le LCME dans le cadre d\u2019un processus conjoint. En 2013, les instances de parrainage du CAFMC (l\u2019AFMC et l\u2019AMC) et du LCME (l\u2019Association of American Medical Colleges et l&rsquo;American Medical Association) ont sign\u00e9 un protocole d\u2019entente pour codifier davantage la relation entre le CAFMC et le LCME. Cette entente conf\u00e8re au CAFMC une ind\u00e9pendance accrue en mati\u00e8re de prise de d\u00e9cision, d\u2019\u00e9tablissement de normes et de modification du processus d\u2019agr\u00e9ment pour l\u2019aider \u00e0 harmoniser les programmes de formation canadiens \u00e0 leurs obligations en mati\u00e8re de responsabilit\u00e9 sociale. Ce protocole d\u2019entente a pris fin en septembre 2021. Il a \u00e9t\u00e9 d\u00e9cider de mettre en oeuvre des processus distincts \u00e0 l\u2019avenir, dans le cadre desquels le CAFMC assume seul la responsabilit\u00e9 de l\u2019agr\u00e9ment des programmes canadiens d\u2019\u00e9ducation m\u00e9dicale alors que le LCME continue d\u2019agr\u00e9er les programmes d\u2019\u00e9ducation m\u00e9dicale aux \u00c9tats-Unis.<\/p>\n<h3>Port\u00e9e de la responsabilit\u00e9 du CAFMC<\/h3>\n<p>Le CAFMC conf\u00e8re l\u2019\u00e9tat d\u2019agr\u00e9ment aux facult\u00e9s de m\u00e9decine compl\u00e8tes et ind\u00e9pendantes dont les \u00e9tudiants r\u00e9sident au Canada pour leurs \u00e9tudes, et qui appartiennent \u00e0 des universit\u00e9s constitu\u00e9es et exploit\u00e9es au Canada.<\/p>\n<p>[\/vc_column_text][\/vc_column][\/vc_row]<\/p>\n<\/div>","protected":false},"excerpt":{"rendered":"<p>[vc_row][vc_column][vc_column_text css=\u00a0\u00bb\u00a0\u00bb] Le Comit\u00e9 d\u2019agr\u00e9ment des facult\u00e9s de m\u00e9decine du Canada (CAFMC) a \u00e9t\u00e9 fond\u00e9 en 1979 par l\u2019Association des facult\u00e9s de m\u00e9decine du Canada (AFMC), anciennement appel\u00e9e en anglais Association of Canadian Medical Colleges (ACMC), et l\u2019Association m\u00e9dicale canadienne (AMC) pour agir comme autorit\u00e9 digne de confiance en mati\u00e8re d\u2019agr\u00e9ment des programmes d\u2019\u00e9ducation m\u00e9dicale [&hellip;]<\/p>\n","protected":false},"author":7,"featured_media":0,"parent":0,"menu_order":0,"comment_status":"closed","ping_status":"closed","template":"page-templates\/page-subpage.php","meta":{"_acf_changed":false,"footnotes":""},"class_list":["post-158","page","type-page","status-publish","hentry"],"acf":[],"yoast_head":"<!-- This site is optimized with the Yoast SEO plugin v26.2 - https:\/\/yoast.com\/wordpress\/plugins\/seo\/ -->\n<title>\u00c0 propos du CAFMC - CACMS | CAFMC<\/title>\n<meta name=\"robots\" content=\"index, follow, max-snippet:-1, max-image-preview:large, max-video-preview:-1\" \/>\n<link rel=\"canonical\" href=\"https:\/\/cacms-cafmc.ca\/fr\/a-propos-de-cafmc\/\" \/>\n<meta property=\"og:locale\" content=\"fr_FR\" \/>\n<meta property=\"og:type\" content=\"article\" \/>\n<meta property=\"og:title\" content=\"\u00c0 propos du CAFMC - CACMS | CAFMC\" \/>\n<meta property=\"og:description\" content=\"[vc_row][vc_column][vc_column_text css=\u00a0\u00bb\u00a0\u00bb] Le Comit\u00e9 d\u2019agr\u00e9ment des facult\u00e9s de m\u00e9decine du Canada (CAFMC) a \u00e9t\u00e9 fond\u00e9 en 1979 par l\u2019Association des facult\u00e9s de m\u00e9decine du Canada (AFMC), anciennement appel\u00e9e en anglais Association of Canadian Medical Colleges (ACMC), et l\u2019Association m\u00e9dicale canadienne (AMC) pour agir comme autorit\u00e9 digne de confiance en mati\u00e8re d\u2019agr\u00e9ment des programmes d\u2019\u00e9ducation m\u00e9dicale [&hellip;]\" \/>\n<meta property=\"og:url\" content=\"https:\/\/cacms-cafmc.ca\/fr\/a-propos-de-cafmc\/\" \/>\n<meta property=\"og:site_name\" content=\"CACMS | CAFMC\" \/>\n<meta property=\"article:modified_time\" content=\"2026-02-18T01:53:45+00:00\" \/>\n<meta name=\"twitter:card\" content=\"summary_large_image\" \/>\n<meta name=\"twitter:label1\" content=\"Dur\u00e9e de lecture estim\u00e9e\" \/>\n\t<meta name=\"twitter:data1\" content=\"2 minutes\" \/>\n<script type=\"application\/ld+json\" class=\"yoast-schema-graph\">{\"@context\":\"https:\/\/schema.org\",\"@graph\":[{\"@type\":\"WebPage\",\"@id\":\"https:\/\/cacms-cafmc.ca\/fr\/a-propos-de-cafmc\/\",\"url\":\"https:\/\/cacms-cafmc.ca\/fr\/a-propos-de-cafmc\/\",\"name\":\"\u00c0 propos du CAFMC - CACMS | CAFMC\",\"isPartOf\":{\"@id\":\"https:\/\/cacms-cafmc.ca\/#website\"},\"datePublished\":\"2022-11-17T15:10:26+00:00\",\"dateModified\":\"2026-02-18T01:53:45+00:00\",\"breadcrumb\":{\"@id\":\"https:\/\/cacms-cafmc.ca\/fr\/a-propos-de-cafmc\/#breadcrumb\"},\"inLanguage\":\"fr-FR\",\"potentialAction\":[{\"@type\":\"ReadAction\",\"target\":[\"https:\/\/cacms-cafmc.ca\/fr\/a-propos-de-cafmc\/\"]}]},{\"@type\":\"BreadcrumbList\",\"@id\":\"https:\/\/cacms-cafmc.ca\/fr\/a-propos-de-cafmc\/#breadcrumb\",\"itemListElement\":[{\"@type\":\"ListItem\",\"position\":1,\"name\":\"Home\",\"item\":\"https:\/\/cacms-cafmc.ca\/fr\/\"},{\"@type\":\"ListItem\",\"position\":2,\"name\":\"\u00c0 propos du CAFMC\"}]},{\"@type\":\"WebSite\",\"@id\":\"https:\/\/cacms-cafmc.ca\/#website\",\"url\":\"https:\/\/cacms-cafmc.ca\/\",\"name\":\"CACMS | CAFMC\",\"description\":\"\",\"potentialAction\":[{\"@type\":\"SearchAction\",\"target\":{\"@type\":\"EntryPoint\",\"urlTemplate\":\"https:\/\/cacms-cafmc.ca\/?s={search_term_string}\"},\"query-input\":{\"@type\":\"PropertyValueSpecification\",\"valueRequired\":true,\"valueName\":\"search_term_string\"}}],\"inLanguage\":\"fr-FR\"}]}<\/script>\n<!-- \/ Yoast SEO plugin. -->","yoast_head_json":{"title":"\u00c0 propos du CAFMC - CACMS | CAFMC","robots":{"index":"index","follow":"follow","max-snippet":"max-snippet:-1","max-image-preview":"max-image-preview:large","max-video-preview":"max-video-preview:-1"},"canonical":"https:\/\/cacms-cafmc.ca\/fr\/a-propos-de-cafmc\/","og_locale":"fr_FR","og_type":"article","og_title":"\u00c0 propos du CAFMC - CACMS | CAFMC","og_description":"[vc_row][vc_column][vc_column_text css=\u00a0\u00bb\u00a0\u00bb] Le Comit\u00e9 d\u2019agr\u00e9ment des facult\u00e9s de m\u00e9decine du Canada (CAFMC) a \u00e9t\u00e9 fond\u00e9 en 1979 par l\u2019Association des facult\u00e9s de m\u00e9decine du Canada (AFMC), anciennement appel\u00e9e en anglais Association of Canadian Medical Colleges (ACMC), et l\u2019Association m\u00e9dicale canadienne (AMC) pour agir comme autorit\u00e9 digne de confiance en mati\u00e8re d\u2019agr\u00e9ment des programmes d\u2019\u00e9ducation m\u00e9dicale [&hellip;]","og_url":"https:\/\/cacms-cafmc.ca\/fr\/a-propos-de-cafmc\/","og_site_name":"CACMS | CAFMC","article_modified_time":"2026-02-18T01:53:45+00:00","twitter_card":"summary_large_image","twitter_misc":{"Dur\u00e9e de lecture estim\u00e9e":"2 minutes"},"schema":{"@context":"https:\/\/schema.org","@graph":[{"@type":"WebPage","@id":"https:\/\/cacms-cafmc.ca\/fr\/a-propos-de-cafmc\/","url":"https:\/\/cacms-cafmc.ca\/fr\/a-propos-de-cafmc\/","name":"\u00c0 propos du CAFMC - CACMS | CAFMC","isPartOf":{"@id":"https:\/\/cacms-cafmc.ca\/#website"},"datePublished":"2022-11-17T15:10:26+00:00","dateModified":"2026-02-18T01:53:45+00:00","breadcrumb":{"@id":"https:\/\/cacms-cafmc.ca\/fr\/a-propos-de-cafmc\/#breadcrumb"},"inLanguage":"fr-FR","potentialAction":[{"@type":"ReadAction","target":["https:\/\/cacms-cafmc.ca\/fr\/a-propos-de-cafmc\/"]}]},{"@type":"BreadcrumbList","@id":"https:\/\/cacms-cafmc.ca\/fr\/a-propos-de-cafmc\/#breadcrumb","itemListElement":[{"@type":"ListItem","position":1,"name":"Home","item":"https:\/\/cacms-cafmc.ca\/fr\/"},{"@type":"ListItem","position":2,"name":"\u00c0 propos du CAFMC"}]},{"@type":"WebSite","@id":"https:\/\/cacms-cafmc.ca\/#website","url":"https:\/\/cacms-cafmc.ca\/","name":"CACMS | CAFMC","description":"","potentialAction":[{"@type":"SearchAction","target":{"@type":"EntryPoint","urlTemplate":"https:\/\/cacms-cafmc.ca\/?s={search_term_string}"},"query-input":{"@type":"PropertyValueSpecification","valueRequired":true,"valueName":"search_term_string"}}],"inLanguage":"fr-FR"}]}},"_links":{"self":[{"href":"https:\/\/cacms-cafmc.ca\/fr\/wp-json\/wp\/v2\/pages\/158","targetHints":{"allow":["GET"]}}],"collection":[{"href":"https:\/\/cacms-cafmc.ca\/fr\/wp-json\/wp\/v2\/pages"}],"about":[{"href":"https:\/\/cacms-cafmc.ca\/fr\/wp-json\/wp\/v2\/types\/page"}],"author":[{"embeddable":true,"href":"https:\/\/cacms-cafmc.ca\/fr\/wp-json\/wp\/v2\/users\/7"}],"replies":[{"embeddable":true,"href":"https:\/\/cacms-cafmc.ca\/fr\/wp-json\/wp\/v2\/comments?post=158"}],"version-history":[{"count":10,"href":"https:\/\/cacms-cafmc.ca\/fr\/wp-json\/wp\/v2\/pages\/158\/revisions"}],"predecessor-version":[{"id":3068,"href":"https:\/\/cacms-cafmc.ca\/fr\/wp-json\/wp\/v2\/pages\/158\/revisions\/3068"}],"wp:attachment":[{"href":"https:\/\/cacms-cafmc.ca\/fr\/wp-json\/wp\/v2\/media?parent=158"}],"curies":[{"name":"wp","href":"https:\/\/api.w.org\/{rel}","templated":true}]}}